{"id":997,"date":"2024-01-17T16:48:38","date_gmt":"2024-01-17T19:48:38","guid":{"rendered":"https:\/\/livrariamaveshop.com.br\/?post_type=product&#038;p=997"},"modified":"2024-01-24T13:55:12","modified_gmt":"2024-01-24T16:55:12","slug":"a-recompensa-da-honra","status":"publish","type":"product","link":"https:\/\/livrariamaveshop.com.br\/?product=a-recompensa-da-honra","title":{"rendered":"A Recompensa da Honra"},"content":{"rendered":"<p style=\"font-weight: 400;\">A RECOMPENSA DA HONRA, o autor de best-sellers John Bevere revela o poder e a verdade de um princ\u00edpio geralmente negligenciado \u2013 a lei espiritual da honra. Se compreender o papel vital desta virtude, voc\u00ea atrair\u00e1 b\u00ean\u00e7\u00e3os sobre sua vida hoje e tamb\u00e9m para a eternidade.<\/p>\n<p style=\"font-weight: 400;\">Com seu estilo peculiar, John Bevere mergulha fundo nas Escrituras para demonstrar que a maneira como valorizamos, respeitamos e tratamos as pessoas determina a nossa recompensa. Ele inicia com a promessa de Deus: \u201cHonrarei aqueles que me honram\u201d. Este livro lhe ensinar\u00e1 como honrar o seu Criador, os membros de sua fam\u00edlia, as autoridades, e aqueles que fazem parte do seu mundo.<\/p>\n<p style=\"font-weight: 400;\">John Bevere entrela\u00e7a exemplos b\u00edblicos e hist\u00f3rias pessoais para demonstrar os tr\u00eas n\u00edveis de Recompensa da Honra:<\/p>\n<ul style=\"font-weight: 400;\">\n<li>O pleno galard\u00e3o para aqueles que valorizam e respeitam as pessoas.<\/li>\n<li>Uma recompensa parcial para aqueles que s\u00e3o seletivos na sua maneira de demonstrar aprecia\u00e7\u00e3o pelas pessoas.<\/li>\n<li>Nenhuma recompensa para aqueles que tratam Deus e a Sua cria\u00e7\u00e3o com indiferen\u00e7a.<\/li>\n<\/ul>\n<p style=\"font-weight: 400;\">John demonstra como a cultura popular luta contra a pr\u00e1tica de honrar pais, l\u00edderes e filhos, e tamb\u00e9m como a sociedade resiste \u00e0 autoridade, revelando as conseq\u00fc\u00eancias dessa desobedi\u00eancia.<\/p>\n<p style=\"font-weight: 400;\"><b>Este livro impressionante revela o segredo de recebermos mais das b\u00ean\u00e7\u00e3os de Deus atrav\u00e9s da honra&#8230; E ao faz\u00ea-lo, ele revoluciona a sua f\u00e9.<\/b><\/p>\n","protected":false},"excerpt":{"rendered":"<p>A RECOMPENSA DA HONRA, o autor de best-sellers John Bevere revela o poder e a verdade de um princ\u00edpio geralmente negligenciado \u2013 a lei espiritual da honra. Se compreender o papel vital desta virtude, voc\u00ea atrair\u00e1 b\u00ean\u00e7\u00e3os sobre sua vida hoje e tamb\u00e9m para a eternidade. Com seu estilo peculiar, John Bevere mergulha fundo nas [&hellip;]<\/p>\n","protected":false},"featured_media":998,"comment_status":"closed","ping_status":"closed","template":"","meta":{"_joinchat":[]},"pwb-brand":[57],"product_cat":[131],"product_tag":[],"class_list":{"0":"post-997","1":"product","2":"type-product","3":"status-publish","4":"has-post-thumbnail","6":"pwb-brand-john-bevere","7":"product_cat-honra","8":"product_shipping_class-geral","10":"first","11":"instock","12":"taxable","13":"shipping-taxable","14":"purchasable","15":"product-type-simple"},"brands":[{"id":57,"name":"JOHN BEVERE","slug":"john-bevere"}],"_links":{"self":[{"href":"https:\/\/livrariamaveshop.com.br\/index.php?rest_route=\/wp\/v2\/product\/997","targetHints":{"allow":["GET"]}}],"collection":[{"href":"https:\/\/livrariamaveshop.com.br\/index.php?rest_route=\/wp\/v2\/product"}],"about":[{"href":"https:\/\/livrariamaveshop.com.br\/index.php?rest_route=\/wp\/v2\/types\/product"}],"replies":[{"embeddable":true,"href":"https:\/\/livrariamaveshop.com.br\/index.php?rest_route=%2Fwp%2Fv2%2Fcomments&post=997"}],"wp:featuredmedia":[{"embeddable":true,"href":"https:\/\/livrariamaveshop.com.br\/index.php?rest_route=\/wp\/v2\/media\/998"}],"wp:attachment":[{"href":"https:\/\/livrariamaveshop.com.br\/index.php?rest_route=%2Fwp%2Fv2%2Fmedia&parent=997"}],"wp:term":[{"taxonomy":"pwb-brand","embeddable":true,"href":"https:\/\/livrariamaveshop.com.br\/index.php?rest_route=%2Fwp%2Fv2%2Fpwb-brand&post=997"},{"taxonomy":"product_cat","embeddable":true,"href":"https:\/\/livrariamaveshop.com.br\/index.php?rest_route=%2Fwp%2Fv2%2Fproduct_cat&post=997"},{"taxonomy":"product_tag","embeddable":true,"href":"https:\/\/livrariamaveshop.com.br\/index.php?rest_route=%2Fwp%2Fv2%2Fproduct_tag&post=997"}],"curies":[{"name":"wp","href":"https:\/\/api.w.org\/{rel}","templated":true}]}}