{"id":989,"date":"2024-01-17T16:27:25","date_gmt":"2024-01-17T19:27:25","guid":{"rendered":"https:\/\/livrariamaveshop.com.br\/?post_type=product&#038;p=989"},"modified":"2024-01-24T13:59:17","modified_gmt":"2024-01-24T16:59:17","slug":"a-presenca","status":"publish","type":"product","link":"https:\/\/livrariamaveshop.com.br\/?product=a-presenca","title":{"rendered":"A Presen\u00e7a"},"content":{"rendered":"<p>o pastor\u00a0<strong>Bill Johnson<\/strong>\u00a0vai abordar como \u00e9 poss\u00edvel fazermos de nossas vidas uma habita\u00e7\u00e3o que hospeda Deus continuamente, baseado em homens de f\u00e9 mostrados na B\u00edblia.<\/p>\n<p>&nbsp;<\/p>\n<p>Sabemos que o Esp\u00edrito Santo foi derramado sobre toda carne e que temos livre acesso, mas existe um diferencial que pode nos fazer transbord\u00e1-lo para o mundo.<\/p>\n<p>&nbsp;<\/p>\n<p>Mergulhe nas p\u00e1ginas deste livro e, atrav\u00e9s do exemplo das hist\u00f3rias e da vida cheia de Deus que alguns profetas e reis do antigo testamento tiveram, saiba como deve ser uma pessoa que faz Deus querer estar sempre com ela. Saiba ainda:<\/p>\n<p>&#8211; Como prestar aten\u00e7\u00e3o no Esp\u00edrito Santo e responder a Ele;<\/p>\n<p>&nbsp;<\/p>\n<p>&#8211; Como o Esp\u00edrito Santo se manifesta;<\/p>\n<p>&nbsp;<\/p>\n<p>&#8211; Figuras b\u00edblicas que eram sedentas por mais do Esp\u00edrito de Deus e aprenderam a hosped\u00e1-lo;<\/p>\n<p>&nbsp;<\/p>\n<p>&#8211; Hist\u00f3rias de avivalistas cheios do Esp\u00edrito e encontros pessoais com a Sua presen\u00e7a.<\/p>\n<p>Segundo\u00a0<strong>Bill Johnson<\/strong>, qualquer pessoa \u00e9 capaz de ser pe\u00e7a ativa do Reino dos C\u00e9us e liberar o poder de Deus aqui, na Terra, trazendo a transforma\u00e7\u00e3o que somente Cristo \u00e9 capaz de fornecer com seu infinito poder e amor por n\u00f3s.<\/p>\n","protected":false},"excerpt":{"rendered":"<p>o pastor\u00a0Bill Johnson\u00a0vai abordar como \u00e9 poss\u00edvel fazermos de nossas vidas uma habita\u00e7\u00e3o que hospeda Deus continuamente, baseado em homens de f\u00e9 mostrados na B\u00edblia. &nbsp; Sabemos que o Esp\u00edrito Santo foi derramado sobre toda carne e que temos livre acesso, mas existe um diferencial que pode nos fazer transbord\u00e1-lo para o mundo. &nbsp; Mergulhe [&hellip;]<\/p>\n","protected":false},"featured_media":991,"comment_status":"closed","ping_status":"closed","template":"","meta":{"_joinchat":[]},"pwb-brand":[78],"product_cat":[66],"product_tag":[],"class_list":{"0":"post-989","1":"product","2":"type-product","3":"status-publish","4":"has-post-thumbnail","6":"pwb-brand-bill-johnson","7":"product_cat-espirito-santo","8":"product_shipping_class-geral","10":"first","11":"instock","12":"taxable","13":"shipping-taxable","14":"purchasable","15":"product-type-simple"},"brands":[{"id":78,"name":"BILL JOHNSON","slug":"bill-johnson"}],"_links":{"self":[{"href":"https:\/\/livrariamaveshop.com.br\/index.php?rest_route=\/wp\/v2\/product\/989","targetHints":{"allow":["GET"]}}],"collection":[{"href":"https:\/\/livrariamaveshop.com.br\/index.php?rest_route=\/wp\/v2\/product"}],"about":[{"href":"https:\/\/livrariamaveshop.com.br\/index.php?rest_route=\/wp\/v2\/types\/product"}],"replies":[{"embeddable":true,"href":"https:\/\/livrariamaveshop.com.br\/index.php?rest_route=%2Fwp%2Fv2%2Fcomments&post=989"}],"wp:featuredmedia":[{"embeddable":true,"href":"https:\/\/livrariamaveshop.com.br\/index.php?rest_route=\/wp\/v2\/media\/991"}],"wp:attachment":[{"href":"https:\/\/livrariamaveshop.com.br\/index.php?rest_route=%2Fwp%2Fv2%2Fmedia&parent=989"}],"wp:term":[{"taxonomy":"pwb-brand","embeddable":true,"href":"https:\/\/livrariamaveshop.com.br\/index.php?rest_route=%2Fwp%2Fv2%2Fpwb-brand&post=989"},{"taxonomy":"product_cat","embeddable":true,"href":"https:\/\/livrariamaveshop.com.br\/index.php?rest_route=%2Fwp%2Fv2%2Fproduct_cat&post=989"},{"taxonomy":"product_tag","embeddable":true,"href":"https:\/\/livrariamaveshop.com.br\/index.php?rest_route=%2Fwp%2Fv2%2Fproduct_tag&post=989"}],"curies":[{"name":"wp","href":"https:\/\/api.w.org\/{rel}","templated":true}]}}