{"id":987,"date":"2024-01-17T16:22:52","date_gmt":"2024-01-17T19:22:52","guid":{"rendered":"https:\/\/livrariamaveshop.com.br\/?post_type=product&#038;p=987"},"modified":"2024-01-26T13:43:56","modified_gmt":"2024-01-26T16:43:56","slug":"o-nome-de-jesus","status":"publish","type":"product","link":"https:\/\/livrariamaveshop.com.br\/?product=o-nome-de-jesus","title":{"rendered":"O Nome de Jesus"},"content":{"rendered":"<p><i>\u201cO Nome de Jesus\u201d <\/i>do autor Kenneth E. Hagin, \u00e9 uma obra cl\u00e1ssica da literatura crist\u00e3o mundial, que aborda com clareza a respeito do nome mais importante que voc\u00ea pode ouvir: O Nome de Jesus. \u00c9 conhecido em todo lugar. Alguns O reverenciam, outros O utilizam como juramento. Ele d\u00e1 aos crist\u00e3os a sua identidade. A B\u00edblia nos diz que todo o C\u00e9u, Terra e Inferno respondem ao Nome de Jesus.<\/p>\n<p>&nbsp;<\/p>\n<p><em>O que distingue esse Nome de todos os outros?<\/em> Neste livro voc\u00ea encontra a resposta para essa pergunta, convencendo por meio de detalhes. A procura por esse livro tem sido t\u00e3o extraordin\u00e1ria que agora est\u00e1 de volta, depois de mais de 15 anos de sua \u00faltima impress\u00e3o, com um material expandido sobre esse assunto vital.<\/p>\n<p>&nbsp;<\/p>\n<p>Quer voc\u00ea seja crist\u00e3o ou n\u00e3o, quer voc\u00ea sabia muita coisa acerca do Nome de Jesus ou apenas um pouco &#8211; O Nome de Jesus Edi\u00e7\u00e3o Legado lhe dar\u00e1 uma percep\u00e7\u00e3o cr\u00edtica do poder que Deus investiu nesse Nome. \u00a0Descubra um dos maiores tesouros que Deus deu aos crist\u00e3os: <em>o Nome de Jesus.<\/em><\/p>\n","protected":false},"excerpt":{"rendered":"<p>\u201cO Nome de Jesus\u201d do autor Kenneth E. Hagin, \u00e9 uma obra cl\u00e1ssica da literatura crist\u00e3o mundial, que aborda com clareza a respeito do nome mais importante que voc\u00ea pode ouvir: O Nome de Jesus. \u00c9 conhecido em todo lugar. Alguns O reverenciam, outros O utilizam como juramento. Ele d\u00e1 aos crist\u00e3os a sua identidade. [&hellip;]<\/p>\n","protected":false},"featured_media":1524,"comment_status":"closed","ping_status":"closed","template":"","meta":{"_joinchat":[]},"pwb-brand":[43],"product_cat":[40],"product_tag":[],"class_list":{"0":"post-987","1":"product","2":"type-product","3":"status-publish","4":"has-post-thumbnail","6":"pwb-brand-kenneth-e-hagin","7":"product_cat-fe","8":"product_shipping_class-geral","10":"first","11":"instock","12":"taxable","13":"shipping-taxable","14":"purchasable","15":"product-type-simple"},"brands":[{"id":43,"name":"KENNETH E. HAGIN","slug":"kenneth-e-hagin"}],"_links":{"self":[{"href":"https:\/\/livrariamaveshop.com.br\/index.php?rest_route=\/wp\/v2\/product\/987","targetHints":{"allow":["GET"]}}],"collection":[{"href":"https:\/\/livrariamaveshop.com.br\/index.php?rest_route=\/wp\/v2\/product"}],"about":[{"href":"https:\/\/livrariamaveshop.com.br\/index.php?rest_route=\/wp\/v2\/types\/product"}],"replies":[{"embeddable":true,"href":"https:\/\/livrariamaveshop.com.br\/index.php?rest_route=%2Fwp%2Fv2%2Fcomments&post=987"}],"wp:featuredmedia":[{"embeddable":true,"href":"https:\/\/livrariamaveshop.com.br\/index.php?rest_route=\/wp\/v2\/media\/1524"}],"wp:attachment":[{"href":"https:\/\/livrariamaveshop.com.br\/index.php?rest_route=%2Fwp%2Fv2%2Fmedia&parent=987"}],"wp:term":[{"taxonomy":"pwb-brand","embeddable":true,"href":"https:\/\/livrariamaveshop.com.br\/index.php?rest_route=%2Fwp%2Fv2%2Fpwb-brand&post=987"},{"taxonomy":"product_cat","embeddable":true,"href":"https:\/\/livrariamaveshop.com.br\/index.php?rest_route=%2Fwp%2Fv2%2Fproduct_cat&post=987"},{"taxonomy":"product_tag","embeddable":true,"href":"https:\/\/livrariamaveshop.com.br\/index.php?rest_route=%2Fwp%2Fv2%2Fproduct_tag&post=987"}],"curies":[{"name":"wp","href":"https:\/\/api.w.org\/{rel}","templated":true}]}}