{"id":984,"date":"2024-01-17T16:17:02","date_gmt":"2024-01-17T19:17:02","guid":{"rendered":"https:\/\/livrariamaveshop.com.br\/?post_type=product&#038;p=984"},"modified":"2024-01-17T16:17:02","modified_gmt":"2024-01-17T19:17:02","slug":"o-espirito-santo-e-voce","status":"publish","type":"product","link":"https:\/\/livrariamaveshop.com.br\/?product=o-espirito-santo-e-voce","title":{"rendered":"O Esp\u00edrito Santo e Voc\u00ea"},"content":{"rendered":"<p dir=\"ltr\">\u201cO Esp\u00edrito Santo e Voc\u00ea!\u201d do autor Rick Renner, \u00e9 uma obra que aborda o Esp\u00edrito Santo em si, e o Seu relacionamento com voc\u00ea. Este livro traz a chave para os mist\u00e9rios de Deus, o poder de Deus, a revela\u00e7\u00e3o da Palavra e a comunh\u00e3o do Esp\u00edrito Santo. Se o seu relacionamento e comunh\u00e3o com o Esp\u00edrito Santo n\u00e3o vai bem, nada vai bem em sua vida.<\/p>\n<p dir=\"ltr\">Rick Renner resgata a import\u00e2ncia de que n\u00e3o existe substituto para a obra sobrenatural do Esp\u00edrito Santo na Igreja, e que se a presen\u00e7a e o poder do Esp\u00edrito Santo forem removidos, tudo o que resta s\u00e3o ortodoxia e obras religiosas. A religi\u00e3o nunca ressuscitar\u00e1 os mortos, nunca expulsar\u00e1 dem\u00f4nios, nunca curar\u00e1 os enfermos, nem far\u00e1 cidades e na\u00e7\u00f5es se voltarem para Jesus Cristo. \u00c9 o Esp\u00edrito Santo e voc\u00ea, trabalhando juntos como uma dupla din\u00e2mica do c\u00e9u, que te dar\u00e1 a chave para voc\u00ea experimentar mais de Deus e isso refletir ou ser exalado na vida das pessoas.<\/p>\n","protected":false},"excerpt":{"rendered":"<p>\u201cO Esp\u00edrito Santo e Voc\u00ea!\u201d do autor Rick Renner, \u00e9 uma obra que aborda o Esp\u00edrito Santo em si, e o Seu relacionamento com voc\u00ea. Este livro traz a chave para os mist\u00e9rios de Deus, o poder de Deus, a revela\u00e7\u00e3o da Palavra e a comunh\u00e3o do Esp\u00edrito Santo. Se o seu relacionamento e comunh\u00e3o [&hellip;]<\/p>\n","protected":false},"featured_media":986,"comment_status":"closed","ping_status":"closed","template":"","meta":{"_joinchat":[]},"pwb-brand":[46],"product_cat":[66],"product_tag":[],"class_list":{"0":"post-984","1":"product","2":"type-product","3":"status-publish","4":"has-post-thumbnail","6":"pwb-brand-rick-renner","7":"product_cat-espirito-santo","8":"product_shipping_class-geral","10":"first","11":"instock","12":"taxable","13":"shipping-taxable","14":"purchasable","15":"product-type-simple"},"brands":[{"id":46,"name":"RICK RENNER","slug":"rick-renner"}],"_links":{"self":[{"href":"https:\/\/livrariamaveshop.com.br\/index.php?rest_route=\/wp\/v2\/product\/984","targetHints":{"allow":["GET"]}}],"collection":[{"href":"https:\/\/livrariamaveshop.com.br\/index.php?rest_route=\/wp\/v2\/product"}],"about":[{"href":"https:\/\/livrariamaveshop.com.br\/index.php?rest_route=\/wp\/v2\/types\/product"}],"replies":[{"embeddable":true,"href":"https:\/\/livrariamaveshop.com.br\/index.php?rest_route=%2Fwp%2Fv2%2Fcomments&post=984"}],"wp:featuredmedia":[{"embeddable":true,"href":"https:\/\/livrariamaveshop.com.br\/index.php?rest_route=\/wp\/v2\/media\/986"}],"wp:attachment":[{"href":"https:\/\/livrariamaveshop.com.br\/index.php?rest_route=%2Fwp%2Fv2%2Fmedia&parent=984"}],"wp:term":[{"taxonomy":"pwb-brand","embeddable":true,"href":"https:\/\/livrariamaveshop.com.br\/index.php?rest_route=%2Fwp%2Fv2%2Fpwb-brand&post=984"},{"taxonomy":"product_cat","embeddable":true,"href":"https:\/\/livrariamaveshop.com.br\/index.php?rest_route=%2Fwp%2Fv2%2Fproduct_cat&post=984"},{"taxonomy":"product_tag","embeddable":true,"href":"https:\/\/livrariamaveshop.com.br\/index.php?rest_route=%2Fwp%2Fv2%2Fproduct_tag&post=984"}],"curies":[{"name":"wp","href":"https:\/\/api.w.org\/{rel}","templated":true}]}}