{"id":975,"date":"2024-01-17T15:56:17","date_gmt":"2024-01-17T18:56:17","guid":{"rendered":"https:\/\/livrariamaveshop.com.br\/?post_type=product&#038;p=975"},"modified":"2024-01-17T15:56:17","modified_gmt":"2024-01-17T18:56:17","slug":"o-espirito-dentro-de-nos-e-o-espirito-sobre-nos","status":"publish","type":"product","link":"https:\/\/livrariamaveshop.com.br\/?product=o-espirito-dentro-de-nos-e-o-espirito-sobre-nos","title":{"rendered":"O Esp\u00edrito Dentro de N\u00f3s e o Esp\u00edrito Sobre N\u00f3s"},"content":{"rendered":"<p style=\"font-weight: 400;\"><i>\u201cO Esp\u00edrito dentro de n\u00f3s e o Esp\u00edrito sobre n\u00f3s\u201d <\/i>do autor Kenneth E. Hagin, \u00e9 uma obra que aborda a dupla obra do Esp\u00edrito Santo no crist\u00e3o. O Rev. Hagin mostra, de forma muito clara, que a obra do Esp\u00edrito Santo na vida de algu\u00e9m n\u00e3o acaba quando ela \u00e9 batizada em Cristo, ou seja, nasce de novo. Outra experi\u00eancia aguarda o crist\u00e3o. Ela ir\u00e1 traz\u00ea-lo a uma dimens\u00e3o espiritual mais profunda. Essa experi\u00eancia \u00e9 o batismo com o Esp\u00edrito Santo.<\/p>\n<p style=\"font-weight: 400;\">\n<p style=\"font-weight: 400;\">Neste livro, voc\u00ea entender\u00e1 que o Novo Nascimento e o batismo no Esp\u00edrito Santo s\u00e3o duas obras, do Esp\u00edrito Santo, distintas entre si. Ele tamb\u00e9m nos explica o prop\u00f3sito dessa dupla obra. A obra do Esp\u00edrito no interior do crist\u00e3o, depois que ele nasce de novo, \u00e9 para o desenvolvimento de seu car\u00e1ter, e a obra do Esp\u00edrito sobre o crist\u00e3o, ap\u00f3s o batismo no Esp\u00edrito Santo, \u00e9 para capacit\u00e1-lo para o servi\u00e7o.<\/p>\n<p style=\"font-weight: 400;\">\n<p style=\"font-weight: 400;\">O Rev. Hagin tamb\u00e9m aborda neste livro: a dupla obra do Esp\u00edrito Santo; crescendo para a perfei\u00e7\u00e3o; uma dimens\u00e3o mais profunda; o lugar da habita\u00e7\u00e3o do Esp\u00edrito; e a import\u00e2ncia do andar em amor.<\/p>\n","protected":false},"excerpt":{"rendered":"<p>\u201cO Esp\u00edrito dentro de n\u00f3s e o Esp\u00edrito sobre n\u00f3s\u201d do autor Kenneth E. Hagin, \u00e9 uma obra que aborda a dupla obra do Esp\u00edrito Santo no crist\u00e3o. O Rev. Hagin mostra, de forma muito clara, que a obra do Esp\u00edrito Santo na vida de algu\u00e9m n\u00e3o acaba quando ela \u00e9 batizada em Cristo, ou [&hellip;]<\/p>\n","protected":false},"featured_media":976,"comment_status":"closed","ping_status":"closed","template":"","meta":{"_joinchat":[]},"pwb-brand":[43],"product_cat":[66],"product_tag":[],"class_list":{"0":"post-975","1":"product","2":"type-product","3":"status-publish","4":"has-post-thumbnail","6":"pwb-brand-kenneth-e-hagin","7":"product_cat-espirito-santo","8":"product_shipping_class-geral","10":"first","11":"instock","12":"taxable","13":"shipping-taxable","14":"purchasable","15":"product-type-simple"},"brands":[{"id":43,"name":"KENNETH E. HAGIN","slug":"kenneth-e-hagin"}],"_links":{"self":[{"href":"https:\/\/livrariamaveshop.com.br\/index.php?rest_route=\/wp\/v2\/product\/975","targetHints":{"allow":["GET"]}}],"collection":[{"href":"https:\/\/livrariamaveshop.com.br\/index.php?rest_route=\/wp\/v2\/product"}],"about":[{"href":"https:\/\/livrariamaveshop.com.br\/index.php?rest_route=\/wp\/v2\/types\/product"}],"replies":[{"embeddable":true,"href":"https:\/\/livrariamaveshop.com.br\/index.php?rest_route=%2Fwp%2Fv2%2Fcomments&post=975"}],"wp:featuredmedia":[{"embeddable":true,"href":"https:\/\/livrariamaveshop.com.br\/index.php?rest_route=\/wp\/v2\/media\/976"}],"wp:attachment":[{"href":"https:\/\/livrariamaveshop.com.br\/index.php?rest_route=%2Fwp%2Fv2%2Fmedia&parent=975"}],"wp:term":[{"taxonomy":"pwb-brand","embeddable":true,"href":"https:\/\/livrariamaveshop.com.br\/index.php?rest_route=%2Fwp%2Fv2%2Fpwb-brand&post=975"},{"taxonomy":"product_cat","embeddable":true,"href":"https:\/\/livrariamaveshop.com.br\/index.php?rest_route=%2Fwp%2Fv2%2Fproduct_cat&post=975"},{"taxonomy":"product_tag","embeddable":true,"href":"https:\/\/livrariamaveshop.com.br\/index.php?rest_route=%2Fwp%2Fv2%2Fproduct_tag&post=975"}],"curies":[{"name":"wp","href":"https:\/\/api.w.org\/{rel}","templated":true}]}}