{"id":971,"date":"2024-01-17T15:44:39","date_gmt":"2024-01-17T18:44:39","guid":{"rendered":"https:\/\/livrariamaveshop.com.br\/?post_type=product&#038;p=971"},"modified":"2024-01-24T13:59:56","modified_gmt":"2024-01-24T16:59:56","slug":"o-caminho-de-deus-para-a-saude-mental","status":"publish","type":"product","link":"https:\/\/livrariamaveshop.com.br\/?product=o-caminho-de-deus-para-a-saude-mental","title":{"rendered":"O Caminho de Deus Para A Sa\u00fade Mental"},"content":{"rendered":"<p>Sua mente \u00e9 um parque de divers\u00f5es para o diabo? Voc\u00ea \u00e9 assediado e mantido ref\u00e9m de pensamentos, medos, sentimentos de ansiedade e depress\u00e3o que n\u00e3o d\u00e3o tr\u00e9gua? Voc\u00ea n\u00e3o est\u00e1 s\u00f3. O n\u00famero de pessoas que sofre de tormentos mentais \u00e9 avassalador, porque o diabo \u00e9 mestre em jogos mentais.<br \/>\nMas Deus j\u00e1 o venceu no jogo dele e lhe d\u00e1 poder para vencer tamb\u00e9m! Em O Caminho de Deus para a Sa\u00fade Mental, quatro autores \u2014 Rick Renner, Eddie Turner, Kylie Oaks Gatewood e Germaine Copeland \u2014 se uniram para trazer ajuda b\u00edblica e sobrenatural sobre os seguintes temas:<br \/>\n\u2022 Como voc\u00ea pode vencer no campo de batalha da mente.<br \/>\n\u2022 O que fazer quando o diabo vier com sua \u201cconversa fiada\u201d.<br \/>\n\u2022 Aprenda a se vestir com uma armadura impenetr\u00e1vel.<br \/>\n\u2022 Use seu armamento sobrenatural.<br \/>\n\u2022 Vers\u00edculos que calam a boca do diabo.<br \/>\nEstes quatro autores enfrentaram pensamentos obsessivos e depress\u00e3o em suas vidas, mas praticaram o que pregam aqui para derrotar o tormento mental e encontraram o caminho de Deus para a sa\u00fade nessa \u00e1rea. Agora \u00e9 a sua vez! Deixe que eles o ajudem a recuperar sua vida e a andar em paz e liberdade!<\/p>\n","protected":false},"excerpt":{"rendered":"<p>Sua mente \u00e9 um parque de divers\u00f5es para o diabo? Voc\u00ea \u00e9 assediado e mantido ref\u00e9m de pensamentos, medos, sentimentos de ansiedade e depress\u00e3o que n\u00e3o d\u00e3o tr\u00e9gua? Voc\u00ea n\u00e3o est\u00e1 s\u00f3. O n\u00famero de pessoas que sofre de tormentos mentais \u00e9 avassalador, porque o diabo \u00e9 mestre em jogos mentais. Mas Deus j\u00e1 o [&hellip;]<\/p>\n","protected":false},"featured_media":972,"comment_status":"closed","ping_status":"closed","template":"","meta":{"_joinchat":[]},"pwb-brand":[46],"product_cat":[130],"product_tag":[],"class_list":{"0":"post-971","1":"product","2":"type-product","3":"status-publish","4":"has-post-thumbnail","6":"pwb-brand-rick-renner","7":"product_cat-emocional","9":"first","10":"instock","11":"taxable","12":"shipping-taxable","13":"purchasable","14":"product-type-simple"},"brands":[{"id":46,"name":"RICK RENNER","slug":"rick-renner"}],"_links":{"self":[{"href":"https:\/\/livrariamaveshop.com.br\/index.php?rest_route=\/wp\/v2\/product\/971","targetHints":{"allow":["GET"]}}],"collection":[{"href":"https:\/\/livrariamaveshop.com.br\/index.php?rest_route=\/wp\/v2\/product"}],"about":[{"href":"https:\/\/livrariamaveshop.com.br\/index.php?rest_route=\/wp\/v2\/types\/product"}],"replies":[{"embeddable":true,"href":"https:\/\/livrariamaveshop.com.br\/index.php?rest_route=%2Fwp%2Fv2%2Fcomments&post=971"}],"wp:featuredmedia":[{"embeddable":true,"href":"https:\/\/livrariamaveshop.com.br\/index.php?rest_route=\/wp\/v2\/media\/972"}],"wp:attachment":[{"href":"https:\/\/livrariamaveshop.com.br\/index.php?rest_route=%2Fwp%2Fv2%2Fmedia&parent=971"}],"wp:term":[{"taxonomy":"pwb-brand","embeddable":true,"href":"https:\/\/livrariamaveshop.com.br\/index.php?rest_route=%2Fwp%2Fv2%2Fpwb-brand&post=971"},{"taxonomy":"product_cat","embeddable":true,"href":"https:\/\/livrariamaveshop.com.br\/index.php?rest_route=%2Fwp%2Fv2%2Fproduct_cat&post=971"},{"taxonomy":"product_tag","embeddable":true,"href":"https:\/\/livrariamaveshop.com.br\/index.php?rest_route=%2Fwp%2Fv2%2Fproduct_tag&post=971"}],"curies":[{"name":"wp","href":"https:\/\/api.w.org\/{rel}","templated":true}]}}