{"id":967,"date":"2024-01-17T15:32:25","date_gmt":"2024-01-17T18:32:25","guid":{"rendered":"https:\/\/livrariamaveshop.com.br\/?post_type=product&#038;p=967"},"modified":"2024-02-02T16:17:24","modified_gmt":"2024-02-02T19:17:24","slug":"na-terra-como-no-ceu","status":"publish","type":"product","link":"https:\/\/livrariamaveshop.com.br\/?product=na-terra-como-no-ceu","title":{"rendered":"Na Terra Como no C\u00e9u"},"content":{"rendered":"<p>Crer na vit\u00f3ria de Jesus sobre o mal e sobre a morte implica crer tamb\u00e9m que o reino de Deus j\u00e1 foi inaugurado. Essa confian\u00e7a na obra redentora j\u00e1 iniciada \u2015 e a esperan\u00e7a acerca do futuro que ela traz \u2015 deve impactar n\u00e3o apenas nossa forma de viver os domingos ou \u00e9pocas espec\u00edficas do ano, como P\u00e1scoa e Natal, mas tamb\u00e9m nossa maneira de experimentar nossos dias comuns ao longo de todo o ano.<\/p>\n<p>Em\u00a0<span class=\"a-text-italic\">Na terra como no c\u00e9u<\/span>, o te\u00f3logo e biblista N. T. Wright traz uma colet\u00e2nea de 365 trechos de alguns de seus cl\u00e1ssicos. Pensados para serem leituras devocionais, os textos s\u00e3o organizados com base no ano lit\u00fargico \u2013 come\u00e7ando pela P\u00e1scoa, o primeiro dia da nova cria\u00e7\u00e3o \u2013 e cont\u00eam reflex\u00f5es acerca de temas b\u00edblicos como poder, espiritualidade, verdade, liberdade e amor.<\/p>\n<p>Suas medita\u00e7\u00f5es estimulam os crist\u00e3os a ter uma vida fiel e diligente, que produza frutos de justi\u00e7a e beleza j\u00e1 no presente e, assim, prenuncie o maravilhoso futuro de Deus \u2015 quando seu reino ser\u00e1 plenamente estabelecido, tanto na terra como no c\u00e9u.<\/p>\n","protected":false},"excerpt":{"rendered":"<p>Crer na vit\u00f3ria de Jesus sobre o mal e sobre a morte implica crer tamb\u00e9m que o reino de Deus j\u00e1 foi inaugurado. Essa confian\u00e7a na obra redentora j\u00e1 iniciada \u2015 e a esperan\u00e7a acerca do futuro que ela traz \u2015 deve impactar n\u00e3o apenas nossa forma de viver os domingos ou \u00e9pocas espec\u00edficas do [&hellip;]<\/p>\n","protected":false},"featured_media":1625,"comment_status":"closed","ping_status":"closed","template":"","meta":{"_joinchat":[]},"pwb-brand":[59],"product_cat":[20],"product_tag":[],"class_list":{"0":"post-967","1":"product","2":"type-product","3":"status-publish","4":"has-post-thumbnail","6":"pwb-brand-n-t-wright","7":"product_cat-devocionais","8":"product_shipping_class-geral","10":"first","11":"instock","12":"taxable","13":"shipping-taxable","14":"purchasable","15":"product-type-simple"},"brands":[{"id":59,"name":"N.T. WRIGHT","slug":"n-t-wright"}],"_links":{"self":[{"href":"https:\/\/livrariamaveshop.com.br\/index.php?rest_route=\/wp\/v2\/product\/967","targetHints":{"allow":["GET"]}}],"collection":[{"href":"https:\/\/livrariamaveshop.com.br\/index.php?rest_route=\/wp\/v2\/product"}],"about":[{"href":"https:\/\/livrariamaveshop.com.br\/index.php?rest_route=\/wp\/v2\/types\/product"}],"replies":[{"embeddable":true,"href":"https:\/\/livrariamaveshop.com.br\/index.php?rest_route=%2Fwp%2Fv2%2Fcomments&post=967"}],"wp:featuredmedia":[{"embeddable":true,"href":"https:\/\/livrariamaveshop.com.br\/index.php?rest_route=\/wp\/v2\/media\/1625"}],"wp:attachment":[{"href":"https:\/\/livrariamaveshop.com.br\/index.php?rest_route=%2Fwp%2Fv2%2Fmedia&parent=967"}],"wp:term":[{"taxonomy":"pwb-brand","embeddable":true,"href":"https:\/\/livrariamaveshop.com.br\/index.php?rest_route=%2Fwp%2Fv2%2Fpwb-brand&post=967"},{"taxonomy":"product_cat","embeddable":true,"href":"https:\/\/livrariamaveshop.com.br\/index.php?rest_route=%2Fwp%2Fv2%2Fproduct_cat&post=967"},{"taxonomy":"product_tag","embeddable":true,"href":"https:\/\/livrariamaveshop.com.br\/index.php?rest_route=%2Fwp%2Fv2%2Fproduct_tag&post=967"}],"curies":[{"name":"wp","href":"https:\/\/api.w.org\/{rel}","templated":true}]}}