{"id":965,"date":"2024-01-17T15:23:16","date_gmt":"2024-01-17T18:23:16","guid":{"rendered":"https:\/\/livrariamaveshop.com.br\/?post_type=product&#038;p=965"},"modified":"2024-01-17T15:23:16","modified_gmt":"2024-01-17T18:23:16","slug":"nao-fale-negativo","status":"publish","type":"product","link":"https:\/\/livrariamaveshop.com.br\/?product=nao-fale-negativo","title":{"rendered":"N\u00e3o Fale Negativo"},"content":{"rendered":"<p style=\"font-weight: 400;\"><i>\u201cN\u00e3o Fale Negativo\u201d<\/i> do autor Bud Wright, \u00e9 o segundo volume da Cole\u00e7\u00e3o Legado, e aborda sobre pontos importantes relacionados \u00e0 nossa confiss\u00e3o, \u00e0s palavras que saem da nossa boca a todo o momento. O Pr. Bud carregava algumas caracter\u00edsticas bastante fortes e uma delas era que ele sempre falava positivo e queria que todos ao seu redor tamb\u00e9m confessasse palavras positivas, baseado no que a Palavra de Deus nos instrui.<\/p>\n<p style=\"font-weight: 400;\">\n<p style=\"font-weight: 400;\">Neste livro voc\u00ea entender\u00e1 atrav\u00e9s de testemunhos do Pr. Bud, que voc\u00ea colhe frutos a partir daquilo que voc\u00ea confessa. E se voc\u00ea fala coisas negativas de forma alguma receber\u00e1 coisas positivas. O Pr. Bud aprendeu a mudar o curso de sua vida mediante o que sa\u00eda de sua boca, chamando \u00e0 exist\u00eancia, pela f\u00e9, aquilo que ele cria no seu cora\u00e7\u00e3o, sem duvidar.<\/p>\n<p style=\"font-weight: 400;\">\n<p style=\"font-weight: 400;\">Esses ensinamentos foram reunidos nesta edi\u00e7\u00e3o da Cole\u00e7\u00e3o Legado a partir de compila\u00e7\u00f5es de prega\u00e7\u00f5es do Pr. Bud Wright.<\/p>\n","protected":false},"excerpt":{"rendered":"<p>\u201cN\u00e3o Fale Negativo\u201d do autor Bud Wright, \u00e9 o segundo volume da Cole\u00e7\u00e3o Legado, e aborda sobre pontos importantes relacionados \u00e0 nossa confiss\u00e3o, \u00e0s palavras que saem da nossa boca a todo o momento. O Pr. Bud carregava algumas caracter\u00edsticas bastante fortes e uma delas era que ele sempre falava positivo e queria que todos [&hellip;]<\/p>\n","protected":false},"featured_media":966,"comment_status":"closed","ping_status":"closed","template":"","meta":{"_joinchat":[]},"pwb-brand":[50],"product_cat":[40],"product_tag":[],"class_list":{"0":"post-965","1":"product","2":"type-product","3":"status-publish","4":"has-post-thumbnail","6":"pwb-brand-bud-wright","7":"product_cat-fe","8":"product_shipping_class-geral","10":"first","11":"instock","12":"taxable","13":"shipping-taxable","14":"purchasable","15":"product-type-simple"},"brands":[{"id":50,"name":"BUD WRIGHT","slug":"bud-wright"}],"_links":{"self":[{"href":"https:\/\/livrariamaveshop.com.br\/index.php?rest_route=\/wp\/v2\/product\/965","targetHints":{"allow":["GET"]}}],"collection":[{"href":"https:\/\/livrariamaveshop.com.br\/index.php?rest_route=\/wp\/v2\/product"}],"about":[{"href":"https:\/\/livrariamaveshop.com.br\/index.php?rest_route=\/wp\/v2\/types\/product"}],"replies":[{"embeddable":true,"href":"https:\/\/livrariamaveshop.com.br\/index.php?rest_route=%2Fwp%2Fv2%2Fcomments&post=965"}],"wp:featuredmedia":[{"embeddable":true,"href":"https:\/\/livrariamaveshop.com.br\/index.php?rest_route=\/wp\/v2\/media\/966"}],"wp:attachment":[{"href":"https:\/\/livrariamaveshop.com.br\/index.php?rest_route=%2Fwp%2Fv2%2Fmedia&parent=965"}],"wp:term":[{"taxonomy":"pwb-brand","embeddable":true,"href":"https:\/\/livrariamaveshop.com.br\/index.php?rest_route=%2Fwp%2Fv2%2Fpwb-brand&post=965"},{"taxonomy":"product_cat","embeddable":true,"href":"https:\/\/livrariamaveshop.com.br\/index.php?rest_route=%2Fwp%2Fv2%2Fproduct_cat&post=965"},{"taxonomy":"product_tag","embeddable":true,"href":"https:\/\/livrariamaveshop.com.br\/index.php?rest_route=%2Fwp%2Fv2%2Fproduct_tag&post=965"}],"curies":[{"name":"wp","href":"https:\/\/api.w.org\/{rel}","templated":true}]}}