{"id":962,"date":"2024-01-17T15:17:48","date_gmt":"2024-01-17T18:17:48","guid":{"rendered":"https:\/\/livrariamaveshop.com.br\/?post_type=product&#038;p=962"},"modified":"2024-01-24T14:01:14","modified_gmt":"2024-01-24T17:01:14","slug":"mulheres-improvaveis","status":"publish","type":"product","link":"https:\/\/livrariamaveshop.com.br\/?product=mulheres-improvaveis","title":{"rendered":"Mulheres Improv\u00e1veis"},"content":{"rendered":"<p>Deus est\u00e1 recrutando voc\u00ea para a grande obra que ele tem nesta terra. Voc\u00ea se sente uma mulher improv\u00e1vel? Saiba que voc\u00ea \u00e9 e, por isso, foi escolhida por Deus! Deus quer que voc\u00ea se torne forte e corajosa. Mesmo que todas as circunst\u00e2ncias digam que voc\u00ea n\u00e3o \u00e9 capaz, o Senhor, por meio do seu amor e cuidado, capacitar\u00e1 e desenvolver\u00e1 voc\u00ea para grandes projetos. A pastora e mentora Viviane Martinello traz, em Mulheres improv\u00e1veis, palavras de sabedoria sobre como Deus \u00e9 especialista em mudar destinos e transformar cora\u00e7\u00f5es. N\u00e3o tente entender as escolhas de Deus. Descubra que dentro de voc\u00ea h\u00e1 preciosidades escondidas por ele que precisam ser reveladas. Esta \u00e9 a hora das improv\u00e1veis. Deus conta com voc\u00ea!<\/p>\n","protected":false},"excerpt":{"rendered":"<p>Deus est\u00e1 recrutando voc\u00ea para a grande obra que ele tem nesta terra. Voc\u00ea se sente uma mulher improv\u00e1vel? Saiba que voc\u00ea \u00e9 e, por isso, foi escolhida por Deus! Deus quer que voc\u00ea se torne forte e corajosa. Mesmo que todas as circunst\u00e2ncias digam que voc\u00ea n\u00e3o \u00e9 capaz, o Senhor, por meio do [&hellip;]<\/p>\n","protected":false},"featured_media":964,"comment_status":"closed","ping_status":"closed","template":"","meta":{"_joinchat":[]},"pwb-brand":[58],"product_cat":[127],"product_tag":[],"class_list":{"0":"post-962","1":"product","2":"type-product","3":"status-publish","4":"has-post-thumbnail","6":"pwb-brand-viviane-martinello","7":"product_cat-mulheres","8":"product_shipping_class-geral","10":"first","11":"instock","12":"taxable","13":"shipping-taxable","14":"purchasable","15":"product-type-simple"},"brands":[{"id":58,"name":"VIVIANE MARTINELLO","slug":"viviane-martinello"}],"_links":{"self":[{"href":"https:\/\/livrariamaveshop.com.br\/index.php?rest_route=\/wp\/v2\/product\/962","targetHints":{"allow":["GET"]}}],"collection":[{"href":"https:\/\/livrariamaveshop.com.br\/index.php?rest_route=\/wp\/v2\/product"}],"about":[{"href":"https:\/\/livrariamaveshop.com.br\/index.php?rest_route=\/wp\/v2\/types\/product"}],"replies":[{"embeddable":true,"href":"https:\/\/livrariamaveshop.com.br\/index.php?rest_route=%2Fwp%2Fv2%2Fcomments&post=962"}],"wp:featuredmedia":[{"embeddable":true,"href":"https:\/\/livrariamaveshop.com.br\/index.php?rest_route=\/wp\/v2\/media\/964"}],"wp:attachment":[{"href":"https:\/\/livrariamaveshop.com.br\/index.php?rest_route=%2Fwp%2Fv2%2Fmedia&parent=962"}],"wp:term":[{"taxonomy":"pwb-brand","embeddable":true,"href":"https:\/\/livrariamaveshop.com.br\/index.php?rest_route=%2Fwp%2Fv2%2Fpwb-brand&post=962"},{"taxonomy":"product_cat","embeddable":true,"href":"https:\/\/livrariamaveshop.com.br\/index.php?rest_route=%2Fwp%2Fv2%2Fproduct_cat&post=962"},{"taxonomy":"product_tag","embeddable":true,"href":"https:\/\/livrariamaveshop.com.br\/index.php?rest_route=%2Fwp%2Fv2%2Fproduct_tag&post=962"}],"curies":[{"name":"wp","href":"https:\/\/api.w.org\/{rel}","templated":true}]}}