{"id":958,"date":"2024-01-17T14:57:09","date_gmt":"2024-01-17T17:57:09","guid":{"rendered":"https:\/\/livrariamaveshop.com.br\/?post_type=product&#038;p=958"},"modified":"2024-01-17T14:57:09","modified_gmt":"2024-01-17T17:57:09","slug":"movido-pela-eternidade","status":"publish","type":"product","link":"https:\/\/livrariamaveshop.com.br\/?product=movido-pela-eternidade","title":{"rendered":"Movido Pela Eternidade"},"content":{"rendered":"<p dir=\"ltr\">O que h\u00e1 na palavra eternidade que chama a nossa aten\u00e7\u00e3o e que, na verdade, tem o potencial de influenciar toda uma na\u00e7\u00e3o? Nenhuma ra\u00e7a, tribo ou g\u00eanero pode resistir \u00e0 sua atra\u00e7\u00e3o. Fomos criados com a eternidade em nossos cora\u00e7\u00f5es e a compreens\u00e3o de que h\u00e1 algo al\u00e9m de nossa exist\u00eancia terrena, ainda desconhecido. Portanto, \u00e9 s\u00e1bio mergulhar mais fundo naquilo que o nosso Criador diz com rela\u00e7\u00e3o \u00e0 eternidade; afinal, a Sua Palavra declara: \u201cMuito antes de o mundo existir, desde a eternidade, eu sou Deus. Quando eu fa\u00e7o alguma coisa, ningu\u00e9m \u00e9 capaz de impedir\u201d (Is 43:13; ABV).<\/p>\n<p dir=\"ltr\">O autor de best-sellers John Bevere nos fala a respeito dos princ\u00edpios irrefut\u00e1veis para viver com a esperan\u00e7a e a certeza que nos levar\u00e3o at\u00e9 a eternidade.<\/p>\n<p dir=\"ltr\">Precisamos admitir que a maioria das pessoas terminaria seus dias na mis\u00e9ria se planejasse o futuro t\u00e3o descuidadamente quanto se prepara para a eternidade.<\/p>\n<p dir=\"ltr\">At\u00e9 mesmo os crentes costumam negligenciar este princ\u00edpio vital da vida crist\u00e3. Em geral, pensamos muito pouco no que acontecer\u00e1 al\u00e9m do dia de hoje.<\/p>\n<p dir=\"ltr\">Com base nos princ\u00edpios de 2 Cor\u00edntios 5:9-11, John Bevere nos lembra que todos os crentes comparecer\u00e3o diante de Cristo e receber\u00e3o aquilo que conquistaram em vida. Muitos de n\u00f3s ficaremos chocados ao descobrirmos que a maior parte do nosso tempo foi gasta em coisas que n\u00e3o t\u00eam significado no que diz respeito \u00e0s recompensas eternas.<\/p>\n<p dir=\"ltr\">Moldando nossas vidas para estarmos prontos para o Dia do Ju\u00edzo e mantendo um sistema de coordenadas que nos leve para o caminho certo, desenvolveremos vidas expressivas. Se aprendermos a manter o foco no alvo, poderemos come\u00e7ar a receber recompensas que permanecer\u00e3o \u2013 por toda a eternidade.<\/p>\n","protected":false},"excerpt":{"rendered":"<p>O que h\u00e1 na palavra eternidade que chama a nossa aten\u00e7\u00e3o e que, na verdade, tem o potencial de influenciar toda uma na\u00e7\u00e3o? Nenhuma ra\u00e7a, tribo ou g\u00eanero pode resistir \u00e0 sua atra\u00e7\u00e3o. Fomos criados com a eternidade em nossos cora\u00e7\u00f5es e a compreens\u00e3o de que h\u00e1 algo al\u00e9m de nossa exist\u00eancia terrena, ainda desconhecido. [&hellip;]<\/p>\n","protected":false},"featured_media":959,"comment_status":"closed","ping_status":"closed","template":"","meta":{"_joinchat":[]},"pwb-brand":[57],"product_cat":[67],"product_tag":[],"class_list":{"0":"post-958","1":"product","2":"type-product","3":"status-publish","4":"has-post-thumbnail","6":"pwb-brand-john-bevere","7":"product_cat-santidade","8":"product_shipping_class-geral","10":"first","11":"instock","12":"taxable","13":"shipping-taxable","14":"purchasable","15":"product-type-simple"},"brands":[{"id":57,"name":"JOHN BEVERE","slug":"john-bevere"}],"_links":{"self":[{"href":"https:\/\/livrariamaveshop.com.br\/index.php?rest_route=\/wp\/v2\/product\/958","targetHints":{"allow":["GET"]}}],"collection":[{"href":"https:\/\/livrariamaveshop.com.br\/index.php?rest_route=\/wp\/v2\/product"}],"about":[{"href":"https:\/\/livrariamaveshop.com.br\/index.php?rest_route=\/wp\/v2\/types\/product"}],"replies":[{"embeddable":true,"href":"https:\/\/livrariamaveshop.com.br\/index.php?rest_route=%2Fwp%2Fv2%2Fcomments&post=958"}],"wp:featuredmedia":[{"embeddable":true,"href":"https:\/\/livrariamaveshop.com.br\/index.php?rest_route=\/wp\/v2\/media\/959"}],"wp:attachment":[{"href":"https:\/\/livrariamaveshop.com.br\/index.php?rest_route=%2Fwp%2Fv2%2Fmedia&parent=958"}],"wp:term":[{"taxonomy":"pwb-brand","embeddable":true,"href":"https:\/\/livrariamaveshop.com.br\/index.php?rest_route=%2Fwp%2Fv2%2Fpwb-brand&post=958"},{"taxonomy":"product_cat","embeddable":true,"href":"https:\/\/livrariamaveshop.com.br\/index.php?rest_route=%2Fwp%2Fv2%2Fproduct_cat&post=958"},{"taxonomy":"product_tag","embeddable":true,"href":"https:\/\/livrariamaveshop.com.br\/index.php?rest_route=%2Fwp%2Fv2%2Fproduct_tag&post=958"}],"curies":[{"name":"wp","href":"https:\/\/api.w.org\/{rel}","templated":true}]}}