{"id":955,"date":"2024-01-17T14:39:59","date_gmt":"2024-01-17T17:39:59","guid":{"rendered":"https:\/\/livrariamaveshop.com.br\/?post_type=product&#038;p=955"},"modified":"2024-02-02T15:57:21","modified_gmt":"2024-02-02T18:57:21","slug":"maturidade","status":"publish","type":"product","link":"https:\/\/livrariamaveshop.com.br\/?product=maturidade","title":{"rendered":"Maturidade"},"content":{"rendered":"<p>Neste livro, destaco uma das v\u00e1rias virtudes que precisam ser acrescentadas \u00e0 f\u00e9: a maturidade. Atualmente, \u00e9 f\u00e1cil constatar que h\u00e1 grande defici\u00eancia nessa \u00e1rea. Crist\u00e3os com anos de caminhada crist\u00e3, mas com a mentalidade ciumenta do irm\u00e3o do filho pr\u00f3digo. Crentes de longa data, mas que ainda patinam em pecados de estima\u00e7\u00e3o. L\u00edderes religiosos h\u00e1 tempos, mas que cambaleiam infantilmente na convic\u00e7\u00e3o do pr\u00f3prio chamado. Filhos que nunca conseguiram acessar plenamente a heran\u00e7a prometida no testamento e disponibilizada com a morte do testador, Cristo.<br \/>\nAcredito que uma das raz\u00f5es de n\u00e3o se investir devidamente no crescimento \u00e9 porque tamb\u00e9m n\u00e3o existe uma compreens\u00e3o adequada de sua import\u00e2ncia. O prop\u00f3sito desta mensagem \u00e9 levar ao entendimento de maturidade como uma &#8220;chave espiritual&#8221;. Consequentemente, despertar a valoriza\u00e7\u00e3o de um processo simplesmente fundamental para quem quer viver tudo o que o Pai Celeste tem reservado. Sem maturidade, voc\u00ea e eu s\u00f3 conseguimos experimentar uma pequena parte. Se voc\u00ea deseja tudo Dele, ter\u00e1 que crescer<\/p>\n","protected":false},"excerpt":{"rendered":"<p>Neste livro, destaco uma das v\u00e1rias virtudes que precisam ser acrescentadas \u00e0 f\u00e9: a maturidade. Atualmente, \u00e9 f\u00e1cil constatar que h\u00e1 grande defici\u00eancia nessa \u00e1rea. Crist\u00e3os com anos de caminhada crist\u00e3, mas com a mentalidade ciumenta do irm\u00e3o do filho pr\u00f3digo. Crentes de longa data, mas que ainda patinam em pecados de estima\u00e7\u00e3o. L\u00edderes religiosos [&hellip;]<\/p>\n","protected":false},"featured_media":1616,"comment_status":"closed","ping_status":"closed","template":"","meta":{"_joinchat":[]},"pwb-brand":[39],"product_cat":[40,21],"product_tag":[],"class_list":{"0":"post-955","1":"product","2":"type-product","3":"status-publish","4":"has-post-thumbnail","6":"pwb-brand-luciano-subira","7":"product_cat-fe","8":"product_cat-lancamentos","9":"product_shipping_class-geral","11":"first","12":"instock","13":"taxable","14":"shipping-taxable","15":"purchasable","16":"product-type-simple"},"brands":[{"id":39,"name":"LUCIANO SUBIR\u00c1","slug":"luciano-subira"}],"_links":{"self":[{"href":"https:\/\/livrariamaveshop.com.br\/index.php?rest_route=\/wp\/v2\/product\/955","targetHints":{"allow":["GET"]}}],"collection":[{"href":"https:\/\/livrariamaveshop.com.br\/index.php?rest_route=\/wp\/v2\/product"}],"about":[{"href":"https:\/\/livrariamaveshop.com.br\/index.php?rest_route=\/wp\/v2\/types\/product"}],"replies":[{"embeddable":true,"href":"https:\/\/livrariamaveshop.com.br\/index.php?rest_route=%2Fwp%2Fv2%2Fcomments&post=955"}],"wp:featuredmedia":[{"embeddable":true,"href":"https:\/\/livrariamaveshop.com.br\/index.php?rest_route=\/wp\/v2\/media\/1616"}],"wp:attachment":[{"href":"https:\/\/livrariamaveshop.com.br\/index.php?rest_route=%2Fwp%2Fv2%2Fmedia&parent=955"}],"wp:term":[{"taxonomy":"pwb-brand","embeddable":true,"href":"https:\/\/livrariamaveshop.com.br\/index.php?rest_route=%2Fwp%2Fv2%2Fpwb-brand&post=955"},{"taxonomy":"product_cat","embeddable":true,"href":"https:\/\/livrariamaveshop.com.br\/index.php?rest_route=%2Fwp%2Fv2%2Fproduct_cat&post=955"},{"taxonomy":"product_tag","embeddable":true,"href":"https:\/\/livrariamaveshop.com.br\/index.php?rest_route=%2Fwp%2Fv2%2Fproduct_tag&post=955"}],"curies":[{"name":"wp","href":"https:\/\/api.w.org\/{rel}","templated":true}]}}