{"id":922,"date":"2024-01-17T13:40:03","date_gmt":"2024-01-17T16:40:03","guid":{"rendered":"https:\/\/livrariamaveshop.com.br\/?post_type=product&#038;p=922"},"modified":"2024-02-02T16:39:04","modified_gmt":"2024-02-02T19:39:04","slug":"graca","status":"publish","type":"product","link":"https:\/\/livrariamaveshop.com.br\/?product=graca","title":{"rendered":"Gra\u00e7a"},"content":{"rendered":"<p>Nas palavras do autor, a gra\u00e7a \u00e9 a melhor ideia de Deus. Nada escapa de seu alcance. Nada pode modificar t\u00e3o profundamente a vida humana quanto ela. Diferentemente de qualquer outra manifesta\u00e7\u00e3o religiosa ou conceitua\u00e7\u00e3o filos\u00f3fica, a gra\u00e7a exp\u00f5e a pr\u00f3pria din\u00e2mica de vida proposta por Deus. Descubra neste livro uma gra\u00e7a ativa, surpreendente e irresist\u00edvel que acontece na vida em toda a sua plenitude.<\/p>\n","protected":false},"excerpt":{"rendered":"<p>Nas palavras do autor, a gra\u00e7a \u00e9 a melhor ideia de Deus. Nada escapa de seu alcance. Nada pode modificar t\u00e3o profundamente a vida humana quanto ela. Diferentemente de qualquer outra manifesta\u00e7\u00e3o religiosa ou conceitua\u00e7\u00e3o filos\u00f3fica, a gra\u00e7a exp\u00f5e a pr\u00f3pria din\u00e2mica de vida proposta por Deus. Descubra neste livro uma gra\u00e7a ativa, surpreendente e [&hellip;]<\/p>\n","protected":false},"featured_media":1634,"comment_status":"closed","ping_status":"closed","template":"","meta":{"_joinchat":[]},"pwb-brand":[47],"product_cat":[70],"product_tag":[],"class_list":{"0":"post-922","1":"product","2":"type-product","3":"status-publish","4":"has-post-thumbnail","6":"pwb-brand-max-lucado","7":"product_cat-graca","8":"product_shipping_class-geral","10":"first","11":"instock","12":"taxable","13":"shipping-taxable","14":"purchasable","15":"product-type-simple"},"brands":[{"id":47,"name":"MAX LUCADO","slug":"max-lucado"}],"_links":{"self":[{"href":"https:\/\/livrariamaveshop.com.br\/index.php?rest_route=\/wp\/v2\/product\/922","targetHints":{"allow":["GET"]}}],"collection":[{"href":"https:\/\/livrariamaveshop.com.br\/index.php?rest_route=\/wp\/v2\/product"}],"about":[{"href":"https:\/\/livrariamaveshop.com.br\/index.php?rest_route=\/wp\/v2\/types\/product"}],"replies":[{"embeddable":true,"href":"https:\/\/livrariamaveshop.com.br\/index.php?rest_route=%2Fwp%2Fv2%2Fcomments&post=922"}],"wp:featuredmedia":[{"embeddable":true,"href":"https:\/\/livrariamaveshop.com.br\/index.php?rest_route=\/wp\/v2\/media\/1634"}],"wp:attachment":[{"href":"https:\/\/livrariamaveshop.com.br\/index.php?rest_route=%2Fwp%2Fv2%2Fmedia&parent=922"}],"wp:term":[{"taxonomy":"pwb-brand","embeddable":true,"href":"https:\/\/livrariamaveshop.com.br\/index.php?rest_route=%2Fwp%2Fv2%2Fpwb-brand&post=922"},{"taxonomy":"product_cat","embeddable":true,"href":"https:\/\/livrariamaveshop.com.br\/index.php?rest_route=%2Fwp%2Fv2%2Fproduct_cat&post=922"},{"taxonomy":"product_tag","embeddable":true,"href":"https:\/\/livrariamaveshop.com.br\/index.php?rest_route=%2Fwp%2Fv2%2Fproduct_tag&post=922"}],"curies":[{"name":"wp","href":"https:\/\/api.w.org\/{rel}","templated":true}]}}