{"id":921,"date":"2024-01-17T13:39:52","date_gmt":"2024-01-17T16:39:52","guid":{"rendered":"https:\/\/livrariamaveshop.com.br\/?post_type=product&#038;p=921"},"modified":"2024-01-17T13:39:52","modified_gmt":"2024-01-17T16:39:52","slug":"a-substancia-das-coisas","status":"publish","type":"product","link":"https:\/\/livrariamaveshop.com.br\/?product=a-substancia-das-coisas","title":{"rendered":"A Subst\u00e2ncia das Coisas"},"content":{"rendered":"<p>Me\u00e7a o quanto existe da Palavra de Deus dentro de voc\u00ea e essa ser\u00e1 a medida da sua f\u00e9! Quando a Palavra entra em voc\u00ea, ela cria uma imagem segundo a sua pr\u00f3pria esp\u00e9cie. Quando essa imagem \u00e9 aperfei\u00e7oada em seu interior, ent\u00e3o a f\u00e9 se manifesta. Charles Capps escreveu este livro poderoso e inspirado para o instruir a aperfei\u00e7oar essa imagem de f\u00e9 dentro de voc\u00ea e, com isso, ajudar a aumentar sua f\u00e9.<\/p>\n<p>Voc\u00ea vai aprender como:<br \/>\n\u2022 Estabelecer a Palavra de Deus em seu cora\u00e7\u00e3o;<br \/>\n\u2022 Entender as coisas invis\u00edveis de Deus;<br \/>\n\u2022 Expor seu esp\u00edrito \u00e0s promessas de Deus;<br \/>\n\u2022 Atrair b\u00ean\u00e7\u00e3os e n\u00e3o maldi\u00e7\u00f5es;<br \/>\n\u2022 Saber exatamente onde seu milagre come\u00e7a.<\/p>\n<p>Voc\u00ea tem f\u00e9, mas para receber plenamente de Deus precisa saber agir de acordo com ela e aprender o significado real da\u00a0<em>palavra da f\u00e9<\/em>. Os conceiros objetivos deste livro o desafiar\u00e3o a revolucionar sua vida.<\/p>\n<p>&#8220;&#8230;a f\u00e9 \u00e9 pelo ouvir, e o ouvir pela palavra de Deus.&#8221;<br \/>\n&#8211; Romanos 10:17<\/p>\n","protected":false},"excerpt":{"rendered":"<p>Me\u00e7a o quanto existe da Palavra de Deus dentro de voc\u00ea e essa ser\u00e1 a medida da sua f\u00e9! Quando a Palavra entra em voc\u00ea, ela cria uma imagem segundo a sua pr\u00f3pria esp\u00e9cie. Quando essa imagem \u00e9 aperfei\u00e7oada em seu interior, ent\u00e3o a f\u00e9 se manifesta. Charles Capps escreveu este livro poderoso e inspirado [&hellip;]<\/p>\n","protected":false},"featured_media":923,"comment_status":"closed","ping_status":"closed","template":"","meta":{"_joinchat":[]},"pwb-brand":[42],"product_cat":[40],"product_tag":[],"class_list":{"0":"post-921","1":"product","2":"type-product","3":"status-publish","4":"has-post-thumbnail","6":"pwb-brand-charles-capps","7":"product_cat-fe","8":"product_shipping_class-geral","10":"first","11":"instock","12":"taxable","13":"shipping-taxable","14":"purchasable","15":"product-type-simple"},"brands":[{"id":42,"name":"CHARLES CAPPS","slug":"charles-capps"}],"_links":{"self":[{"href":"https:\/\/livrariamaveshop.com.br\/index.php?rest_route=\/wp\/v2\/product\/921","targetHints":{"allow":["GET"]}}],"collection":[{"href":"https:\/\/livrariamaveshop.com.br\/index.php?rest_route=\/wp\/v2\/product"}],"about":[{"href":"https:\/\/livrariamaveshop.com.br\/index.php?rest_route=\/wp\/v2\/types\/product"}],"replies":[{"embeddable":true,"href":"https:\/\/livrariamaveshop.com.br\/index.php?rest_route=%2Fwp%2Fv2%2Fcomments&post=921"}],"wp:featuredmedia":[{"embeddable":true,"href":"https:\/\/livrariamaveshop.com.br\/index.php?rest_route=\/wp\/v2\/media\/923"}],"wp:attachment":[{"href":"https:\/\/livrariamaveshop.com.br\/index.php?rest_route=%2Fwp%2Fv2%2Fmedia&parent=921"}],"wp:term":[{"taxonomy":"pwb-brand","embeddable":true,"href":"https:\/\/livrariamaveshop.com.br\/index.php?rest_route=%2Fwp%2Fv2%2Fpwb-brand&post=921"},{"taxonomy":"product_cat","embeddable":true,"href":"https:\/\/livrariamaveshop.com.br\/index.php?rest_route=%2Fwp%2Fv2%2Fproduct_cat&post=921"},{"taxonomy":"product_tag","embeddable":true,"href":"https:\/\/livrariamaveshop.com.br\/index.php?rest_route=%2Fwp%2Fv2%2Fproduct_tag&post=921"}],"curies":[{"name":"wp","href":"https:\/\/api.w.org\/{rel}","templated":true}]}}