{"id":916,"date":"2024-01-17T13:24:16","date_gmt":"2024-01-17T16:24:16","guid":{"rendered":"https:\/\/livrariamaveshop.com.br\/?post_type=product&#038;p=916"},"modified":"2024-02-02T16:41:08","modified_gmt":"2024-02-02T19:41:08","slug":"graca-dna-de-deus","status":"publish","type":"product","link":"https:\/\/livrariamaveshop.com.br\/?product=graca-dna-de-deus","title":{"rendered":"Gra\u00e7a DNA de Deus"},"content":{"rendered":"<p>&#8220;Gra\u00e7a: o DNA de Deus&#8221; do autor Tony Cooke, \u00e9 uma obra que j\u00e1 \u00e9 um cl\u00e1ssico da literatura crist\u00e3 mundial e aborda assuntos espec\u00edficos a respeito da gra\u00e7a do Senhor. O conceito de gra\u00e7a \u00e9 um dos mais mal compreendidos na igreja atualmente, mesmo sendo um dos mais importantes e, Tony Cooke traz uma uma abordagem bastante clara e espec\u00edfica sobre a gra\u00e7a com mais de 25 anos de envolvimento com o tema abordado pelo livro, e derramou suas percep\u00e7\u00f5es para al\u00e9m das p\u00e1ginas.<\/p>\n<p>Nesta obra, voc\u00ea receber\u00e1 ensinamentos sobre o que a B\u00edblia diz sobre a gra\u00e7a e o seu poder transformador de vida. Tony Cooke exp\u00f5e a gra\u00e7a como a capacita\u00e7\u00e3o dada por Deus para viver em Sua gl\u00f3ria. Voc\u00ea reconhecer\u00e1 e receber\u00e1 tudo o quanto Deus j\u00e1 nos deu por meio de sua gra\u00e7a.<\/p>\n","protected":false},"excerpt":{"rendered":"<p>&#8220;Gra\u00e7a: o DNA de Deus&#8221; do autor Tony Cooke, \u00e9 uma obra que j\u00e1 \u00e9 um cl\u00e1ssico da literatura crist\u00e3 mundial e aborda assuntos espec\u00edficos a respeito da gra\u00e7a do Senhor. O conceito de gra\u00e7a \u00e9 um dos mais mal compreendidos na igreja atualmente, mesmo sendo um dos mais importantes e, Tony Cooke traz uma [&hellip;]<\/p>\n","protected":false},"featured_media":1635,"comment_status":"closed","ping_status":"closed","template":"","meta":{"_joinchat":[]},"pwb-brand":[45],"product_cat":[70],"product_tag":[],"class_list":{"0":"post-916","1":"product","2":"type-product","3":"status-publish","4":"has-post-thumbnail","6":"pwb-brand-tony-cooke","7":"product_cat-graca","8":"product_shipping_class-geral","10":"first","11":"instock","12":"taxable","13":"shipping-taxable","14":"purchasable","15":"product-type-simple"},"brands":[{"id":45,"name":"TONY COOKE","slug":"tony-cooke"}],"_links":{"self":[{"href":"https:\/\/livrariamaveshop.com.br\/index.php?rest_route=\/wp\/v2\/product\/916","targetHints":{"allow":["GET"]}}],"collection":[{"href":"https:\/\/livrariamaveshop.com.br\/index.php?rest_route=\/wp\/v2\/product"}],"about":[{"href":"https:\/\/livrariamaveshop.com.br\/index.php?rest_route=\/wp\/v2\/types\/product"}],"replies":[{"embeddable":true,"href":"https:\/\/livrariamaveshop.com.br\/index.php?rest_route=%2Fwp%2Fv2%2Fcomments&post=916"}],"wp:featuredmedia":[{"embeddable":true,"href":"https:\/\/livrariamaveshop.com.br\/index.php?rest_route=\/wp\/v2\/media\/1635"}],"wp:attachment":[{"href":"https:\/\/livrariamaveshop.com.br\/index.php?rest_route=%2Fwp%2Fv2%2Fmedia&parent=916"}],"wp:term":[{"taxonomy":"pwb-brand","embeddable":true,"href":"https:\/\/livrariamaveshop.com.br\/index.php?rest_route=%2Fwp%2Fv2%2Fpwb-brand&post=916"},{"taxonomy":"product_cat","embeddable":true,"href":"https:\/\/livrariamaveshop.com.br\/index.php?rest_route=%2Fwp%2Fv2%2Fproduct_cat&post=916"},{"taxonomy":"product_tag","embeddable":true,"href":"https:\/\/livrariamaveshop.com.br\/index.php?rest_route=%2Fwp%2Fv2%2Fproduct_tag&post=916"}],"curies":[{"name":"wp","href":"https:\/\/api.w.org\/{rel}","templated":true}]}}