{"id":912,"date":"2024-01-17T13:04:21","date_gmt":"2024-01-17T16:04:21","guid":{"rendered":"https:\/\/livrariamaveshop.com.br\/?post_type=product&#038;p=912"},"modified":"2024-01-17T13:04:21","modified_gmt":"2024-01-17T16:04:21","slug":"gotas-de-amor","status":"publish","type":"product","link":"https:\/\/livrariamaveshop.com.br\/?product=gotas-de-amor","title":{"rendered":"Gotas De Amor"},"content":{"rendered":"<p>Gotas de amor para a alma s\u00e3o mensagens di\u00e1rias para edificar sua vida, consolar seu cora\u00e7\u00e3o e fortalecer sua f\u00e9. As mensagens emanam da Palavra de Deus, fonte de vida e manancial de esperan\u00e7a. N\u00e3o s\u00e3o textos de autoajuda, mas textos que falam da ajuda do Alt\u00edssimo.<\/p>\n<p>Leia cada mensagem com o cora\u00e7\u00e3o aberto e sedento, e voc\u00ea experimentar\u00e1 um jorro bendito do amor de Deus em seu cora\u00e7\u00e3o. Ent\u00e3o, voc\u00ea ser\u00e1 n\u00e3o apenas um recept\u00e1culo desse amor, mas, tamb\u00e9m, um canal por interm\u00e9dio do qual esse amor fluir\u00e1 \u00e0s pessoas que est\u00e3o \u00e0 sua volta. Boa leitura! \u2013 Hernandes Dias Lopes<\/p>\n","protected":false},"excerpt":{"rendered":"<p>Gotas de amor para a alma s\u00e3o mensagens di\u00e1rias para edificar sua vida, consolar seu cora\u00e7\u00e3o e fortalecer sua f\u00e9. As mensagens emanam da Palavra de Deus, fonte de vida e manancial de esperan\u00e7a. N\u00e3o s\u00e3o textos de autoajuda, mas textos que falam da ajuda do Alt\u00edssimo. Leia cada mensagem com o cora\u00e7\u00e3o aberto e [&hellip;]<\/p>\n","protected":false},"featured_media":913,"comment_status":"closed","ping_status":"closed","template":"","meta":{"_joinchat":[]},"pwb-brand":[44],"product_cat":[40],"product_tag":[],"class_list":{"0":"post-912","1":"product","2":"type-product","3":"status-publish","4":"has-post-thumbnail","6":"pwb-brand-hernandes-dias-lopes","7":"product_cat-fe","8":"product_shipping_class-geral","10":"first","11":"instock","12":"taxable","13":"shipping-taxable","14":"purchasable","15":"product-type-simple"},"brands":[{"id":44,"name":"HERNANDES DIAS LOPES","slug":"hernandes-dias-lopes"}],"_links":{"self":[{"href":"https:\/\/livrariamaveshop.com.br\/index.php?rest_route=\/wp\/v2\/product\/912","targetHints":{"allow":["GET"]}}],"collection":[{"href":"https:\/\/livrariamaveshop.com.br\/index.php?rest_route=\/wp\/v2\/product"}],"about":[{"href":"https:\/\/livrariamaveshop.com.br\/index.php?rest_route=\/wp\/v2\/types\/product"}],"replies":[{"embeddable":true,"href":"https:\/\/livrariamaveshop.com.br\/index.php?rest_route=%2Fwp%2Fv2%2Fcomments&post=912"}],"wp:featuredmedia":[{"embeddable":true,"href":"https:\/\/livrariamaveshop.com.br\/index.php?rest_route=\/wp\/v2\/media\/913"}],"wp:attachment":[{"href":"https:\/\/livrariamaveshop.com.br\/index.php?rest_route=%2Fwp%2Fv2%2Fmedia&parent=912"}],"wp:term":[{"taxonomy":"pwb-brand","embeddable":true,"href":"https:\/\/livrariamaveshop.com.br\/index.php?rest_route=%2Fwp%2Fv2%2Fpwb-brand&post=912"},{"taxonomy":"product_cat","embeddable":true,"href":"https:\/\/livrariamaveshop.com.br\/index.php?rest_route=%2Fwp%2Fv2%2Fproduct_cat&post=912"},{"taxonomy":"product_tag","embeddable":true,"href":"https:\/\/livrariamaveshop.com.br\/index.php?rest_route=%2Fwp%2Fv2%2Fproduct_tag&post=912"}],"curies":[{"name":"wp","href":"https:\/\/api.w.org\/{rel}","templated":true}]}}