{"id":910,"date":"2024-01-17T12:53:39","date_gmt":"2024-01-17T15:53:39","guid":{"rendered":"https:\/\/livrariamaveshop.com.br\/?post_type=product&#038;p=910"},"modified":"2024-01-17T12:53:39","modified_gmt":"2024-01-17T15:53:39","slug":"fe-e-confissao","status":"publish","type":"product","link":"https:\/\/livrariamaveshop.com.br\/?product=fe-e-confissao","title":{"rendered":"F\u00e9 e Confiss\u00e3o"},"content":{"rendered":"<p>F\u00e9 e Confiss\u00e3o&#8221; do autor Charles Capps, \u00e9 uma obra que aborda que viver em f\u00e9 \u00e9 sempre liberar o poder de Deus em sua vida. Os princ\u00edpios da f\u00e9 e confiss\u00e3o dados por Deus liberam o sobrenatural para trabalhar para voc\u00ea! Charles Capps revela como liberar a bondade do Senhor em nossas vidas. Ele descreve claramente como o ato de declarar a verdade da Palavra, mesmo em tempos dif\u00edceis, coopera com a nossa f\u00e9 para trazer vit\u00f3ria em qualquer circunst\u00e2ncia.<\/p>\n<p>Charles Capps tamb\u00e9m explica:<\/p>\n<p>Como a lei da f\u00e9 opera;<\/p>\n<p>A diferen\u00e7a entre confessar e mentir;<\/p>\n<p>Como receber a provis\u00e3o de Deus;<\/p>\n<p>Como usar a sabedoria quando agimos pela f\u00e9;<\/p>\n<p>Como os m\u00e9dicos e a Medicina trabalham com a f\u00e9 para a cura.<\/p>\n","protected":false},"excerpt":{"rendered":"<p>F\u00e9 e Confiss\u00e3o&#8221; do autor Charles Capps, \u00e9 uma obra que aborda que viver em f\u00e9 \u00e9 sempre liberar o poder de Deus em sua vida. Os princ\u00edpios da f\u00e9 e confiss\u00e3o dados por Deus liberam o sobrenatural para trabalhar para voc\u00ea! Charles Capps revela como liberar a bondade do Senhor em nossas vidas. Ele [&hellip;]<\/p>\n","protected":false},"featured_media":911,"comment_status":"closed","ping_status":"closed","template":"","meta":{"_joinchat":[]},"pwb-brand":[42],"product_cat":[40],"product_tag":[],"class_list":{"0":"post-910","1":"product","2":"type-product","3":"status-publish","4":"has-post-thumbnail","6":"pwb-brand-charles-capps","7":"product_cat-fe","8":"product_shipping_class-geral","10":"first","11":"instock","12":"taxable","13":"shipping-taxable","14":"purchasable","15":"product-type-simple"},"brands":[{"id":42,"name":"CHARLES CAPPS","slug":"charles-capps"}],"_links":{"self":[{"href":"https:\/\/livrariamaveshop.com.br\/index.php?rest_route=\/wp\/v2\/product\/910","targetHints":{"allow":["GET"]}}],"collection":[{"href":"https:\/\/livrariamaveshop.com.br\/index.php?rest_route=\/wp\/v2\/product"}],"about":[{"href":"https:\/\/livrariamaveshop.com.br\/index.php?rest_route=\/wp\/v2\/types\/product"}],"replies":[{"embeddable":true,"href":"https:\/\/livrariamaveshop.com.br\/index.php?rest_route=%2Fwp%2Fv2%2Fcomments&post=910"}],"wp:featuredmedia":[{"embeddable":true,"href":"https:\/\/livrariamaveshop.com.br\/index.php?rest_route=\/wp\/v2\/media\/911"}],"wp:attachment":[{"href":"https:\/\/livrariamaveshop.com.br\/index.php?rest_route=%2Fwp%2Fv2%2Fmedia&parent=910"}],"wp:term":[{"taxonomy":"pwb-brand","embeddable":true,"href":"https:\/\/livrariamaveshop.com.br\/index.php?rest_route=%2Fwp%2Fv2%2Fpwb-brand&post=910"},{"taxonomy":"product_cat","embeddable":true,"href":"https:\/\/livrariamaveshop.com.br\/index.php?rest_route=%2Fwp%2Fv2%2Fproduct_cat&post=910"},{"taxonomy":"product_tag","embeddable":true,"href":"https:\/\/livrariamaveshop.com.br\/index.php?rest_route=%2Fwp%2Fv2%2Fproduct_tag&post=910"}],"curies":[{"name":"wp","href":"https:\/\/api.w.org\/{rel}","templated":true}]}}