{"id":898,"date":"2024-01-16T17:41:43","date_gmt":"2024-01-16T20:41:43","guid":{"rendered":"https:\/\/livrariamaveshop.com.br\/?post_type=product&#038;p=898"},"modified":"2024-01-24T14:07:52","modified_gmt":"2024-01-24T17:07:52","slug":"a-linhagem-de-um-campeao","status":"publish","type":"product","link":"https:\/\/livrariamaveshop.com.br\/?product=a-linhagem-de-um-campeao","title":{"rendered":"A Linhagem de Um Campe\u00e3o"},"content":{"rendered":"<p>O sangue de Jesus \u00e9 &#8220;amor l\u00edquido&#8221; que flui do cora\u00e7\u00e3o de Deus e nos d\u00e1 esperan\u00e7a em todas as circunst\u00e2ncias. Neste livro, vamos conhecer o poder do sangue de Jesus. N\u00e3o apenas veremos claramente o que o sangue fez por n\u00f3s, mas tamb\u00e9m o que ele faz em n\u00f3s como crist\u00e3os.<br \/>\nO sangue de Jesus alcan\u00e7a o lugar mais santo do c\u00e9u e tamb\u00e9m os lugares mais \u00edntimos do homem. Por meio da f\u00e9 no sangue de Jesus, podemos viver na realidade da nossa reden\u00e7\u00e3o, que oferece solu\u00e7\u00f5es reais para problemas reais de pessoas reais. Pela f\u00e9, fazemos parte de uma nova linhagem &#8211; a linhagem de um Campe\u00e3o.<\/p>\n<p>Ao ler &#8220;A Linhagem de um Campe\u00e3o&#8221; voc\u00ea aprender\u00e1:<br \/>\n&#8211; Como ganhar sua causa invocando o sangue.<br \/>\n&#8211; Que o sangue de Jesus tem muitas aplica\u00e7\u00f5es. Jesus aplicou o sangue no c\u00e9u, e n\u00f3s devemos aplic\u00e1-lo ao nosso cora\u00e7\u00e3o e \u00e0 nossa vida, pela f\u00e9.<br \/>\n&#8211; Como Jesus pagou pela sua reden\u00e7\u00e3o com Seu sangue. Ele pagou um pre\u00e7o alto demais pela sua vit\u00f3ria, portanto, n\u00e3o viva como um derrotado.<br \/>\n&#8211; Como Deys nos v\u00ea atrav\u00e9s do sangue de Jesus e nos aceita com base na condi\u00e7\u00e3o do Seu sacr\u00edfico perfeito.<br \/>\n&#8211; Que quando o sangue de Jesus \u00e9 honrado, o Esp\u00edrito Santo pode ent\u00e3o agir.<br \/>\n&#8211; Como a aplica\u00e7\u00e3o do sangue de Jesus e a alegria do Senhor est\u00e3o intimamente ligadas.<\/p>\n","protected":false},"excerpt":{"rendered":"<p>O sangue de Jesus \u00e9 &#8220;amor l\u00edquido&#8221; que flui do cora\u00e7\u00e3o de Deus e nos d\u00e1 esperan\u00e7a em todas as circunst\u00e2ncias. Neste livro, vamos conhecer o poder do sangue de Jesus. N\u00e3o apenas veremos claramente o que o sangue fez por n\u00f3s, mas tamb\u00e9m o que ele faz em n\u00f3s como crist\u00e3os. O sangue de [&hellip;]<\/p>\n","protected":false},"featured_media":899,"comment_status":"closed","ping_status":"closed","template":"","meta":{"_joinchat":[]},"pwb-brand":[69],"product_cat":[129],"product_tag":[],"class_list":{"0":"post-898","1":"product","2":"type-product","3":"status-publish","4":"has-post-thumbnail","6":"pwb-brand-mark-hankins","7":"product_cat-relacionamento-com-deus","8":"product_shipping_class-geral","10":"first","11":"instock","12":"taxable","13":"shipping-taxable","14":"purchasable","15":"product-type-simple"},"brands":[{"id":69,"name":"MARK HANKINS","slug":"mark-hankins"}],"_links":{"self":[{"href":"https:\/\/livrariamaveshop.com.br\/index.php?rest_route=\/wp\/v2\/product\/898","targetHints":{"allow":["GET"]}}],"collection":[{"href":"https:\/\/livrariamaveshop.com.br\/index.php?rest_route=\/wp\/v2\/product"}],"about":[{"href":"https:\/\/livrariamaveshop.com.br\/index.php?rest_route=\/wp\/v2\/types\/product"}],"replies":[{"embeddable":true,"href":"https:\/\/livrariamaveshop.com.br\/index.php?rest_route=%2Fwp%2Fv2%2Fcomments&post=898"}],"wp:featuredmedia":[{"embeddable":true,"href":"https:\/\/livrariamaveshop.com.br\/index.php?rest_route=\/wp\/v2\/media\/899"}],"wp:attachment":[{"href":"https:\/\/livrariamaveshop.com.br\/index.php?rest_route=%2Fwp%2Fv2%2Fmedia&parent=898"}],"wp:term":[{"taxonomy":"pwb-brand","embeddable":true,"href":"https:\/\/livrariamaveshop.com.br\/index.php?rest_route=%2Fwp%2Fv2%2Fpwb-brand&post=898"},{"taxonomy":"product_cat","embeddable":true,"href":"https:\/\/livrariamaveshop.com.br\/index.php?rest_route=%2Fwp%2Fv2%2Fproduct_cat&post=898"},{"taxonomy":"product_tag","embeddable":true,"href":"https:\/\/livrariamaveshop.com.br\/index.php?rest_route=%2Fwp%2Fv2%2Fproduct_tag&post=898"}],"curies":[{"name":"wp","href":"https:\/\/api.w.org\/{rel}","templated":true}]}}