{"id":891,"date":"2024-01-16T17:07:14","date_gmt":"2024-01-16T20:07:14","guid":{"rendered":"https:\/\/livrariamaveshop.com.br\/?post_type=product&#038;p=891"},"modified":"2024-01-16T17:07:14","modified_gmt":"2024-01-16T20:07:14","slug":"a-lingua-uma-forca-criativa","status":"publish","type":"product","link":"https:\/\/livrariamaveshop.com.br\/?product=a-lingua-uma-forca-criativa","title":{"rendered":"A L\u00edngua- Uma For\u00e7a Criativa"},"content":{"rendered":"<p>As palavras que voc\u00ea diz podem lhe dar vit\u00f3ria ou mant\u00ea-lo cativo das circunst\u00e2ncias. Muitas pessoas s\u00e3o levadas ao cativeiro pelas pr\u00f3prias palavras. E \u00e9 a aus\u00eancia da Palavra de Deus em sua vida que rouba de voc\u00ea a f\u00e9 em Seu poder para libert\u00e1-lo.<br \/>\nColoque-se na posi\u00e7\u00e3o de receber o melhor de Deus declarando Sua Palavra. O poder criativo de Deus ainda funciona hoje exatamente como no princ\u00edpio dos tempos, quando Ele disse: \u201cHaja luz\u201d, e houve luz. A Palavra de Deus falada atrav\u00e9s da sua boca e concebida no seu cora\u00e7\u00e3o se torna uma for\u00e7a espiritual que libera o poder divino dentro de voc\u00ea.<br \/>\nO homem foi criado \u00e0 imagem de Deus e \u00e0 Sua semelhan\u00e7a. Aprenda a falar palavras cheias de f\u00e9, como Deus faz, \u00e0 situa\u00e7\u00e3o que o cerca e veja sua vida ser transformada. Permita que o poder criativo de Deus flua a partir de voc\u00ea.<\/p>\n<p>\u201cEu disse ao Meu povo que ele pode ter o que diz, mas Meu povo est\u00e1 dizendo apenas o que t\u00eam.\u201d<\/p>\n","protected":false},"excerpt":{"rendered":"<p>As palavras que voc\u00ea diz podem lhe dar vit\u00f3ria ou mant\u00ea-lo cativo das circunst\u00e2ncias. Muitas pessoas s\u00e3o levadas ao cativeiro pelas pr\u00f3prias palavras. E \u00e9 a aus\u00eancia da Palavra de Deus em sua vida que rouba de voc\u00ea a f\u00e9 em Seu poder para libert\u00e1-lo. Coloque-se na posi\u00e7\u00e3o de receber o melhor de Deus declarando [&hellip;]<\/p>\n","protected":false},"featured_media":893,"comment_status":"closed","ping_status":"closed","template":"","meta":{"_joinchat":[]},"pwb-brand":[42],"product_cat":[40],"product_tag":[],"class_list":{"0":"post-891","1":"product","2":"type-product","3":"status-publish","4":"has-post-thumbnail","6":"pwb-brand-charles-capps","7":"product_cat-fe","8":"product_shipping_class-geral","10":"first","11":"instock","12":"taxable","13":"shipping-taxable","14":"purchasable","15":"product-type-simple"},"brands":[{"id":42,"name":"CHARLES CAPPS","slug":"charles-capps"}],"_links":{"self":[{"href":"https:\/\/livrariamaveshop.com.br\/index.php?rest_route=\/wp\/v2\/product\/891","targetHints":{"allow":["GET"]}}],"collection":[{"href":"https:\/\/livrariamaveshop.com.br\/index.php?rest_route=\/wp\/v2\/product"}],"about":[{"href":"https:\/\/livrariamaveshop.com.br\/index.php?rest_route=\/wp\/v2\/types\/product"}],"replies":[{"embeddable":true,"href":"https:\/\/livrariamaveshop.com.br\/index.php?rest_route=%2Fwp%2Fv2%2Fcomments&post=891"}],"wp:featuredmedia":[{"embeddable":true,"href":"https:\/\/livrariamaveshop.com.br\/index.php?rest_route=\/wp\/v2\/media\/893"}],"wp:attachment":[{"href":"https:\/\/livrariamaveshop.com.br\/index.php?rest_route=%2Fwp%2Fv2%2Fmedia&parent=891"}],"wp:term":[{"taxonomy":"pwb-brand","embeddable":true,"href":"https:\/\/livrariamaveshop.com.br\/index.php?rest_route=%2Fwp%2Fv2%2Fpwb-brand&post=891"},{"taxonomy":"product_cat","embeddable":true,"href":"https:\/\/livrariamaveshop.com.br\/index.php?rest_route=%2Fwp%2Fv2%2Fproduct_cat&post=891"},{"taxonomy":"product_tag","embeddable":true,"href":"https:\/\/livrariamaveshop.com.br\/index.php?rest_route=%2Fwp%2Fv2%2Fproduct_tag&post=891"}],"curies":[{"name":"wp","href":"https:\/\/api.w.org\/{rel}","templated":true}]}}