{"id":887,"date":"2024-01-16T17:01:18","date_gmt":"2024-01-16T20:01:18","guid":{"rendered":"https:\/\/livrariamaveshop.com.br\/?post_type=product&#038;p=887"},"modified":"2024-01-26T13:50:41","modified_gmt":"2024-01-26T16:50:41","slug":"a-gloria-de-deus","status":"publish","type":"product","link":"https:\/\/livrariamaveshop.com.br\/?product=a-gloria-de-deus","title":{"rendered":"A Gl\u00f3ria de Deus"},"content":{"rendered":"<p>Deus \u00e9 um Deus de gl\u00f3ria! E nestes \u00faltimos dias, Ele manifestar\u00e1 Sua gl\u00f3ria como um sinal sobrenatural para todos verem. Usando a B\u00edblia como fundamento, Kenneth E. Hagin nos ajuda a ter uma imagem mais clara do que realmente \u00e9 a gl\u00f3ria de Deus. Ele relata suas experi\u00eancias pessoais ao ser arrebatado pela gl\u00f3ria e nos incentiva a experimentar o mesmo. \u00c9 hora de esperarmos ver a gl\u00f3ria de Deus como nunca antes!<\/p>\n","protected":false},"excerpt":{"rendered":"<p>Deus \u00e9 um Deus de gl\u00f3ria! E nestes \u00faltimos dias, Ele manifestar\u00e1 Sua gl\u00f3ria como um sinal sobrenatural para todos verem. Usando a B\u00edblia como fundamento, Kenneth E. Hagin nos ajuda a ter uma imagem mais clara do que realmente \u00e9 a gl\u00f3ria de Deus. Ele relata suas experi\u00eancias pessoais ao ser arrebatado pela gl\u00f3ria [&hellip;]<\/p>\n","protected":false},"featured_media":888,"comment_status":"closed","ping_status":"closed","template":"","meta":{"_joinchat":[]},"pwb-brand":[43],"product_cat":[82,134,21],"product_tag":[],"class_list":{"0":"post-887","1":"product","2":"type-product","3":"status-publish","4":"has-post-thumbnail","6":"pwb-brand-kenneth-e-hagin","7":"product_cat-avivamento","8":"product_cat-gloria-de-deus","9":"product_cat-lancamentos","10":"product_shipping_class-geral","12":"first","13":"instock","14":"taxable","15":"shipping-taxable","16":"purchasable","17":"product-type-simple"},"brands":[{"id":43,"name":"KENNETH E. HAGIN","slug":"kenneth-e-hagin"}],"_links":{"self":[{"href":"https:\/\/livrariamaveshop.com.br\/index.php?rest_route=\/wp\/v2\/product\/887","targetHints":{"allow":["GET"]}}],"collection":[{"href":"https:\/\/livrariamaveshop.com.br\/index.php?rest_route=\/wp\/v2\/product"}],"about":[{"href":"https:\/\/livrariamaveshop.com.br\/index.php?rest_route=\/wp\/v2\/types\/product"}],"replies":[{"embeddable":true,"href":"https:\/\/livrariamaveshop.com.br\/index.php?rest_route=%2Fwp%2Fv2%2Fcomments&post=887"}],"wp:featuredmedia":[{"embeddable":true,"href":"https:\/\/livrariamaveshop.com.br\/index.php?rest_route=\/wp\/v2\/media\/888"}],"wp:attachment":[{"href":"https:\/\/livrariamaveshop.com.br\/index.php?rest_route=%2Fwp%2Fv2%2Fmedia&parent=887"}],"wp:term":[{"taxonomy":"pwb-brand","embeddable":true,"href":"https:\/\/livrariamaveshop.com.br\/index.php?rest_route=%2Fwp%2Fv2%2Fpwb-brand&post=887"},{"taxonomy":"product_cat","embeddable":true,"href":"https:\/\/livrariamaveshop.com.br\/index.php?rest_route=%2Fwp%2Fv2%2Fproduct_cat&post=887"},{"taxonomy":"product_tag","embeddable":true,"href":"https:\/\/livrariamaveshop.com.br\/index.php?rest_route=%2Fwp%2Fv2%2Fproduct_tag&post=887"}],"curies":[{"name":"wp","href":"https:\/\/api.w.org\/{rel}","templated":true}]}}