{"id":885,"date":"2024-01-16T17:06:25","date_gmt":"2024-01-16T20:06:25","guid":{"rendered":"https:\/\/livrariamaveshop.com.br\/?post_type=product&#038;p=885"},"modified":"2024-02-02T16:29:36","modified_gmt":"2024-02-02T19:29:36","slug":"o-proprosito-da-familia","status":"publish","type":"product","link":"https:\/\/livrariamaveshop.com.br\/?product=o-proprosito-da-familia","title":{"rendered":"O Propr\u00f3sito Da F\u00e1milia"},"content":{"rendered":"<div class=\"df_con\">\n<div class=\"df_con\">\n<div class=\"rwrl rwrl_sec rwrl_resetFontbyArbiter\">\n<div class=\"df_con\">\n<div class=\"rwrl rwrl_sec rwrl_resetFontbyArbiter\">\n<div class=\"df_con\">\n<div class=\"rwrl rwrl_sec rwrl_resetFontbyArbiter\">O livro &#8220;O prop\u00f3sito da fam\u00edlia&#8221; de Luciano Subir\u00e1 \u00e9 um manual b\u00edblico do casamento e da fam\u00edlia. O autor compartilha com o leitor o que a Palavra diz acerca da fam\u00edlia, com \u00eanfase especial no casamento e vida conjugal. O livro traz respostas para as gera\u00e7\u00f5es, atuais e futuras, acerca dos princ\u00edpios e refer\u00eancias do Senhor sobre a import\u00e2ncia da fam\u00edlia. A import\u00e2ncia da fam\u00edlia vai muito al\u00e9m do seu valor emocional, ela est\u00e1 ligada ao prop\u00f3sito pelo qual o Senhor criou a fam\u00edlia: levar-nos a uma compreens\u00e3o mais clara de quem o pr\u00f3prio Deus \u00e9.<\/div>\n<\/div>\n<div class=\"df_multisrc\" role=\"list\"><\/div>\n<\/div>\n<\/div>\n<\/div>\n<\/div>\n<div class=\"df_multisrc\" role=\"list\"><\/div>\n<div class=\"rwrl rwrl_sec rwrl_resetFontbyArbiter\"><\/div>\n<\/div>\n<div class=\"df_multisrc\" role=\"list\"><\/div>\n","protected":false},"excerpt":{"rendered":"<p>O livro &#8220;O prop\u00f3sito da fam\u00edlia&#8221; de Luciano Subir\u00e1 \u00e9 um manual b\u00edblico do casamento e da fam\u00edlia. O autor compartilha com o leitor o que a Palavra diz acerca da fam\u00edlia, com \u00eanfase especial no casamento e vida conjugal. O livro traz respostas para as gera\u00e7\u00f5es, atuais e futuras, acerca dos princ\u00edpios e refer\u00eancias [&hellip;]<\/p>\n","protected":false},"featured_media":1630,"comment_status":"closed","ping_status":"closed","template":"","meta":{"_joinchat":[]},"pwb-brand":[39],"product_cat":[68],"product_tag":[],"class_list":{"0":"post-885","1":"product","2":"type-product","3":"status-publish","4":"has-post-thumbnail","6":"pwb-brand-luciano-subira","7":"product_cat-familia","9":"first","10":"instock","11":"taxable","12":"shipping-taxable","13":"product-type-simple"},"brands":[{"id":39,"name":"LUCIANO SUBIR\u00c1","slug":"luciano-subira"}],"_links":{"self":[{"href":"https:\/\/livrariamaveshop.com.br\/index.php?rest_route=\/wp\/v2\/product\/885","targetHints":{"allow":["GET"]}}],"collection":[{"href":"https:\/\/livrariamaveshop.com.br\/index.php?rest_route=\/wp\/v2\/product"}],"about":[{"href":"https:\/\/livrariamaveshop.com.br\/index.php?rest_route=\/wp\/v2\/types\/product"}],"replies":[{"embeddable":true,"href":"https:\/\/livrariamaveshop.com.br\/index.php?rest_route=%2Fwp%2Fv2%2Fcomments&post=885"}],"wp:featuredmedia":[{"embeddable":true,"href":"https:\/\/livrariamaveshop.com.br\/index.php?rest_route=\/wp\/v2\/media\/1630"}],"wp:attachment":[{"href":"https:\/\/livrariamaveshop.com.br\/index.php?rest_route=%2Fwp%2Fv2%2Fmedia&parent=885"}],"wp:term":[{"taxonomy":"pwb-brand","embeddable":true,"href":"https:\/\/livrariamaveshop.com.br\/index.php?rest_route=%2Fwp%2Fv2%2Fpwb-brand&post=885"},{"taxonomy":"product_cat","embeddable":true,"href":"https:\/\/livrariamaveshop.com.br\/index.php?rest_route=%2Fwp%2Fv2%2Fproduct_cat&post=885"},{"taxonomy":"product_tag","embeddable":true,"href":"https:\/\/livrariamaveshop.com.br\/index.php?rest_route=%2Fwp%2Fv2%2Fproduct_tag&post=885"}],"curies":[{"name":"wp","href":"https:\/\/api.w.org\/{rel}","templated":true}]}}