{"id":883,"date":"2024-01-16T16:55:40","date_gmt":"2024-01-16T19:55:40","guid":{"rendered":"https:\/\/livrariamaveshop.com.br\/?post_type=product&#038;p=883"},"modified":"2024-01-16T16:55:40","modified_gmt":"2024-01-16T19:55:40","slug":"autoridade-em-tres-mundos","status":"publish","type":"product","link":"https:\/\/livrariamaveshop.com.br\/?product=autoridade-em-tres-mundos","title":{"rendered":"Autoridade em Tr\u00eas Mundos"},"content":{"rendered":"<p>O nome de Jesus nos d\u00e1 autoridade em tr\u00eas mundos: sobre os seres na terra, sobre os seres debaixo da terra e sobre os seres no c\u00e9u. Deus restaurou nossa autoridade na terra por meio do renascimento do esp\u00edrito humano. Ele devolveu a voc\u00ea e a mim o que Satan\u00e1s roubou de Ad\u00e3o.<\/p>\n<h2>PROFECIA DADA A CHARLES CAPPS AO ENSINAR ESTA MENSAGEM<\/h2>\n<p><em>Porque est\u00e1 pr\u00f3ximo o dia em que o minist\u00e9rio da Palavra de Deus ser\u00e1 restaurado na Igreja. Aqueles que estiverem mortos para as coisas de Deus se levantar\u00e3o e andar\u00e3o na sabedoria e no poder do Senhor!<br \/>\nA for\u00e7a do Deus Todo-Poderoso fluir\u00e1 no meio deles! Ent\u00e3o eles andar\u00e3o no caminho da vida at\u00e9 que a sabedoria que flui de seus l\u00e1bios surpreenda o mundo.<br \/>\nAssim a un\u00e7\u00e3o de Deus fluir\u00e1 na terra e a Igreja do Deus Todo-Poderoso ser\u00e1 edificada! Isso acontecer\u00e1 como uma explos\u00e3o, pelo poder do Esp\u00edrito de Deus!<\/em><\/p>\n","protected":false},"excerpt":{"rendered":"<p>O nome de Jesus nos d\u00e1 autoridade em tr\u00eas mundos: sobre os seres na terra, sobre os seres debaixo da terra e sobre os seres no c\u00e9u. Deus restaurou nossa autoridade na terra por meio do renascimento do esp\u00edrito humano. Ele devolveu a voc\u00ea e a mim o que Satan\u00e1s roubou de Ad\u00e3o. PROFECIA DADA [&hellip;]<\/p>\n","protected":false},"featured_media":886,"comment_status":"closed","ping_status":"closed","template":"","meta":{"_joinchat":[]},"pwb-brand":[42],"product_cat":[40],"product_tag":[],"class_list":{"0":"post-883","1":"product","2":"type-product","3":"status-publish","4":"has-post-thumbnail","6":"pwb-brand-charles-capps","7":"product_cat-fe","8":"product_shipping_class-geral","10":"first","11":"instock","12":"taxable","13":"shipping-taxable","14":"purchasable","15":"product-type-simple"},"brands":[{"id":42,"name":"CHARLES CAPPS","slug":"charles-capps"}],"_links":{"self":[{"href":"https:\/\/livrariamaveshop.com.br\/index.php?rest_route=\/wp\/v2\/product\/883","targetHints":{"allow":["GET"]}}],"collection":[{"href":"https:\/\/livrariamaveshop.com.br\/index.php?rest_route=\/wp\/v2\/product"}],"about":[{"href":"https:\/\/livrariamaveshop.com.br\/index.php?rest_route=\/wp\/v2\/types\/product"}],"replies":[{"embeddable":true,"href":"https:\/\/livrariamaveshop.com.br\/index.php?rest_route=%2Fwp%2Fv2%2Fcomments&post=883"}],"wp:featuredmedia":[{"embeddable":true,"href":"https:\/\/livrariamaveshop.com.br\/index.php?rest_route=\/wp\/v2\/media\/886"}],"wp:attachment":[{"href":"https:\/\/livrariamaveshop.com.br\/index.php?rest_route=%2Fwp%2Fv2%2Fmedia&parent=883"}],"wp:term":[{"taxonomy":"pwb-brand","embeddable":true,"href":"https:\/\/livrariamaveshop.com.br\/index.php?rest_route=%2Fwp%2Fv2%2Fpwb-brand&post=883"},{"taxonomy":"product_cat","embeddable":true,"href":"https:\/\/livrariamaveshop.com.br\/index.php?rest_route=%2Fwp%2Fv2%2Fproduct_cat&post=883"},{"taxonomy":"product_tag","embeddable":true,"href":"https:\/\/livrariamaveshop.com.br\/index.php?rest_route=%2Fwp%2Fv2%2Fproduct_tag&post=883"}],"curies":[{"name":"wp","href":"https:\/\/api.w.org\/{rel}","templated":true}]}}