{"id":880,"date":"2024-01-16T16:49:20","date_gmt":"2024-01-16T19:49:20","guid":{"rendered":"https:\/\/livrariamaveshop.com.br\/?post_type=product&#038;p=880"},"modified":"2024-01-19T21:53:43","modified_gmt":"2024-01-20T00:53:43","slug":"a-autoridade-do-crente","status":"publish","type":"product","link":"https:\/\/livrariamaveshop.com.br\/?product=a-autoridade-do-crente","title":{"rendered":"A Autoridade do Crente"},"content":{"rendered":"<p style=\"font-weight: 400;\"><em>\u201cAutoridade do Crente (Edi\u00e7\u00e3o Legado)\u201d<\/em> do autor Kenneth E. Hagin, \u00e9 uma obra que se tornou um grande cl\u00e1ssico da literatura crist\u00e3 e aborda verdades maravilhosas a respeito da autoridade que temos como crentes, como crist\u00e3os, como tamb\u00e9m a import\u00e2ncia de saber destas verdades para que venhamos a andar e viver conhecendo de fato quem somos e o que podemos fazer.<\/p>\n<p style=\"font-weight: 400;\">A Rhema Brasil Publica\u00e7\u00f5es relan\u00e7a esse livro em sua vers\u00e3o extendida com ap\u00eandices acerca de assuntos relacionados ao livro, tais como um pref\u00e1cio especial do filho do Rev. Hagin, Rer. Kenneth W. Hagin; uma vers\u00e3o hist\u00f3rica \u201cVida e Legado\u201d; quatro mensagens adicionais do Rev. Hagin sobre a autoridade que os crentes t\u00eam por causa da posi\u00e7\u00e3o deles em Cristo; uma galeria de fotos comentadas sobre sua vida e minist\u00e9rio confiado ao Rev. Hagin por Deus.<\/p>\n<p style=\"font-weight: 400;\">Temos alguma autoridade que n\u00e3o conhecemos, que n\u00e3o descobrimos ainda, que n\u00e3o estamos usando? Voc\u00ea descobrir\u00e1 de forma mais profunda na leitura desse grande cl\u00e1ssico da literatura crist\u00e3. N\u00e3o se esque\u00e7a: <em>Voc\u00ea tem autoridade! Exer\u00e7a!<\/em><\/p>\n","protected":false},"excerpt":{"rendered":"<p>\u201cAutoridade do Crente (Edi\u00e7\u00e3o Legado)\u201d do autor Kenneth E. Hagin, \u00e9 uma obra que se tornou um grande cl\u00e1ssico da literatura crist\u00e3 e aborda verdades maravilhosas a respeito da autoridade que temos como crentes, como crist\u00e3os, como tamb\u00e9m a import\u00e2ncia de saber destas verdades para que venhamos a andar e viver conhecendo de fato quem [&hellip;]<\/p>\n","protected":false},"featured_media":881,"comment_status":"closed","ping_status":"closed","template":"","meta":{"_joinchat":[]},"pwb-brand":[43],"product_cat":[40,21],"product_tag":[],"class_list":{"0":"post-880","1":"product","2":"type-product","3":"status-publish","4":"has-post-thumbnail","6":"pwb-brand-kenneth-e-hagin","7":"product_cat-fe","8":"product_cat-lancamentos","9":"product_shipping_class-geral","11":"first","12":"instock","13":"taxable","14":"shipping-taxable","15":"purchasable","16":"product-type-simple"},"brands":[{"id":43,"name":"KENNETH E. HAGIN","slug":"kenneth-e-hagin"}],"_links":{"self":[{"href":"https:\/\/livrariamaveshop.com.br\/index.php?rest_route=\/wp\/v2\/product\/880","targetHints":{"allow":["GET"]}}],"collection":[{"href":"https:\/\/livrariamaveshop.com.br\/index.php?rest_route=\/wp\/v2\/product"}],"about":[{"href":"https:\/\/livrariamaveshop.com.br\/index.php?rest_route=\/wp\/v2\/types\/product"}],"replies":[{"embeddable":true,"href":"https:\/\/livrariamaveshop.com.br\/index.php?rest_route=%2Fwp%2Fv2%2Fcomments&post=880"}],"wp:featuredmedia":[{"embeddable":true,"href":"https:\/\/livrariamaveshop.com.br\/index.php?rest_route=\/wp\/v2\/media\/881"}],"wp:attachment":[{"href":"https:\/\/livrariamaveshop.com.br\/index.php?rest_route=%2Fwp%2Fv2%2Fmedia&parent=880"}],"wp:term":[{"taxonomy":"pwb-brand","embeddable":true,"href":"https:\/\/livrariamaveshop.com.br\/index.php?rest_route=%2Fwp%2Fv2%2Fpwb-brand&post=880"},{"taxonomy":"product_cat","embeddable":true,"href":"https:\/\/livrariamaveshop.com.br\/index.php?rest_route=%2Fwp%2Fv2%2Fproduct_cat&post=880"},{"taxonomy":"product_tag","embeddable":true,"href":"https:\/\/livrariamaveshop.com.br\/index.php?rest_route=%2Fwp%2Fv2%2Fproduct_tag&post=880"}],"curies":[{"name":"wp","href":"https:\/\/api.w.org\/{rel}","templated":true}]}}