{"id":874,"date":"2024-01-16T16:34:25","date_gmt":"2024-01-16T19:34:25","guid":{"rendered":"https:\/\/livrariamaveshop.com.br\/?post_type=product&#038;p=874"},"modified":"2024-01-16T16:34:25","modified_gmt":"2024-01-16T19:34:25","slug":"aprendendo-a-fluir-com-o-espirito-de-deus","status":"publish","type":"product","link":"https:\/\/livrariamaveshop.com.br\/?product=aprendendo-a-fluir-com-o-espirito-de-deus","title":{"rendered":"Aprendendo a Fluir Com o Espirito de Deus"},"content":{"rendered":"<p>Aprendendo a Fluir:<\/p>\n<p>Recomendado para todo aquele que deseja um novo mover do Esp\u00edrito Santo em sua vida, este livreto de f\u00e1cil leitura ajudar\u00e1 o leitor a entender a import\u00e2ncia de convidar o Esp\u00edrito a fluir em sua vida, porque sem Ele nada podemos fazer.<br \/>\nO Rev. Kenneth E. Hagin ensina que h\u00e1 uma linha t\u00eanue entre a verdadeira espiritualidade e o excesso, instruindo a Igreja de Cristo a como se render ao Esp\u00edrito tanto individual quanto coletivamente. Ele tamb\u00e9m nos mostra como estabelecer a disciplina nos cultos da igreja quando os dons do Esp\u00edrito estiverem em opera\u00e7\u00e3o.<br \/>\nDeus quer fazer muito em nossa vida, mas, \u00e0s vezes, por ignor\u00e2ncia, atrapalhamos o fluir do mover espiritual. Os excessos podem matar o fluxo do Esp\u00edrito, mas os l\u00edderes que o seguem podem ver milagres acontecerem ao interromperem os excessos carnais e permitirem o verdadeiro mover de Deus.<\/p>\n<p>&nbsp;<\/p>\n","protected":false},"excerpt":{"rendered":"<p>Aprendendo a Fluir: Recomendado para todo aquele que deseja um novo mover do Esp\u00edrito Santo em sua vida, este livreto de f\u00e1cil leitura ajudar\u00e1 o leitor a entender a import\u00e2ncia de convidar o Esp\u00edrito a fluir em sua vida, porque sem Ele nada podemos fazer. O Rev. Kenneth E. Hagin ensina que h\u00e1 uma linha [&hellip;]<\/p>\n","protected":false},"featured_media":875,"comment_status":"closed","ping_status":"closed","template":"","meta":{"_joinchat":[]},"pwb-brand":[43],"product_cat":[66],"product_tag":[],"class_list":{"0":"post-874","1":"product","2":"type-product","3":"status-publish","4":"has-post-thumbnail","6":"pwb-brand-kenneth-e-hagin","7":"product_cat-espirito-santo","8":"product_shipping_class-geral","10":"first","11":"instock","12":"taxable","13":"shipping-taxable","14":"purchasable","15":"product-type-simple"},"brands":[{"id":43,"name":"KENNETH E. HAGIN","slug":"kenneth-e-hagin"}],"_links":{"self":[{"href":"https:\/\/livrariamaveshop.com.br\/index.php?rest_route=\/wp\/v2\/product\/874","targetHints":{"allow":["GET"]}}],"collection":[{"href":"https:\/\/livrariamaveshop.com.br\/index.php?rest_route=\/wp\/v2\/product"}],"about":[{"href":"https:\/\/livrariamaveshop.com.br\/index.php?rest_route=\/wp\/v2\/types\/product"}],"replies":[{"embeddable":true,"href":"https:\/\/livrariamaveshop.com.br\/index.php?rest_route=%2Fwp%2Fv2%2Fcomments&post=874"}],"wp:featuredmedia":[{"embeddable":true,"href":"https:\/\/livrariamaveshop.com.br\/index.php?rest_route=\/wp\/v2\/media\/875"}],"wp:attachment":[{"href":"https:\/\/livrariamaveshop.com.br\/index.php?rest_route=%2Fwp%2Fv2%2Fmedia&parent=874"}],"wp:term":[{"taxonomy":"pwb-brand","embeddable":true,"href":"https:\/\/livrariamaveshop.com.br\/index.php?rest_route=%2Fwp%2Fv2%2Fpwb-brand&post=874"},{"taxonomy":"product_cat","embeddable":true,"href":"https:\/\/livrariamaveshop.com.br\/index.php?rest_route=%2Fwp%2Fv2%2Fproduct_cat&post=874"},{"taxonomy":"product_tag","embeddable":true,"href":"https:\/\/livrariamaveshop.com.br\/index.php?rest_route=%2Fwp%2Fv2%2Fproduct_tag&post=874"}],"curies":[{"name":"wp","href":"https:\/\/api.w.org\/{rel}","templated":true}]}}