{"id":871,"date":"2024-01-16T16:46:37","date_gmt":"2024-01-16T19:46:37","guid":{"rendered":"https:\/\/livrariamaveshop.com.br\/?post_type=product&#038;p=871"},"modified":"2024-01-16T16:46:37","modified_gmt":"2024-01-16T19:46:37","slug":"o-impacto-da-santidade","status":"publish","type":"product","link":"https:\/\/livrariamaveshop.com.br\/?product=o-impacto-da-santidade","title":{"rendered":"O Impacto Da Santidade"},"content":{"rendered":"<p>Deus nos chamou \u00e0 santidade. Mas o que, exatamente, \u00e9 santidade? Quais s\u00e3o suas etapas? Como se d\u00e1 a santifica\u00e7\u00e3o? Qual \u00e9 a participa\u00e7\u00e3o divina e qual \u00e9 a humana na santifica\u00e7\u00e3o? Como ela alcan\u00e7a cada aspecto de nosso ser? Qual \u00e9 a nossa responsabilidade no processo? O que Deus espera n\u00e3o s\u00f3 de Seus filhos, mas, em especial, de Seus ministros? Seja encorajado a um compromisso profundo com Deus e Sua natureza santa, tanto para desfrutar a plenitude do que lhe pertence como prepar\u00e1-lo para o dia do grande encontro com o Senhor. Voc\u00ea experimentar\u00e1 resultados extraordin\u00e1rios e eternos.<\/p>\n","protected":false},"excerpt":{"rendered":"<p>Deus nos chamou \u00e0 santidade. Mas o que, exatamente, \u00e9 santidade? Quais s\u00e3o suas etapas? Como se d\u00e1 a santifica\u00e7\u00e3o? Qual \u00e9 a participa\u00e7\u00e3o divina e qual \u00e9 a humana na santifica\u00e7\u00e3o? Como ela alcan\u00e7a cada aspecto de nosso ser? Qual \u00e9 a nossa responsabilidade no processo? O que Deus espera n\u00e3o s\u00f3 de Seus [&hellip;]<\/p>\n","protected":false},"featured_media":877,"comment_status":"closed","ping_status":"closed","template":"","meta":{"_joinchat":[]},"pwb-brand":[],"product_cat":[67],"product_tag":[],"class_list":{"0":"post-871","1":"product","2":"type-product","3":"status-publish","4":"has-post-thumbnail","6":"product_cat-santidade","7":"product_shipping_class-geral","9":"first","10":"instock","11":"taxable","12":"shipping-taxable","13":"purchasable","14":"product-type-simple"},"brands":[],"_links":{"self":[{"href":"https:\/\/livrariamaveshop.com.br\/index.php?rest_route=\/wp\/v2\/product\/871","targetHints":{"allow":["GET"]}}],"collection":[{"href":"https:\/\/livrariamaveshop.com.br\/index.php?rest_route=\/wp\/v2\/product"}],"about":[{"href":"https:\/\/livrariamaveshop.com.br\/index.php?rest_route=\/wp\/v2\/types\/product"}],"replies":[{"embeddable":true,"href":"https:\/\/livrariamaveshop.com.br\/index.php?rest_route=%2Fwp%2Fv2%2Fcomments&post=871"}],"wp:featuredmedia":[{"embeddable":true,"href":"https:\/\/livrariamaveshop.com.br\/index.php?rest_route=\/wp\/v2\/media\/877"}],"wp:attachment":[{"href":"https:\/\/livrariamaveshop.com.br\/index.php?rest_route=%2Fwp%2Fv2%2Fmedia&parent=871"}],"wp:term":[{"taxonomy":"pwb-brand","embeddable":true,"href":"https:\/\/livrariamaveshop.com.br\/index.php?rest_route=%2Fwp%2Fv2%2Fpwb-brand&post=871"},{"taxonomy":"product_cat","embeddable":true,"href":"https:\/\/livrariamaveshop.com.br\/index.php?rest_route=%2Fwp%2Fv2%2Fproduct_cat&post=871"},{"taxonomy":"product_tag","embeddable":true,"href":"https:\/\/livrariamaveshop.com.br\/index.php?rest_route=%2Fwp%2Fv2%2Fproduct_tag&post=871"}],"curies":[{"name":"wp","href":"https:\/\/api.w.org\/{rel}","templated":true}]}}