{"id":866,"date":"2024-01-16T16:13:34","date_gmt":"2024-01-16T19:13:34","guid":{"rendered":"https:\/\/livrariamaveshop.com.br\/?post_type=product&#038;p=866"},"modified":"2024-01-24T14:09:32","modified_gmt":"2024-01-24T17:09:32","slug":"agarrando-o-espirito-da-fe","status":"publish","type":"product","link":"https:\/\/livrariamaveshop.com.br\/?product=agarrando-o-espirito-da-fe","title":{"rendered":"Agarrando o Espirito da F\u00e9"},"content":{"rendered":"<p style=\"font-weight: 400;\"><i>\u201cAgarrando o Esp\u00edrito da F\u00e9\u201d <\/i>do autor Scott Webb, \u00e9 uma obra que aborda assuntos espec\u00edficos sobre a f\u00e9. Scott Webb afirma neste livro que a doutrina da f\u00e9 pode ser ensinada, mas o esp\u00edrito da f\u00e9 deve ser agarrado e agarrando Ele voc\u00ea recebe as promessas de Deus de forma miraculosa. Neste livro, voc\u00ea vai descobrir a diferen\u00e7a entre saber sobre f\u00e9 e receber o esp\u00edrito da f\u00e9 atrav\u00e9s de Jesus Cristo.<\/p>\n<p style=\"font-weight: 400;\">Nesta obra, \u00e9 ensinado que o esp\u00edrito da f\u00e9 vem pela associa\u00e7\u00e3o com Jesus Cristo e a Palavra, comunh\u00e3o com o Esp\u00edrito Santo e com homens e mulheres de Deus. Nestas p\u00e1ginas, descubra as chaves para agarrar e desenvolver o esp\u00edrito da f\u00e9 em sua vida.<\/p>\n<p style=\"font-weight: 400;\">Na leitura deste livro, com os ensinamentos preciosos acerca da f\u00e9 voc\u00ea aprender\u00e1 como superar todas as adversidades e viver em vit\u00f3ria, agarrando o esp\u00edrito da f\u00e9.<\/p>\n","protected":false},"excerpt":{"rendered":"<p>\u201cAgarrando o Esp\u00edrito da F\u00e9\u201d do autor Scott Webb, \u00e9 uma obra que aborda assuntos espec\u00edficos sobre a f\u00e9. Scott Webb afirma neste livro que a doutrina da f\u00e9 pode ser ensinada, mas o esp\u00edrito da f\u00e9 deve ser agarrado e agarrando Ele voc\u00ea recebe as promessas de Deus de forma miraculosa. Neste livro, voc\u00ea [&hellip;]<\/p>\n","protected":false},"featured_media":868,"comment_status":"closed","ping_status":"closed","template":"","meta":{"_joinchat":[]},"pwb-brand":[64],"product_cat":[40,21],"product_tag":[],"class_list":{"0":"post-866","1":"product","2":"type-product","3":"status-publish","4":"has-post-thumbnail","6":"pwb-brand-scott-webb","7":"product_cat-fe","8":"product_cat-lancamentos","9":"product_shipping_class-geral","11":"first","12":"instock","13":"taxable","14":"shipping-taxable","15":"purchasable","16":"product-type-simple"},"brands":[{"id":64,"name":"SCOTT WEBB","slug":"scott-webb"}],"_links":{"self":[{"href":"https:\/\/livrariamaveshop.com.br\/index.php?rest_route=\/wp\/v2\/product\/866","targetHints":{"allow":["GET"]}}],"collection":[{"href":"https:\/\/livrariamaveshop.com.br\/index.php?rest_route=\/wp\/v2\/product"}],"about":[{"href":"https:\/\/livrariamaveshop.com.br\/index.php?rest_route=\/wp\/v2\/types\/product"}],"replies":[{"embeddable":true,"href":"https:\/\/livrariamaveshop.com.br\/index.php?rest_route=%2Fwp%2Fv2%2Fcomments&post=866"}],"wp:featuredmedia":[{"embeddable":true,"href":"https:\/\/livrariamaveshop.com.br\/index.php?rest_route=\/wp\/v2\/media\/868"}],"wp:attachment":[{"href":"https:\/\/livrariamaveshop.com.br\/index.php?rest_route=%2Fwp%2Fv2%2Fmedia&parent=866"}],"wp:term":[{"taxonomy":"pwb-brand","embeddable":true,"href":"https:\/\/livrariamaveshop.com.br\/index.php?rest_route=%2Fwp%2Fv2%2Fpwb-brand&post=866"},{"taxonomy":"product_cat","embeddable":true,"href":"https:\/\/livrariamaveshop.com.br\/index.php?rest_route=%2Fwp%2Fv2%2Fproduct_cat&post=866"},{"taxonomy":"product_tag","embeddable":true,"href":"https:\/\/livrariamaveshop.com.br\/index.php?rest_route=%2Fwp%2Fv2%2Fproduct_tag&post=866"}],"curies":[{"name":"wp","href":"https:\/\/api.w.org\/{rel}","templated":true}]}}