{"id":864,"date":"2024-01-16T16:19:51","date_gmt":"2024-01-16T19:19:51","guid":{"rendered":"https:\/\/livrariamaveshop.com.br\/?post_type=product&#038;p=864"},"modified":"2024-01-25T12:24:21","modified_gmt":"2024-01-25T15:24:21","slug":"o-falar-em-linguas","status":"publish","type":"product","link":"https:\/\/livrariamaveshop.com.br\/?product=o-falar-em-linguas","title":{"rendered":"O Falar Em L\u00ednguas"},"content":{"rendered":"<p>O livro<strong>\u00a0O Falar Em L\u00ednguas\u00a0<\/strong>do autor<strong>\u00a0Luciano Subir\u00e1<\/strong>\u00a0explora o que a B\u00edblia ensina acerca da linguagem sobrenatural de Ora\u00e7\u00e3o: o falar em l\u00ednguas, que \u00e9 hoje, para muitos crist\u00e3os, uma inc\u00f3gnita. Nesta obra Luciano Subir\u00e1, fundamentado em sua experi\u00eancia pessoal com o Esp\u00edrito Santo e no estudo b\u00edblico, compartilha com os leitores a respeito dos mist\u00e9rios da ferramenta de edifica\u00e7\u00e3o que \u00e9 o orar em l\u00ednguas.<\/p>\n","protected":false},"excerpt":{"rendered":"<p>O livro\u00a0O Falar Em L\u00ednguas\u00a0do autor\u00a0Luciano Subir\u00e1\u00a0explora o que a B\u00edblia ensina acerca da linguagem sobrenatural de Ora\u00e7\u00e3o: o falar em l\u00ednguas, que \u00e9 hoje, para muitos crist\u00e3os, uma inc\u00f3gnita. Nesta obra Luciano Subir\u00e1, fundamentado em sua experi\u00eancia pessoal com o Esp\u00edrito Santo e no estudo b\u00edblico, compartilha com os leitores a respeito dos mist\u00e9rios [&hellip;]<\/p>\n","protected":false},"featured_media":867,"comment_status":"closed","ping_status":"closed","template":"","meta":{"_joinchat":[]},"pwb-brand":[39],"product_cat":[65],"product_tag":[],"class_list":{"0":"post-864","1":"product","2":"type-product","3":"status-publish","4":"has-post-thumbnail","6":"pwb-brand-luciano-subira","7":"product_cat-oracao","8":"product_shipping_class-geral","10":"first","11":"instock","12":"taxable","13":"shipping-taxable","14":"purchasable","15":"product-type-simple"},"brands":[{"id":39,"name":"LUCIANO SUBIR\u00c1","slug":"luciano-subira"}],"_links":{"self":[{"href":"https:\/\/livrariamaveshop.com.br\/index.php?rest_route=\/wp\/v2\/product\/864","targetHints":{"allow":["GET"]}}],"collection":[{"href":"https:\/\/livrariamaveshop.com.br\/index.php?rest_route=\/wp\/v2\/product"}],"about":[{"href":"https:\/\/livrariamaveshop.com.br\/index.php?rest_route=\/wp\/v2\/types\/product"}],"replies":[{"embeddable":true,"href":"https:\/\/livrariamaveshop.com.br\/index.php?rest_route=%2Fwp%2Fv2%2Fcomments&post=864"}],"wp:featuredmedia":[{"embeddable":true,"href":"https:\/\/livrariamaveshop.com.br\/index.php?rest_route=\/wp\/v2\/media\/867"}],"wp:attachment":[{"href":"https:\/\/livrariamaveshop.com.br\/index.php?rest_route=%2Fwp%2Fv2%2Fmedia&parent=864"}],"wp:term":[{"taxonomy":"pwb-brand","embeddable":true,"href":"https:\/\/livrariamaveshop.com.br\/index.php?rest_route=%2Fwp%2Fv2%2Fpwb-brand&post=864"},{"taxonomy":"product_cat","embeddable":true,"href":"https:\/\/livrariamaveshop.com.br\/index.php?rest_route=%2Fwp%2Fv2%2Fproduct_cat&post=864"},{"taxonomy":"product_tag","embeddable":true,"href":"https:\/\/livrariamaveshop.com.br\/index.php?rest_route=%2Fwp%2Fv2%2Fproduct_tag&post=864"}],"curies":[{"name":"wp","href":"https:\/\/api.w.org\/{rel}","templated":true}]}}