{"id":838,"date":"2024-01-16T14:41:05","date_gmt":"2024-01-16T17:41:05","guid":{"rendered":"https:\/\/livrariamaveshop.com.br\/?post_type=product&#038;p=838"},"modified":"2024-01-19T21:52:28","modified_gmt":"2024-01-20T00:52:28","slug":"a-manifestacao-da-gloria-de-deus","status":"publish","type":"product","link":"https:\/\/livrariamaveshop.com.br\/?product=a-manifestacao-da-gloria-de-deus","title":{"rendered":"A MANIFESTA\u00c7\u00c3O DA GL\u00d3RIA DE DEUS"},"content":{"rendered":"<p><i>\u201cA Manifesta\u00e7\u00e3o da Gl\u00f3ria de Deus\u201d <\/i>do autor Brad Flook, \u00e9 uma obra que aborda os nossos privil\u00e9gios como filhos de Deus em uma alian\u00e7a superior. Este livro traz tamb\u00e9m muitas experi\u00eancias de Brad Flook vivenciou ao viajar por todo o mundo em confer\u00eancias do Esp\u00edrito Santo com enfermos sendo curados, com surdos passando a ouvir, com cegos come\u00e7ando a ver e milhares de pessoas sendo tocadas e cheias da alegria do Esp\u00edrito Santo.<\/p>\n<p>&nbsp;<\/p>\n<p>Neste livro, voc\u00ea aprender\u00e1 como: fazer a Palavra de Deus trabalhar em seu favor; discernir tudo o que Deus lhe prometeu na Sua Palavra; participar da mesa da comunh\u00e3o da Santa Ceia; sair do cativeiro e tirar o cativeiro de dentro de voc\u00ea; tomar posse da b\u00ean\u00e7\u00e3o de Abra\u00e3o; e experimentar da un\u00e7\u00e3o de Deus dispon\u00edvel para a Igreja.<\/p>\n<p>&nbsp;<\/p>\n<p>Esteja pronto para experimentar da maior gl\u00f3ria do minist\u00e9rio do Esp\u00edrito Santo. Este livro \u00e9 para voc\u00ea!<\/p>\n<p style=\"font-weight: 400;\">\n","protected":false},"excerpt":{"rendered":"<p>\u201cA Manifesta\u00e7\u00e3o da Gl\u00f3ria de Deus\u201d do autor Brad Flook, \u00e9 uma obra que aborda os nossos privil\u00e9gios como filhos de Deus em uma alian\u00e7a superior. Este livro traz tamb\u00e9m muitas experi\u00eancias de Brad Flook vivenciou ao viajar por todo o mundo em confer\u00eancias do Esp\u00edrito Santo com enfermos sendo curados, com surdos passando a [&hellip;]<\/p>\n","protected":false},"featured_media":839,"comment_status":"closed","ping_status":"closed","template":"","meta":{"_joinchat":[]},"pwb-brand":[52],"product_cat":[40,21],"product_tag":[],"class_list":{"0":"post-838","1":"product","2":"type-product","3":"status-publish","4":"has-post-thumbnail","6":"pwb-brand-brad-flook","7":"product_cat-fe","8":"product_cat-lancamentos","9":"product_shipping_class-geral","11":"first","12":"instock","13":"taxable","14":"shipping-taxable","15":"purchasable","16":"product-type-simple"},"brands":[{"id":52,"name":"BRAD FLOOK","slug":"brad-flook"}],"_links":{"self":[{"href":"https:\/\/livrariamaveshop.com.br\/index.php?rest_route=\/wp\/v2\/product\/838","targetHints":{"allow":["GET"]}}],"collection":[{"href":"https:\/\/livrariamaveshop.com.br\/index.php?rest_route=\/wp\/v2\/product"}],"about":[{"href":"https:\/\/livrariamaveshop.com.br\/index.php?rest_route=\/wp\/v2\/types\/product"}],"replies":[{"embeddable":true,"href":"https:\/\/livrariamaveshop.com.br\/index.php?rest_route=%2Fwp%2Fv2%2Fcomments&post=838"}],"wp:featuredmedia":[{"embeddable":true,"href":"https:\/\/livrariamaveshop.com.br\/index.php?rest_route=\/wp\/v2\/media\/839"}],"wp:attachment":[{"href":"https:\/\/livrariamaveshop.com.br\/index.php?rest_route=%2Fwp%2Fv2%2Fmedia&parent=838"}],"wp:term":[{"taxonomy":"pwb-brand","embeddable":true,"href":"https:\/\/livrariamaveshop.com.br\/index.php?rest_route=%2Fwp%2Fv2%2Fpwb-brand&post=838"},{"taxonomy":"product_cat","embeddable":true,"href":"https:\/\/livrariamaveshop.com.br\/index.php?rest_route=%2Fwp%2Fv2%2Fproduct_cat&post=838"},{"taxonomy":"product_tag","embeddable":true,"href":"https:\/\/livrariamaveshop.com.br\/index.php?rest_route=%2Fwp%2Fv2%2Fproduct_tag&post=838"}],"curies":[{"name":"wp","href":"https:\/\/api.w.org\/{rel}","templated":true}]}}