{"id":825,"date":"2024-01-16T14:09:05","date_gmt":"2024-01-16T17:09:05","guid":{"rendered":"https:\/\/livrariamaveshop.com.br\/?post_type=product&#038;p=825"},"modified":"2024-01-19T21:52:55","modified_gmt":"2024-01-20T00:52:55","slug":"a-cultura-do-jejum","status":"publish","type":"product","link":"https:\/\/livrariamaveshop.com.br\/?product=a-cultura-do-jejum","title":{"rendered":"A Cultura Do Jejum"},"content":{"rendered":"<p><strong>Sinopse<\/strong><\/p>\n<p>\u201cESSE TEMA EST\u00c1 BASTANTE BATIDO. Parece que n\u00e3o h\u00e1 nada mais que se possa dizer que enrique\u00e7a esse assunto.\u201d Se voc\u00ea pensa assim, vai mudar de ideia ao ler A cultura do jejum, de Luciano Subir\u00e1.<\/p>\n<p>O autor debru\u00e7ou-se sobre as Escrituras e recorreu a especialistas na \u00e1rea m\u00e9dica para produzir um texto rico em conte\u00fado e bastante pr\u00e1tico para o exerc\u00edcio dessa disciplina espiritual amplamente citada nas Escrituras. Ao concluir a leitura deste livro, tem-se a impress\u00e3o de que o autor esgotou o assunto ao analisar de forma rica e profunda essa tem\u00e1tica b\u00edblica.<\/p>\n<p>Al\u00e9m de examinar o essencial \u2014 o que \u00e9 o jejum e o que a B\u00edblia diz a respeito \u2014, ele vai al\u00e9m e enriquece a an\u00e1lise ao apresentar os tipos de jejum, sua dura\u00e7\u00e3o, seus efeitos, seus prop\u00f3sitos e a forma de jejuar, sem contar os aspectos m\u00e9dico-cient\u00edficos relacionados a essa pr\u00e1tica milenar. H\u00e1 um cap\u00edtulo especial em que Subir\u00e1 responde de forma clara e sucinta a 40 quest\u00f5es espec\u00edficas sobre o assunto.<\/p>\n<p>Este livro \u00e9 uma vis\u00e3o b\u00edblica e prof\u00e9tica do jejum para o tempo do fim e o conduzir\u00e1 a um n\u00edvel m<\/p>\n","protected":false},"excerpt":{"rendered":"<p>Sinopse \u201cESSE TEMA EST\u00c1 BASTANTE BATIDO. Parece que n\u00e3o h\u00e1 nada mais que se possa dizer que enrique\u00e7a esse assunto.\u201d Se voc\u00ea pensa assim, vai mudar de ideia ao ler A cultura do jejum, de Luciano Subir\u00e1. O autor debru\u00e7ou-se sobre as Escrituras e recorreu a especialistas na \u00e1rea m\u00e9dica para produzir um texto rico [&hellip;]<\/p>\n","protected":false},"featured_media":826,"comment_status":"closed","ping_status":"closed","template":"","meta":{"_joinchat":[]},"pwb-brand":[39],"product_cat":[40,21],"product_tag":[],"class_list":{"0":"post-825","1":"product","2":"type-product","3":"status-publish","4":"has-post-thumbnail","6":"pwb-brand-luciano-subira","7":"product_cat-fe","8":"product_cat-lancamentos","9":"product_shipping_class-geral","11":"first","12":"instock","13":"taxable","14":"shipping-taxable","15":"purchasable","16":"product-type-simple"},"brands":[{"id":39,"name":"LUCIANO SUBIR\u00c1","slug":"luciano-subira"}],"_links":{"self":[{"href":"https:\/\/livrariamaveshop.com.br\/index.php?rest_route=\/wp\/v2\/product\/825","targetHints":{"allow":["GET"]}}],"collection":[{"href":"https:\/\/livrariamaveshop.com.br\/index.php?rest_route=\/wp\/v2\/product"}],"about":[{"href":"https:\/\/livrariamaveshop.com.br\/index.php?rest_route=\/wp\/v2\/types\/product"}],"replies":[{"embeddable":true,"href":"https:\/\/livrariamaveshop.com.br\/index.php?rest_route=%2Fwp%2Fv2%2Fcomments&post=825"}],"wp:featuredmedia":[{"embeddable":true,"href":"https:\/\/livrariamaveshop.com.br\/index.php?rest_route=\/wp\/v2\/media\/826"}],"wp:attachment":[{"href":"https:\/\/livrariamaveshop.com.br\/index.php?rest_route=%2Fwp%2Fv2%2Fmedia&parent=825"}],"wp:term":[{"taxonomy":"pwb-brand","embeddable":true,"href":"https:\/\/livrariamaveshop.com.br\/index.php?rest_route=%2Fwp%2Fv2%2Fpwb-brand&post=825"},{"taxonomy":"product_cat","embeddable":true,"href":"https:\/\/livrariamaveshop.com.br\/index.php?rest_route=%2Fwp%2Fv2%2Fproduct_cat&post=825"},{"taxonomy":"product_tag","embeddable":true,"href":"https:\/\/livrariamaveshop.com.br\/index.php?rest_route=%2Fwp%2Fv2%2Fproduct_tag&post=825"}],"curies":[{"name":"wp","href":"https:\/\/api.w.org\/{rel}","templated":true}]}}