{"id":811,"date":"2024-01-16T13:32:50","date_gmt":"2024-01-16T16:32:50","guid":{"rendered":"https:\/\/livrariamaveshop.com.br\/?post_type=product&#038;p=811"},"modified":"2024-01-16T13:32:50","modified_gmt":"2024-01-16T16:32:50","slug":"cinco-impedimentos-ao-crescimento-da-graca","status":"publish","type":"product","link":"https:\/\/livrariamaveshop.com.br\/?product=cinco-impedimentos-ao-crescimento-da-graca","title":{"rendered":"Cinco Impedimentos ao Crescimento da Gra\u00e7a"},"content":{"rendered":"<p dir=\"ltr\">Sinopse<\/p>\n<p dir=\"ltr\">\u201cCinco Impedimentos ao Crescimento na Gra\u00e7a\u201d\u00a0do autor Kenneth E. Hagin, \u00e9 uma obra que aborda pontos importantes para o crescimento do crist\u00e3o. Ao reconhecermos os pequenos impedimentos que, muitas vezes, fazem com que n\u00e3o corramos a nossa carreira da f\u00e9, passamos a conhecer quais obst\u00e1culos temos que evitar para n\u00e3o sermos atrapalhados em nosso caminho rumo ao cumprimento da vontade de Deus para n\u00f3s individualmente.<\/p>\n<p dir=\"ltr\">\n<p dir=\"ltr\">\u201cS\u00e3o pequenas coisas que nos mostram para que lado o vento est\u00e1 soprando. Voc\u00ea n\u00e3o olha para o pr\u00e9dio de uma escola, a fim de saber se o vento est\u00e1 circulando ali; voc\u00ea olha para um peda\u00e7o de papel ou para as folhas ao serem levados pelo vento no gramado.\u201d\u00a0(Kenneth E. Hagin)<\/p>\n","protected":false},"excerpt":{"rendered":"<p>Sinopse \u201cCinco Impedimentos ao Crescimento na Gra\u00e7a\u201d\u00a0do autor Kenneth E. Hagin, \u00e9 uma obra que aborda pontos importantes para o crescimento do crist\u00e3o. Ao reconhecermos os pequenos impedimentos que, muitas vezes, fazem com que n\u00e3o corramos a nossa carreira da f\u00e9, passamos a conhecer quais obst\u00e1culos temos que evitar para n\u00e3o sermos atrapalhados em nosso [&hellip;]<\/p>\n","protected":false},"featured_media":816,"comment_status":"closed","ping_status":"closed","template":"","meta":{"_joinchat":[]},"pwb-brand":[43],"product_cat":[40],"product_tag":[],"class_list":{"0":"post-811","1":"product","2":"type-product","3":"status-publish","4":"has-post-thumbnail","6":"pwb-brand-kenneth-e-hagin","7":"product_cat-fe","8":"product_shipping_class-geral","10":"first","11":"instock","12":"taxable","13":"shipping-taxable","14":"purchasable","15":"product-type-simple"},"brands":[{"id":43,"name":"KENNETH E. HAGIN","slug":"kenneth-e-hagin"}],"_links":{"self":[{"href":"https:\/\/livrariamaveshop.com.br\/index.php?rest_route=\/wp\/v2\/product\/811","targetHints":{"allow":["GET"]}}],"collection":[{"href":"https:\/\/livrariamaveshop.com.br\/index.php?rest_route=\/wp\/v2\/product"}],"about":[{"href":"https:\/\/livrariamaveshop.com.br\/index.php?rest_route=\/wp\/v2\/types\/product"}],"replies":[{"embeddable":true,"href":"https:\/\/livrariamaveshop.com.br\/index.php?rest_route=%2Fwp%2Fv2%2Fcomments&post=811"}],"wp:featuredmedia":[{"embeddable":true,"href":"https:\/\/livrariamaveshop.com.br\/index.php?rest_route=\/wp\/v2\/media\/816"}],"wp:attachment":[{"href":"https:\/\/livrariamaveshop.com.br\/index.php?rest_route=%2Fwp%2Fv2%2Fmedia&parent=811"}],"wp:term":[{"taxonomy":"pwb-brand","embeddable":true,"href":"https:\/\/livrariamaveshop.com.br\/index.php?rest_route=%2Fwp%2Fv2%2Fpwb-brand&post=811"},{"taxonomy":"product_cat","embeddable":true,"href":"https:\/\/livrariamaveshop.com.br\/index.php?rest_route=%2Fwp%2Fv2%2Fproduct_cat&post=811"},{"taxonomy":"product_tag","embeddable":true,"href":"https:\/\/livrariamaveshop.com.br\/index.php?rest_route=%2Fwp%2Fv2%2Fproduct_tag&post=811"}],"curies":[{"name":"wp","href":"https:\/\/api.w.org\/{rel}","templated":true}]}}