{"id":1578,"date":"2024-01-31T16:17:03","date_gmt":"2024-01-31T19:17:03","guid":{"rendered":"https:\/\/livrariamaveshop.com.br\/?post_type=product&#038;p=1578"},"modified":"2024-01-31T16:19:21","modified_gmt":"2024-01-31T19:19:21","slug":"biblia-de-estudo-plenitude-edicao-com-letras-vermelhas","status":"publish","type":"product","link":"https:\/\/livrariamaveshop.com.br\/?product=biblia-de-estudo-plenitude-edicao-com-letras-vermelhas","title":{"rendered":"B\u00edblia de Estudo Plenitude ( Edi\u00e7\u00e3o com letras vermelhas)"},"content":{"rendered":"<p>De orienta\u00e7\u00e3o teol\u00f3gica pentecostal e carism\u00e1tica, \u00e9 indicada a pastores e pregadores em geral, l\u00edderes de escolas b\u00edblicas e dominical, estudantes de Teologia e crist\u00e3os que queiram se aprofundar no entendimento das Escrituras Sagradas. Desenvolvida por mais de 60 conceituados especialistas da \u00e1rea b\u00edblica, a obra tem como editor geral, Jack W. Hayford, doutor em Teologia. Ao longo de toda a publica\u00e7\u00e3o est\u00e3o inclu\u00eddos recursos desenvolvidos por respeitados l\u00edderes crist\u00e3os da atualidade, como Din\u00e2mica do Reino, que enfoca 22 temas b\u00edblicos relevantes \u00e0 edifica\u00e7\u00e3o da igreja, trazendo discuss\u00f5es destes t\u00f3picos em cerca de 400 passagens das Escrituras Sagradas. Outra importante ferramenta \u00e9 a Palavra-Chave, que esclarece termos importantes a partir dos originais e expande a compreens\u00e3o geral do leitor quanto \u00e0s Escrituras.<\/p>\n","protected":false},"excerpt":{"rendered":"<p>De orienta\u00e7\u00e3o teol\u00f3gica pentecostal e carism\u00e1tica, \u00e9 indicada a pastores e pregadores em geral, l\u00edderes de escolas b\u00edblicas e dominical, estudantes de Teologia e crist\u00e3os que queiram se aprofundar no entendimento das Escrituras Sagradas. Desenvolvida por mais de 60 conceituados especialistas da \u00e1rea b\u00edblica, a obra tem como editor geral, Jack W. Hayford, doutor em [&hellip;]<\/p>\n","protected":false},"featured_media":1580,"comment_status":"closed","ping_status":"closed","template":"","meta":{"_joinchat":[]},"pwb-brand":[],"product_cat":[19],"product_tag":[],"class_list":{"0":"post-1578","1":"product","2":"type-product","3":"status-publish","4":"has-post-thumbnail","6":"product_cat-biblias","8":"first","9":"instock","10":"taxable","11":"shipping-taxable","12":"purchasable","13":"product-type-simple"},"brands":[],"_links":{"self":[{"href":"https:\/\/livrariamaveshop.com.br\/index.php?rest_route=\/wp\/v2\/product\/1578","targetHints":{"allow":["GET"]}}],"collection":[{"href":"https:\/\/livrariamaveshop.com.br\/index.php?rest_route=\/wp\/v2\/product"}],"about":[{"href":"https:\/\/livrariamaveshop.com.br\/index.php?rest_route=\/wp\/v2\/types\/product"}],"replies":[{"embeddable":true,"href":"https:\/\/livrariamaveshop.com.br\/index.php?rest_route=%2Fwp%2Fv2%2Fcomments&post=1578"}],"wp:featuredmedia":[{"embeddable":true,"href":"https:\/\/livrariamaveshop.com.br\/index.php?rest_route=\/wp\/v2\/media\/1580"}],"wp:attachment":[{"href":"https:\/\/livrariamaveshop.com.br\/index.php?rest_route=%2Fwp%2Fv2%2Fmedia&parent=1578"}],"wp:term":[{"taxonomy":"pwb-brand","embeddable":true,"href":"https:\/\/livrariamaveshop.com.br\/index.php?rest_route=%2Fwp%2Fv2%2Fpwb-brand&post=1578"},{"taxonomy":"product_cat","embeddable":true,"href":"https:\/\/livrariamaveshop.com.br\/index.php?rest_route=%2Fwp%2Fv2%2Fproduct_cat&post=1578"},{"taxonomy":"product_tag","embeddable":true,"href":"https:\/\/livrariamaveshop.com.br\/index.php?rest_route=%2Fwp%2Fv2%2Fproduct_tag&post=1578"}],"curies":[{"name":"wp","href":"https:\/\/api.w.org\/{rel}","templated":true}]}}