{"id":1577,"date":"2024-01-31T16:16:24","date_gmt":"2024-01-31T19:16:24","guid":{"rendered":"https:\/\/livrariamaveshop.com.br\/?post_type=product&#038;p=1577"},"modified":"2024-01-31T16:34:25","modified_gmt":"2024-01-31T19:34:25","slug":"devocional-pao-diario-romanos-1136-vol-27","status":"publish","type":"product","link":"https:\/\/livrariamaveshop.com.br\/?product=devocional-pao-diario-romanos-1136-vol-27","title":{"rendered":"Devocional P\u00e3o Di\u00e1rio, Romanos 11:36 (Vol. 27)"},"content":{"rendered":"<h3><strong>Uma medita\u00e7\u00e3o para cada dia do ano.<\/strong><\/h3>\n<p>A ora\u00e7\u00e3o e o louvor o levam \u00e0 comunh\u00e3o com o seu Salvador. Ao investir o seu tempo na leitura deste devocional, voc\u00ea desfrutar\u00e1 de intimidade com o Senhor e ser\u00e1 aben\u00e7oado ao longo do seu dia.<\/p>\n<p>As verdades b\u00edblicas transformadoras que encontramos na Palavra de Deus o encorajar\u00e3o a:<br \/>\nDepositar a sua confian\u00e7a no Soberano Senhor<br \/>\nRevigorar o seu amor por Deus<br \/>\nCompartilhar o Seu maravilhoso amor com o pr\u00f3ximo.<br \/>\nDescubra como prosseguir com confian\u00e7a e esperan\u00e7a, \u00e0 medida que fortalece a sua compreens\u00e3o sobre o que realmente importa para Deus.<\/p>\n<p>As p\u00e1ginas deste devocional cont\u00eam:<\/p>\n<ul>\n<li>Mensagens inspiradoras e desafiadoras;<\/li>\n<li>Leitura e vers\u00edculo b\u00edblico relacionados ao tema;<\/li>\n<li>\u00cdndice Tem\u00e1tico.<\/li>\n<\/ul>\n<p>Atrav\u00e9s dele alcance mensagens de inspira\u00e7\u00e3o, conforto, paz e esperan\u00e7a, indica\u00e7\u00e3o de vers\u00edculos e plano para ler a B\u00edblia em um ano.<\/p>\n<p>Estes 365 devocionais incluem uma combina\u00e7\u00e3o de escrituras, historias evolventes e cita\u00e7\u00f5es convincentes para encoraj\u00e1-lo em sua caminhada di\u00e1ria com senhor. Seja um do mais de 60 milh\u00f5es de pessoas em 150 pa\u00edses, que leem as mensagens de esperan\u00e7a do devocional P\u00e3o Di\u00e1rio.<\/p>\n<h4><strong>Especifica\u00e7\u00f5es do livro P\u00e3o Di\u00e1rio Vol. 27 Todas as Coisas<\/strong><\/h4>\n","protected":false},"excerpt":{"rendered":"<p>Uma medita\u00e7\u00e3o para cada dia do ano. A ora\u00e7\u00e3o e o louvor o levam \u00e0 comunh\u00e3o com o seu Salvador. Ao investir o seu tempo na leitura deste devocional, voc\u00ea desfrutar\u00e1 de intimidade com o Senhor e ser\u00e1 aben\u00e7oado ao longo do seu dia. As verdades b\u00edblicas transformadoras que encontramos na Palavra de Deus o [&hellip;]<\/p>\n","protected":false},"featured_media":1579,"comment_status":"closed","ping_status":"closed","template":"","meta":{"_joinchat":[]},"pwb-brand":[],"product_cat":[20,124],"product_tag":[],"class_list":{"0":"post-1577","1":"product","2":"type-product","3":"status-publish","4":"has-post-thumbnail","6":"product_cat-devocionais","7":"product_cat-pao-diario","9":"first","10":"instock","11":"taxable","12":"shipping-taxable","13":"purchasable","14":"product-type-simple"},"brands":[],"_links":{"self":[{"href":"https:\/\/livrariamaveshop.com.br\/index.php?rest_route=\/wp\/v2\/product\/1577","targetHints":{"allow":["GET"]}}],"collection":[{"href":"https:\/\/livrariamaveshop.com.br\/index.php?rest_route=\/wp\/v2\/product"}],"about":[{"href":"https:\/\/livrariamaveshop.com.br\/index.php?rest_route=\/wp\/v2\/types\/product"}],"replies":[{"embeddable":true,"href":"https:\/\/livrariamaveshop.com.br\/index.php?rest_route=%2Fwp%2Fv2%2Fcomments&post=1577"}],"wp:featuredmedia":[{"embeddable":true,"href":"https:\/\/livrariamaveshop.com.br\/index.php?rest_route=\/wp\/v2\/media\/1579"}],"wp:attachment":[{"href":"https:\/\/livrariamaveshop.com.br\/index.php?rest_route=%2Fwp%2Fv2%2Fmedia&parent=1577"}],"wp:term":[{"taxonomy":"pwb-brand","embeddable":true,"href":"https:\/\/livrariamaveshop.com.br\/index.php?rest_route=%2Fwp%2Fv2%2Fpwb-brand&post=1577"},{"taxonomy":"product_cat","embeddable":true,"href":"https:\/\/livrariamaveshop.com.br\/index.php?rest_route=%2Fwp%2Fv2%2Fproduct_cat&post=1577"},{"taxonomy":"product_tag","embeddable":true,"href":"https:\/\/livrariamaveshop.com.br\/index.php?rest_route=%2Fwp%2Fv2%2Fproduct_tag&post=1577"}],"curies":[{"name":"wp","href":"https:\/\/api.w.org\/{rel}","templated":true}]}}