{"id":1567,"date":"2024-01-31T16:05:42","date_gmt":"2024-01-31T19:05:42","guid":{"rendered":"https:\/\/livrariamaveshop.com.br\/?post_type=product&#038;p=1567"},"modified":"2024-02-02T15:33:03","modified_gmt":"2024-02-02T18:33:03","slug":"biblia-king-james-1611-rosa","status":"publish","type":"product","link":"https:\/\/livrariamaveshop.com.br\/?product=biblia-king-james-1611-rosa","title":{"rendered":"B\u00edblia king james 1611 (Rosa )"},"content":{"rendered":"<p>A B\u00edblia King James de 1611 \u00e9 descrita como uma das publica\u00e7\u00f5es mais importantes da hist\u00f3ria,\u00a0e tamb\u00e9m a mais fiel ao Textus Receptus. O rei James I da Inglaterra reuniu os maiores estudiosos\u00a0religiosos e linguistas para uma nova tradu\u00e7\u00e3o da\u00a0B\u00edblia, a fim de estabelecer a tradu\u00e7\u00e3o mais precisa e mais digna at\u00e9 \u00e0 data. Ele nomeou 54 estudiosos\u00a0para trabalhar na tradu\u00e7\u00e3o, e 47 trabalharam em\u00a0seis grupos em tr\u00eas locais por sete anos. Ap\u00f3s a conclus\u00e3o, a B\u00edblia King James foi impressa pela primeira vez em 1611 por Robert Barker. A B\u00edblia\u00a0era muito grande, cerca de 40cm de altura. Por causa\u00a0do alto custo e valor, foi anunciado para as igrejas que\u00a0a B\u00edblia devia ser acorrentada nos p\u00falpitos. A B\u00edblia 1611 foi autorizada para ser lida nas igrejas, raz\u00e3o pela qual foi chamada de Vers\u00e3o Autorizada. N\u00f3s da BV Books estamos felizes em poder apresentar, finalmente, a Vers\u00e3o Autorizada em portugu\u00eas da B\u00edblia King James. BKJ Fiel 1611, \u00e9 um trabalho de 8 anos, onde publicamos junto com a LifeWay (Broadman &amp;Holman).\u00a0<strong>*N\u00e3o \u00e9 a vers\u00e3o de Estudo &#8211; Letra reduzida<\/strong><\/p>\n","protected":false},"excerpt":{"rendered":"<p>A B\u00edblia King James de 1611 \u00e9 descrita como uma das publica\u00e7\u00f5es mais importantes da hist\u00f3ria,\u00a0e tamb\u00e9m a mais fiel ao Textus Receptus. O rei James I da Inglaterra reuniu os maiores estudiosos\u00a0religiosos e linguistas para uma nova tradu\u00e7\u00e3o da\u00a0B\u00edblia, a fim de estabelecer a tradu\u00e7\u00e3o mais precisa e mais digna at\u00e9 \u00e0 data. Ele [&hellip;]<\/p>\n","protected":false},"featured_media":1612,"comment_status":"closed","ping_status":"closed","template":"","meta":{"_joinchat":[]},"pwb-brand":[],"product_cat":[19],"product_tag":[],"class_list":{"0":"post-1567","1":"product","2":"type-product","3":"status-publish","4":"has-post-thumbnail","6":"product_cat-biblias","8":"first","9":"instock","10":"taxable","11":"shipping-taxable","12":"purchasable","13":"product-type-simple"},"brands":[],"_links":{"self":[{"href":"https:\/\/livrariamaveshop.com.br\/index.php?rest_route=\/wp\/v2\/product\/1567","targetHints":{"allow":["GET"]}}],"collection":[{"href":"https:\/\/livrariamaveshop.com.br\/index.php?rest_route=\/wp\/v2\/product"}],"about":[{"href":"https:\/\/livrariamaveshop.com.br\/index.php?rest_route=\/wp\/v2\/types\/product"}],"replies":[{"embeddable":true,"href":"https:\/\/livrariamaveshop.com.br\/index.php?rest_route=%2Fwp%2Fv2%2Fcomments&post=1567"}],"wp:featuredmedia":[{"embeddable":true,"href":"https:\/\/livrariamaveshop.com.br\/index.php?rest_route=\/wp\/v2\/media\/1612"}],"wp:attachment":[{"href":"https:\/\/livrariamaveshop.com.br\/index.php?rest_route=%2Fwp%2Fv2%2Fmedia&parent=1567"}],"wp:term":[{"taxonomy":"pwb-brand","embeddable":true,"href":"https:\/\/livrariamaveshop.com.br\/index.php?rest_route=%2Fwp%2Fv2%2Fpwb-brand&post=1567"},{"taxonomy":"product_cat","embeddable":true,"href":"https:\/\/livrariamaveshop.com.br\/index.php?rest_route=%2Fwp%2Fv2%2Fproduct_cat&post=1567"},{"taxonomy":"product_tag","embeddable":true,"href":"https:\/\/livrariamaveshop.com.br\/index.php?rest_route=%2Fwp%2Fv2%2Fproduct_tag&post=1567"}],"curies":[{"name":"wp","href":"https:\/\/api.w.org\/{rel}","templated":true}]}}