{"id":1560,"date":"2024-01-31T15:32:25","date_gmt":"2024-01-31T18:32:25","guid":{"rendered":"https:\/\/livrariamaveshop.com.br\/?post_type=product&#038;p=1560"},"modified":"2024-01-31T15:32:49","modified_gmt":"2024-01-31T18:32:49","slug":"biblia-anote-leao-de-juda","status":"publish","type":"product","link":"https:\/\/livrariamaveshop.com.br\/?product=biblia-anote-leao-de-juda","title":{"rendered":"B\u00edblia Anote (Le\u00e3o de Jud\u00e1)"},"content":{"rendered":"<p>Trazendo a Nova Vers\u00e3o Internacional, apresenta uma linguagem contempor\u00e2nea, preservando a fidelidade e a clareza dos textos b\u00edblicos originais, al\u00e9m das notas de rodap\u00e9, j\u00e1 frequentes na NVI.<\/p>\n<p>Cont\u00e9m:<br \/>\n\u2022 Acabamento premium nas capas<br \/>\n\u2022 Espa\u00e7o com linhas nas laterais de cada p\u00e1gina, destinado a anota\u00e7\u00f5es<br \/>\n\u2022 Pontilhados no rodap\u00e9 de cada p\u00e1gina, a fim de incentivar a criatividade do leitor<br \/>\n\u2022Espiral revestido para garantir conforto no manuseio e durabilidade<br \/>\n\u2022 Papel de qualidade superior, que facilita a escrita, sem comprometer o verso das folhas<\/p>\n","protected":false},"excerpt":{"rendered":"<p>Trazendo a Nova Vers\u00e3o Internacional, apresenta uma linguagem contempor\u00e2nea, preservando a fidelidade e a clareza dos textos b\u00edblicos originais, al\u00e9m das notas de rodap\u00e9, j\u00e1 frequentes na NVI. Cont\u00e9m: \u2022 Acabamento premium nas capas \u2022 Espa\u00e7o com linhas nas laterais de cada p\u00e1gina, destinado a anota\u00e7\u00f5es \u2022 Pontilhados no rodap\u00e9 de cada p\u00e1gina, a fim [&hellip;]<\/p>\n","protected":false},"featured_media":1561,"comment_status":"closed","ping_status":"closed","template":"","meta":{"_joinchat":[]},"pwb-brand":[],"product_cat":[19],"product_tag":[],"class_list":{"0":"post-1560","1":"product","2":"type-product","3":"status-publish","4":"has-post-thumbnail","6":"product_cat-biblias","8":"first","9":"instock","10":"taxable","11":"shipping-taxable","12":"purchasable","13":"product-type-simple"},"brands":[],"_links":{"self":[{"href":"https:\/\/livrariamaveshop.com.br\/index.php?rest_route=\/wp\/v2\/product\/1560","targetHints":{"allow":["GET"]}}],"collection":[{"href":"https:\/\/livrariamaveshop.com.br\/index.php?rest_route=\/wp\/v2\/product"}],"about":[{"href":"https:\/\/livrariamaveshop.com.br\/index.php?rest_route=\/wp\/v2\/types\/product"}],"replies":[{"embeddable":true,"href":"https:\/\/livrariamaveshop.com.br\/index.php?rest_route=%2Fwp%2Fv2%2Fcomments&post=1560"}],"wp:featuredmedia":[{"embeddable":true,"href":"https:\/\/livrariamaveshop.com.br\/index.php?rest_route=\/wp\/v2\/media\/1561"}],"wp:attachment":[{"href":"https:\/\/livrariamaveshop.com.br\/index.php?rest_route=%2Fwp%2Fv2%2Fmedia&parent=1560"}],"wp:term":[{"taxonomy":"pwb-brand","embeddable":true,"href":"https:\/\/livrariamaveshop.com.br\/index.php?rest_route=%2Fwp%2Fv2%2Fpwb-brand&post=1560"},{"taxonomy":"product_cat","embeddable":true,"href":"https:\/\/livrariamaveshop.com.br\/index.php?rest_route=%2Fwp%2Fv2%2Fproduct_cat&post=1560"},{"taxonomy":"product_tag","embeddable":true,"href":"https:\/\/livrariamaveshop.com.br\/index.php?rest_route=%2Fwp%2Fv2%2Fproduct_tag&post=1560"}],"curies":[{"name":"wp","href":"https:\/\/api.w.org\/{rel}","templated":true}]}}