{"id":1556,"date":"2024-01-31T15:27:11","date_gmt":"2024-01-31T18:27:11","guid":{"rendered":"https:\/\/livrariamaveshop.com.br\/?post_type=product&#038;p=1556"},"modified":"2024-01-31T15:27:11","modified_gmt":"2024-01-31T18:27:11","slug":"biblia-king-james-fiel-1611-letra-normal","status":"publish","type":"product","link":"https:\/\/livrariamaveshop.com.br\/?product=biblia-king-james-fiel-1611-letra-normal","title":{"rendered":"B\u00edblia King James Fiel 1611 (Letra Normal)"},"content":{"rendered":"<p>A segunda edi\u00e7\u00e3o da B\u00edblia King James 1611 (BKJ 1611) vem com duas super novidades! A inclus\u00e3o do Pilcrow como identifica\u00e7\u00e3o dos par\u00e1grafos do texto original e uma super concord\u00e2ncia com base na King James Bible Concordance. A concord\u00e2ncia \u00e9 um \u00edndice alfab\u00e9tico de todas as palavras importantes da B\u00edblia.<\/p>\n<p>Cada palavra \u00e9 exibida na linha do vers\u00edculo em que est\u00e1 contida. Isso o ajudar\u00e1 a encontrar e comparar as palavras e frases em qualquer vers\u00edculo.<\/p>\n<p>A concord\u00e2ncia da BKJ 1611 levar\u00e1 o leitor a um tipo especial de \u00edndice das palavras encontradas nas Escrituras. Existem v\u00e1rios tipos de concord\u00e2ncias, que servem para n\u00edveis diferenciados de pesquisas, buscamos ser conciso na concord\u00e2ncia da King James 1611 e levar ao leitor \u00e0 uma busca mais simples e objetiva.<\/p>\n<p>A Concord\u00e2ncia da BKJ 1611 tem a sua base no trabalho em conjunto com a King James Bible Concordance e com a Strongs Concordance nas palavras mais procuradas.<\/p>\n","protected":false},"excerpt":{"rendered":"<p>A segunda edi\u00e7\u00e3o da B\u00edblia King James 1611 (BKJ 1611) vem com duas super novidades! A inclus\u00e3o do Pilcrow como identifica\u00e7\u00e3o dos par\u00e1grafos do texto original e uma super concord\u00e2ncia com base na King James Bible Concordance. A concord\u00e2ncia \u00e9 um \u00edndice alfab\u00e9tico de todas as palavras importantes da B\u00edblia. Cada palavra \u00e9 exibida na [&hellip;]<\/p>\n","protected":false},"featured_media":1559,"comment_status":"closed","ping_status":"closed","template":"","meta":{"_joinchat":[]},"pwb-brand":[],"product_cat":[19],"product_tag":[],"class_list":{"0":"post-1556","1":"product","2":"type-product","3":"status-publish","4":"has-post-thumbnail","6":"product_cat-biblias","8":"first","9":"instock","10":"taxable","11":"shipping-taxable","12":"purchasable","13":"product-type-simple"},"brands":[],"_links":{"self":[{"href":"https:\/\/livrariamaveshop.com.br\/index.php?rest_route=\/wp\/v2\/product\/1556","targetHints":{"allow":["GET"]}}],"collection":[{"href":"https:\/\/livrariamaveshop.com.br\/index.php?rest_route=\/wp\/v2\/product"}],"about":[{"href":"https:\/\/livrariamaveshop.com.br\/index.php?rest_route=\/wp\/v2\/types\/product"}],"replies":[{"embeddable":true,"href":"https:\/\/livrariamaveshop.com.br\/index.php?rest_route=%2Fwp%2Fv2%2Fcomments&post=1556"}],"wp:featuredmedia":[{"embeddable":true,"href":"https:\/\/livrariamaveshop.com.br\/index.php?rest_route=\/wp\/v2\/media\/1559"}],"wp:attachment":[{"href":"https:\/\/livrariamaveshop.com.br\/index.php?rest_route=%2Fwp%2Fv2%2Fmedia&parent=1556"}],"wp:term":[{"taxonomy":"pwb-brand","embeddable":true,"href":"https:\/\/livrariamaveshop.com.br\/index.php?rest_route=%2Fwp%2Fv2%2Fpwb-brand&post=1556"},{"taxonomy":"product_cat","embeddable":true,"href":"https:\/\/livrariamaveshop.com.br\/index.php?rest_route=%2Fwp%2Fv2%2Fproduct_cat&post=1556"},{"taxonomy":"product_tag","embeddable":true,"href":"https:\/\/livrariamaveshop.com.br\/index.php?rest_route=%2Fwp%2Fv2%2Fproduct_tag&post=1556"}],"curies":[{"name":"wp","href":"https:\/\/api.w.org\/{rel}","templated":true}]}}