{"id":1553,"date":"2024-01-31T15:25:38","date_gmt":"2024-01-31T18:25:38","guid":{"rendered":"https:\/\/livrariamaveshop.com.br\/?post_type=product&#038;p=1553"},"modified":"2024-01-31T15:25:38","modified_gmt":"2024-01-31T18:25:38","slug":"biblia-de-estudo-para-mulheres-king-james-1611","status":"publish","type":"product","link":"https:\/\/livrariamaveshop.com.br\/?product=biblia-de-estudo-para-mulheres-king-james-1611","title":{"rendered":"B\u00edblia de Estudo para Mulheres King James 1611"},"content":{"rendered":"<p><strong>Mulher Guiada Pelo Esp\u00edrito<\/strong><br \/>\n<strong>A B\u00edblia de Estudo para Mulheres \u2013 Mulher Guiada Pelo Esp\u00edrito \u2013 BKJ 1611<\/strong>\u00a0\u00e9 um\u00a0<em><a href=\"https:\/\/www.tendagospel.com.br\/biblias\/especiais\/devocional\/\" target=\"_blank\" rel=\"noopener\">devocional<\/a><\/em>\u00a0escrito por v\u00e1rias mulheres inspiradas que se propuseram a aumentar o desejo de conhecer a deus mais intimamente.<br \/>\nA cerne dessa obra se desenrola por suas p\u00e1ginas de encorajamento e impacto em cumprir os planos de Deus. O estudo se baseia em um plano de a\u00e7\u00e3o contendo regras as quais possuem a fonte em uma passagem b\u00edblica espec\u00edfica \u2013 prepara\u00e7\u00e3o para o estudo. Conta com elementos adicionais os quais envolvem instru\u00e7\u00f5es espec\u00edficas na comunh\u00e3o da\u00a0<em><a href=\"https:\/\/www.tendagospel.com.br\/livros-evangelicos\/geral\/mulheres\/\" target=\"_blank\" rel=\"noopener\">mulher<\/a>\u00a0<\/em>em seus relacionamentos pessoais e \u00edntimos.<br \/>\nContido nela est\u00e3o artigos de ensinamento, testemunhos sobre o poder de Deus, perfis de mulheres sobre o passado e o presente na caminhada de fazer a diferen\u00e7a no reino.\u00a0<strong>A B\u00edblia de Estudo para Mulheres \u2013 Mulher Guiada Pelo Esp\u00edrito<\/strong>, possui textos na vers\u00e3o da\u00a0<strong>B\u00edblia King James 1611<\/strong>, lan\u00e7ada pela\u00a0<strong>Bv Books<\/strong>, que cont\u00e9m a\u00a0<strong>vers\u00e3o original da B\u00edblia King James 1611<\/strong>.<br \/>\nO ap\u00eandice final e a proposta do estudo em sala ou em grupo refor\u00e7am os conhecimentos dispostos e os princ\u00edpios que fundamentam o crescimento espiritual na caminhada com Deus.<br \/>\nDiferencial da\u00a0<strong>B\u00edblia de Estudo para Mulheres<\/strong>:<\/p>\n<p>\u25cf os elementos de ensino adicionais s\u00e3o escritos no tempo verbal presente de modo que seu impacto venha ao encontro da vida da leitora no momento de estudar a Palavra e os Ensinamentos<br \/>\n\u25cf ao mesmo tempo em que o pronome inclusivo n\u00f3s \u00e9 frequentemente usado para envolver a leitora, o pronome voc\u00ea, sempre que poss\u00edvel, \u00e9 usado a fim de confrontar e envolver a leitora com o impacto do ensinamento<br \/>\n\u25cf a\u00a0<strong>B\u00edblia de Estudo Para Mulheres \u2013 Mulher Guiada Pelo Esp\u00edrito<\/strong>, traz um novo e revolucion\u00e1rio projeto de identifica\u00e7\u00e3o das Palavras de Deus, Jesus e do Esp\u00edrito Santo, destacando alguns vers\u00edculos em vermelho. Este recurso est\u00e1 em toda a B\u00edblia.<\/p>\n","protected":false},"excerpt":{"rendered":"<p>Mulher Guiada Pelo Esp\u00edrito A B\u00edblia de Estudo para Mulheres \u2013 Mulher Guiada Pelo Esp\u00edrito \u2013 BKJ 1611\u00a0\u00e9 um\u00a0devocional\u00a0escrito por v\u00e1rias mulheres inspiradas que se propuseram a aumentar o desejo de conhecer a deus mais intimamente. A cerne dessa obra se desenrola por suas p\u00e1ginas de encorajamento e impacto em cumprir os planos de Deus. [&hellip;]<\/p>\n","protected":false},"featured_media":1557,"comment_status":"closed","ping_status":"closed","template":"","meta":{"_joinchat":[]},"pwb-brand":[],"product_cat":[19],"product_tag":[],"class_list":{"0":"post-1553","1":"product","2":"type-product","3":"status-publish","4":"has-post-thumbnail","6":"product_cat-biblias","8":"first","9":"instock","10":"taxable","11":"shipping-taxable","12":"purchasable","13":"product-type-simple"},"brands":[],"_links":{"self":[{"href":"https:\/\/livrariamaveshop.com.br\/index.php?rest_route=\/wp\/v2\/product\/1553","targetHints":{"allow":["GET"]}}],"collection":[{"href":"https:\/\/livrariamaveshop.com.br\/index.php?rest_route=\/wp\/v2\/product"}],"about":[{"href":"https:\/\/livrariamaveshop.com.br\/index.php?rest_route=\/wp\/v2\/types\/product"}],"replies":[{"embeddable":true,"href":"https:\/\/livrariamaveshop.com.br\/index.php?rest_route=%2Fwp%2Fv2%2Fcomments&post=1553"}],"wp:featuredmedia":[{"embeddable":true,"href":"https:\/\/livrariamaveshop.com.br\/index.php?rest_route=\/wp\/v2\/media\/1557"}],"wp:attachment":[{"href":"https:\/\/livrariamaveshop.com.br\/index.php?rest_route=%2Fwp%2Fv2%2Fmedia&parent=1553"}],"wp:term":[{"taxonomy":"pwb-brand","embeddable":true,"href":"https:\/\/livrariamaveshop.com.br\/index.php?rest_route=%2Fwp%2Fv2%2Fpwb-brand&post=1553"},{"taxonomy":"product_cat","embeddable":true,"href":"https:\/\/livrariamaveshop.com.br\/index.php?rest_route=%2Fwp%2Fv2%2Fproduct_cat&post=1553"},{"taxonomy":"product_tag","embeddable":true,"href":"https:\/\/livrariamaveshop.com.br\/index.php?rest_route=%2Fwp%2Fv2%2Fproduct_tag&post=1553"}],"curies":[{"name":"wp","href":"https:\/\/api.w.org\/{rel}","templated":true}]}}