{"id":1483,"date":"2024-01-24T12:25:23","date_gmt":"2024-01-24T15:25:23","guid":{"rendered":"https:\/\/livrariamaveshop.com.br\/?post_type=product&#038;p=1483"},"modified":"2024-01-31T14:57:18","modified_gmt":"2024-01-31T17:57:18","slug":"biblia-sagrada-holy-bible","status":"publish","type":"product","link":"https:\/\/livrariamaveshop.com.br\/?product=biblia-sagrada-holy-bible","title":{"rendered":"B\u00edblia Sagrada Holy Bible"},"content":{"rendered":"<p>B\u00edblia Sagrada Holy Bible ACF Bil\u00edngue Portugu\u00eas E Ingl\u00eas Capa Luxo Verde.<\/p>\n<p>A B\u00edblia Bil\u00edngue ACF\/KJV apresenta, lado a lado, o texto na \u00edntegra de duas das vers\u00f5es b\u00edblicas mais reconhecidas por sua fidelidade aos originais: a Almeida Corrigida Fiel, que preserva toda a qualidade da fiel tradu\u00e7\u00e3o de Jo\u00e3o Ferreira de Almeida, e a King James Version, a ic\u00f4nica vers\u00e3o em ingl\u00eas com s\u00e9culos de tradi\u00e7\u00e3o e que ajudou a moldar a l\u00edngua inglesa.<\/p>\n<p>Diagramada em duas colunas, essa B\u00edblia permite ao leitor o contato simult\u00e2neo com o texto b\u00edblico em portugu\u00eas e em ingl\u00eas, sem perder o conforto na leitura. Ela \u00e9 ideal tanto para estudo pessoal como para facilitar a comunica\u00e7\u00e3o e interpreta\u00e7\u00e3o entre os dois idiomas.<br \/>\nPrincipais caracter\u00edsticas da B\u00edblia Bil\u00edngue ACF\/KJV:<\/p>\n<p>Texto b\u00edblico na \u00edntegra: Almeida Corrigida Fiel (portugu\u00eas) e King James Version (ingl\u00eas)<br \/>\nDiagrama\u00e7\u00e3o em duas colunas para r\u00e1pida compara\u00e7\u00e3o entre os textos<br \/>\nVers\u00edculos em portugu\u00eas e ingl\u00eas sincronizados sempre na mesma linha, a fim de facilitar a compara\u00e7\u00e3o entre as vers\u00f5es<br \/>\nFonte Leitura Perfeita: uma tipologia exclusiva que integra os melhores avan\u00e7os em tipografia de B\u00edblias modernas<\/p>\n","protected":false},"excerpt":{"rendered":"<p>B\u00edblia Sagrada Holy Bible ACF Bil\u00edngue Portugu\u00eas E Ingl\u00eas Capa Luxo Verde. A B\u00edblia Bil\u00edngue ACF\/KJV apresenta, lado a lado, o texto na \u00edntegra de duas das vers\u00f5es b\u00edblicas mais reconhecidas por sua fidelidade aos originais: a Almeida Corrigida Fiel, que preserva toda a qualidade da fiel tradu\u00e7\u00e3o de Jo\u00e3o Ferreira de Almeida, e a [&hellip;]<\/p>\n","protected":false},"featured_media":1484,"comment_status":"closed","ping_status":"closed","template":"","meta":{"_joinchat":[]},"pwb-brand":[],"product_cat":[19],"product_tag":[],"class_list":{"0":"post-1483","1":"product","2":"type-product","3":"status-publish","4":"has-post-thumbnail","6":"product_cat-biblias","7":"product_shipping_class-geral","9":"first","10":"outofstock","11":"taxable","12":"shipping-taxable","13":"purchasable","14":"product-type-simple"},"brands":[],"_links":{"self":[{"href":"https:\/\/livrariamaveshop.com.br\/index.php?rest_route=\/wp\/v2\/product\/1483","targetHints":{"allow":["GET"]}}],"collection":[{"href":"https:\/\/livrariamaveshop.com.br\/index.php?rest_route=\/wp\/v2\/product"}],"about":[{"href":"https:\/\/livrariamaveshop.com.br\/index.php?rest_route=\/wp\/v2\/types\/product"}],"replies":[{"embeddable":true,"href":"https:\/\/livrariamaveshop.com.br\/index.php?rest_route=%2Fwp%2Fv2%2Fcomments&post=1483"}],"wp:featuredmedia":[{"embeddable":true,"href":"https:\/\/livrariamaveshop.com.br\/index.php?rest_route=\/wp\/v2\/media\/1484"}],"wp:attachment":[{"href":"https:\/\/livrariamaveshop.com.br\/index.php?rest_route=%2Fwp%2Fv2%2Fmedia&parent=1483"}],"wp:term":[{"taxonomy":"pwb-brand","embeddable":true,"href":"https:\/\/livrariamaveshop.com.br\/index.php?rest_route=%2Fwp%2Fv2%2Fpwb-brand&post=1483"},{"taxonomy":"product_cat","embeddable":true,"href":"https:\/\/livrariamaveshop.com.br\/index.php?rest_route=%2Fwp%2Fv2%2Fproduct_cat&post=1483"},{"taxonomy":"product_tag","embeddable":true,"href":"https:\/\/livrariamaveshop.com.br\/index.php?rest_route=%2Fwp%2Fv2%2Fproduct_tag&post=1483"}],"curies":[{"name":"wp","href":"https:\/\/api.w.org\/{rel}","templated":true}]}}