{"id":1480,"date":"2024-01-24T12:11:08","date_gmt":"2024-01-24T15:11:08","guid":{"rendered":"https:\/\/livrariamaveshop.com.br\/?post_type=product&#038;p=1480"},"modified":"2024-01-24T12:11:08","modified_gmt":"2024-01-24T15:11:08","slug":"biblia-da-familia","status":"publish","type":"product","link":"https:\/\/livrariamaveshop.com.br\/?product=biblia-da-familia","title":{"rendered":"B\u00edblia Da Fam\u00edlia"},"content":{"rendered":"<p><span class=\"sc-kpDqfm qhIEo\" data-testid=\"product-detail-title\">B\u00edblia da Fam\u00edlia RA, Branco e Marrom<\/span><\/p>\n<div class=\"sc-fqkvVR heuZyN sc-cDJyZ bJNKiW\" data-testid=\"product-detail-description\">\n<div class=\"sc-fqkvVR hlqElk sc-bTcWjT uPGqr\" data-testid=\"rich-content-container\">Uma fam\u00edlia \u00e9 estruturada com paci\u00eancia, amor e intimidade. Est\u00e1 b\u00edblia tem o prop\u00f3sito de trabalhar na sua fam\u00edlia conforme a vontade do Senhor, que tal ter momentos em fam\u00edlia de devocional b\u00edblico? A SBB n\u00e3o decepciona em sua qualidade de produto, a B\u00edblia da Fam\u00edlia RA, possu\u00ed um excelente acabamento e capa texturizada, cont\u00e9m uma linguagem RA (Revista e Atualizada), que mant\u00e9m a fidelidade dos textos originais, mas mesmo assim, mant\u00e9m uma linguagem recente e moderna para a facilita\u00e7\u00e3o da compreens\u00e3o dos textos b\u00edblicos. Cont\u00e9m quadros com devocionais para sua leitura de vari\u00e1veis tem\u00e1ticas na b\u00edblia e muito mais, n\u00e3o deixe de comprar! Corra e garanta seu livro B\u00edblia da Fam\u00edlia RA bem aqui, na livraria 100% Crist\u00e3o.<\/div>\n<\/div>\n","protected":false},"excerpt":{"rendered":"<p>B\u00edblia da Fam\u00edlia RA, Branco e Marrom Uma fam\u00edlia \u00e9 estruturada com paci\u00eancia, amor e intimidade. Est\u00e1 b\u00edblia tem o prop\u00f3sito de trabalhar na sua fam\u00edlia conforme a vontade do Senhor, que tal ter momentos em fam\u00edlia de devocional b\u00edblico? A SBB n\u00e3o decepciona em sua qualidade de produto, a B\u00edblia da Fam\u00edlia RA, possu\u00ed [&hellip;]<\/p>\n","protected":false},"featured_media":1481,"comment_status":"closed","ping_status":"closed","template":"","meta":{"_joinchat":[]},"pwb-brand":[],"product_cat":[19],"product_tag":[],"class_list":{"0":"post-1480","1":"product","2":"type-product","3":"status-publish","4":"has-post-thumbnail","6":"product_cat-biblias","7":"product_shipping_class-geral","9":"first","10":"instock","11":"taxable","12":"shipping-taxable","13":"purchasable","14":"product-type-simple"},"brands":[],"_links":{"self":[{"href":"https:\/\/livrariamaveshop.com.br\/index.php?rest_route=\/wp\/v2\/product\/1480","targetHints":{"allow":["GET"]}}],"collection":[{"href":"https:\/\/livrariamaveshop.com.br\/index.php?rest_route=\/wp\/v2\/product"}],"about":[{"href":"https:\/\/livrariamaveshop.com.br\/index.php?rest_route=\/wp\/v2\/types\/product"}],"replies":[{"embeddable":true,"href":"https:\/\/livrariamaveshop.com.br\/index.php?rest_route=%2Fwp%2Fv2%2Fcomments&post=1480"}],"wp:featuredmedia":[{"embeddable":true,"href":"https:\/\/livrariamaveshop.com.br\/index.php?rest_route=\/wp\/v2\/media\/1481"}],"wp:attachment":[{"href":"https:\/\/livrariamaveshop.com.br\/index.php?rest_route=%2Fwp%2Fv2%2Fmedia&parent=1480"}],"wp:term":[{"taxonomy":"pwb-brand","embeddable":true,"href":"https:\/\/livrariamaveshop.com.br\/index.php?rest_route=%2Fwp%2Fv2%2Fpwb-brand&post=1480"},{"taxonomy":"product_cat","embeddable":true,"href":"https:\/\/livrariamaveshop.com.br\/index.php?rest_route=%2Fwp%2Fv2%2Fproduct_cat&post=1480"},{"taxonomy":"product_tag","embeddable":true,"href":"https:\/\/livrariamaveshop.com.br\/index.php?rest_route=%2Fwp%2Fv2%2Fproduct_tag&post=1480"}],"curies":[{"name":"wp","href":"https:\/\/api.w.org\/{rel}","templated":true}]}}