{"id":1466,"date":"2024-01-24T11:24:02","date_gmt":"2024-01-24T14:24:02","guid":{"rendered":"https:\/\/livrariamaveshop.com.br\/?post_type=product&#038;p=1466"},"modified":"2024-01-24T11:24:02","modified_gmt":"2024-01-24T14:24:02","slug":"biblia-sagrada-letra-gigante-com-notas-e-referencias","status":"publish","type":"product","link":"https:\/\/livrariamaveshop.com.br\/?product=biblia-sagrada-letra-gigante-com-notas-e-referencias","title":{"rendered":"B\u00edblia Sagrada Letra Gigante, Com Notas E Refer\u00eancias"},"content":{"rendered":"<p>Com formato mais compacto, esta edi\u00e7\u00e3o da B\u00edblia Sagrada possui letras gigantes que permitem maior conforto \u00e0 leitura.<\/p>\n<p>Recurso<br \/>\n&#8211; Como encontrar ajuda na B\u00edblia<br \/>\n&#8211; Leituras para dias especiais<br \/>\n&#8211; Notas e refer\u00eancia b\u00edblicas<br \/>\n&#8211; O que a B\u00edblia diz sobre o perd\u00e3o de Deus<br \/>\n&#8211; Tabela de pesos, moedas e medidas<\/p>\n<p>Informa\u00e7\u00f5es:<\/p>\n<p>Tradu\u00e7\u00e3o: Almeida Revista e Atualizada<br \/>\nIdioma: Portugu\u00eas<br \/>\nTamanho da Letra: Gigante<br \/>\nCapa: Preta<\/p>\n","protected":false},"excerpt":{"rendered":"<p>Com formato mais compacto, esta edi\u00e7\u00e3o da B\u00edblia Sagrada possui letras gigantes que permitem maior conforto \u00e0 leitura. Recurso &#8211; Como encontrar ajuda na B\u00edblia &#8211; Leituras para dias especiais &#8211; Notas e refer\u00eancia b\u00edblicas &#8211; O que a B\u00edblia diz sobre o perd\u00e3o de Deus &#8211; Tabela de pesos, moedas e medidas Informa\u00e7\u00f5es: Tradu\u00e7\u00e3o: [&hellip;]<\/p>\n","protected":false},"featured_media":1468,"comment_status":"closed","ping_status":"closed","template":"","meta":{"_joinchat":[]},"pwb-brand":[],"product_cat":[19],"product_tag":[],"class_list":{"0":"post-1466","1":"product","2":"type-product","3":"status-publish","4":"has-post-thumbnail","6":"product_cat-biblias","7":"product_shipping_class-geral","9":"first","10":"instock","11":"taxable","12":"shipping-taxable","13":"purchasable","14":"product-type-simple"},"brands":[],"_links":{"self":[{"href":"https:\/\/livrariamaveshop.com.br\/index.php?rest_route=\/wp\/v2\/product\/1466","targetHints":{"allow":["GET"]}}],"collection":[{"href":"https:\/\/livrariamaveshop.com.br\/index.php?rest_route=\/wp\/v2\/product"}],"about":[{"href":"https:\/\/livrariamaveshop.com.br\/index.php?rest_route=\/wp\/v2\/types\/product"}],"replies":[{"embeddable":true,"href":"https:\/\/livrariamaveshop.com.br\/index.php?rest_route=%2Fwp%2Fv2%2Fcomments&post=1466"}],"wp:featuredmedia":[{"embeddable":true,"href":"https:\/\/livrariamaveshop.com.br\/index.php?rest_route=\/wp\/v2\/media\/1468"}],"wp:attachment":[{"href":"https:\/\/livrariamaveshop.com.br\/index.php?rest_route=%2Fwp%2Fv2%2Fmedia&parent=1466"}],"wp:term":[{"taxonomy":"pwb-brand","embeddable":true,"href":"https:\/\/livrariamaveshop.com.br\/index.php?rest_route=%2Fwp%2Fv2%2Fpwb-brand&post=1466"},{"taxonomy":"product_cat","embeddable":true,"href":"https:\/\/livrariamaveshop.com.br\/index.php?rest_route=%2Fwp%2Fv2%2Fproduct_cat&post=1466"},{"taxonomy":"product_tag","embeddable":true,"href":"https:\/\/livrariamaveshop.com.br\/index.php?rest_route=%2Fwp%2Fv2%2Fproduct_tag&post=1466"}],"curies":[{"name":"wp","href":"https:\/\/api.w.org\/{rel}","templated":true}]}}