{"id":1386,"date":"2024-01-19T14:51:32","date_gmt":"2024-01-19T17:51:32","guid":{"rendered":"https:\/\/livrariamaveshop.com.br\/?post_type=product&#038;p=1386"},"modified":"2024-01-19T14:51:32","modified_gmt":"2024-01-19T17:51:32","slug":"5-elementos-da-fe","status":"publish","type":"product","link":"https:\/\/livrariamaveshop.com.br\/?product=5-elementos-da-fe","title":{"rendered":"5 Elementos Da F\u00e9"},"content":{"rendered":"<p>F\u00c9<br \/>\nViver pela f\u00e9 \u00e9 mais f\u00e1cil e provavelmente muito mais importante do que voc\u00ea imagina! Voc\u00ea sabia que sem f\u00e9 \u00e9 imposs\u00edvel agradar a Deus? Voc\u00ea pode fazer muitas coisas boas, mas Deus n\u00e3o se agradar\u00e1 se voc\u00ea n\u00e3o agir por f\u00e9. F\u00e9 \u00e9 mais que uma atitude; \u00e9 um estilo de vida. O livro de Keith A. Butler, Cinco Elementos da F\u00e9, apresenta a f\u00e9\u00a0 n\u00e3o como uma doutrina, mas como um modo de vida. Voc\u00ea j\u00e1 se perguntou:<br \/>\n\u2022 Como posso ter f\u00e9?<br \/>\n\u2022 Como colocar minha f\u00e9 em a\u00e7\u00e3o?<br \/>\n\u2022 Por que a f\u00e9 \u00e9 t\u00e3o importante?<br \/>\n\u2022 Por que algumas pessoas t\u00eam resultados melhores com a f\u00e9 do<br \/>\nque outras?<br \/>\n\u2022 Como a f\u00e9 e o medo est\u00e3o relacionados?<br \/>\nSe voc\u00ea sente que os problemas t\u00eam dominado seus pensamentos e roubado sua paz, este livro \u00e9 para voc\u00ea. Se voc\u00ea quer viver uma vida vitoriosa e agradar a Deus em tudo o que faz, este livro \u00e9 definitivamente o que voc\u00ea est\u00e1 procurando!<\/p>\n","protected":false},"excerpt":{"rendered":"<p>F\u00c9 Viver pela f\u00e9 \u00e9 mais f\u00e1cil e provavelmente muito mais importante do que voc\u00ea imagina! Voc\u00ea sabia que sem f\u00e9 \u00e9 imposs\u00edvel agradar a Deus? Voc\u00ea pode fazer muitas coisas boas, mas Deus n\u00e3o se agradar\u00e1 se voc\u00ea n\u00e3o agir por f\u00e9. F\u00e9 \u00e9 mais que uma atitude; \u00e9 um estilo de vida. O [&hellip;]<\/p>\n","protected":false},"featured_media":1387,"comment_status":"closed","ping_status":"closed","template":"","meta":{"_joinchat":[]},"pwb-brand":[97],"product_cat":[40],"product_tag":[],"class_list":{"0":"post-1386","1":"product","2":"type-product","3":"status-publish","4":"has-post-thumbnail","6":"pwb-brand-keith-a-butler","7":"product_cat-fe","8":"product_shipping_class-geral","10":"first","11":"instock","12":"taxable","13":"shipping-taxable","14":"purchasable","15":"product-type-simple"},"brands":[{"id":97,"name":"KEITH A. BUTLER","slug":"keith-a-butler"}],"_links":{"self":[{"href":"https:\/\/livrariamaveshop.com.br\/index.php?rest_route=\/wp\/v2\/product\/1386","targetHints":{"allow":["GET"]}}],"collection":[{"href":"https:\/\/livrariamaveshop.com.br\/index.php?rest_route=\/wp\/v2\/product"}],"about":[{"href":"https:\/\/livrariamaveshop.com.br\/index.php?rest_route=\/wp\/v2\/types\/product"}],"replies":[{"embeddable":true,"href":"https:\/\/livrariamaveshop.com.br\/index.php?rest_route=%2Fwp%2Fv2%2Fcomments&post=1386"}],"wp:featuredmedia":[{"embeddable":true,"href":"https:\/\/livrariamaveshop.com.br\/index.php?rest_route=\/wp\/v2\/media\/1387"}],"wp:attachment":[{"href":"https:\/\/livrariamaveshop.com.br\/index.php?rest_route=%2Fwp%2Fv2%2Fmedia&parent=1386"}],"wp:term":[{"taxonomy":"pwb-brand","embeddable":true,"href":"https:\/\/livrariamaveshop.com.br\/index.php?rest_route=%2Fwp%2Fv2%2Fpwb-brand&post=1386"},{"taxonomy":"product_cat","embeddable":true,"href":"https:\/\/livrariamaveshop.com.br\/index.php?rest_route=%2Fwp%2Fv2%2Fproduct_cat&post=1386"},{"taxonomy":"product_tag","embeddable":true,"href":"https:\/\/livrariamaveshop.com.br\/index.php?rest_route=%2Fwp%2Fv2%2Fproduct_tag&post=1386"}],"curies":[{"name":"wp","href":"https:\/\/api.w.org\/{rel}","templated":true}]}}