{"id":1382,"date":"2024-01-18T18:19:06","date_gmt":"2024-01-18T21:19:06","guid":{"rendered":"https:\/\/livrariamaveshop.com.br\/?post_type=product&#038;p=1382"},"modified":"2024-01-24T12:54:11","modified_gmt":"2024-01-24T15:54:11","slug":"12-messes-de-alegria","status":"publish","type":"product","link":"https:\/\/livrariamaveshop.com.br\/?product=12-messes-de-alegria","title":{"rendered":"12 Messes de Alegria"},"content":{"rendered":"<div>Este livro \u00e9 um convite a decidir obedecer a esse mandamento e alegrar-se sempre: 12 meses por ano! Tudo come\u00e7a com uma decis\u00e3o, seguida de uma jornada cont\u00ednua. Em cada cap\u00edtulo voc\u00ea aprender\u00e1 algumas coisas pr\u00e1ticas para n\u00e3o perder a sua alegria, desde mudar o seu discurso a fim de afastar os maus pensamentos, at\u00e9 dar ofertas e presentes para algu\u00e9m, passando pelo caminho da ora\u00e7\u00e3o, do perd\u00e3o e do discipulado.<\/div>\n","protected":false},"excerpt":{"rendered":"<p>Este livro \u00e9 um convite a decidir obedecer a esse mandamento e alegrar-se sempre: 12 meses por ano! Tudo come\u00e7a com uma decis\u00e3o, seguida de uma jornada cont\u00ednua. Em cada cap\u00edtulo voc\u00ea aprender\u00e1 algumas coisas pr\u00e1ticas para n\u00e3o perder a sua alegria, desde mudar o seu discurso a fim de afastar os maus pensamentos, at\u00e9 [&hellip;]<\/p>\n","protected":false},"featured_media":1383,"comment_status":"closed","ping_status":"closed","template":"","meta":{"_joinchat":[]},"pwb-brand":[92],"product_cat":[123],"product_tag":[],"class_list":{"0":"post-1382","1":"product","2":"type-product","3":"status-publish","4":"has-post-thumbnail","6":"pwb-brand-valeria-cardoso","7":"product_cat-alegria","8":"product_shipping_class-geral","10":"first","11":"instock","12":"taxable","13":"shipping-taxable","14":"purchasable","15":"product-type-simple"},"brands":[{"id":92,"name":"VAL\u00c9RIA CARDOSO","slug":"valeria-cardoso"}],"_links":{"self":[{"href":"https:\/\/livrariamaveshop.com.br\/index.php?rest_route=\/wp\/v2\/product\/1382","targetHints":{"allow":["GET"]}}],"collection":[{"href":"https:\/\/livrariamaveshop.com.br\/index.php?rest_route=\/wp\/v2\/product"}],"about":[{"href":"https:\/\/livrariamaveshop.com.br\/index.php?rest_route=\/wp\/v2\/types\/product"}],"replies":[{"embeddable":true,"href":"https:\/\/livrariamaveshop.com.br\/index.php?rest_route=%2Fwp%2Fv2%2Fcomments&post=1382"}],"wp:featuredmedia":[{"embeddable":true,"href":"https:\/\/livrariamaveshop.com.br\/index.php?rest_route=\/wp\/v2\/media\/1383"}],"wp:attachment":[{"href":"https:\/\/livrariamaveshop.com.br\/index.php?rest_route=%2Fwp%2Fv2%2Fmedia&parent=1382"}],"wp:term":[{"taxonomy":"pwb-brand","embeddable":true,"href":"https:\/\/livrariamaveshop.com.br\/index.php?rest_route=%2Fwp%2Fv2%2Fpwb-brand&post=1382"},{"taxonomy":"product_cat","embeddable":true,"href":"https:\/\/livrariamaveshop.com.br\/index.php?rest_route=%2Fwp%2Fv2%2Fproduct_cat&post=1382"},{"taxonomy":"product_tag","embeddable":true,"href":"https:\/\/livrariamaveshop.com.br\/index.php?rest_route=%2Fwp%2Fv2%2Fproduct_tag&post=1382"}],"curies":[{"name":"wp","href":"https:\/\/api.w.org\/{rel}","templated":true}]}}