{"id":1341,"date":"2024-01-18T17:48:23","date_gmt":"2024-01-18T20:48:23","guid":{"rendered":"https:\/\/livrariamaveshop.com.br\/?post_type=product&#038;p=1341"},"modified":"2024-01-26T15:03:12","modified_gmt":"2024-01-26T18:03:12","slug":"favor-imerecido","status":"publish","type":"product","link":"https:\/\/livrariamaveshop.com.br\/?product=favor-imerecido","title":{"rendered":"Favor Imerecido"},"content":{"rendered":"<p>Receba seu benef\u00edcio sobrenatural para uma vida bem-sucedida hoje! Deus quer que voc\u00ea tenha sucesso em todas as \u00e1reas de sua vida! E, com Sua presen\u00e7a em sua vida, voc\u00ea \u00e9 capaz. Sua gra\u00e7a ou favor imerecido pode abrir portas de oportunidades e colocar voc\u00ea no lugar certo no momento certo para receber as Suas b\u00ean\u00e7\u00e3os. Mesmo que voc\u00ea n\u00e3o tenha as qualifi ca\u00e7\u00f5es necess\u00e1rias, Seu favor imerecido pode faz\u00ea-lo avan\u00e7ar. Descubra em Favor Imerecido como tudo que voc\u00ea tocar pode ser aben\u00e7oado e como desfrutar o sucesso de uma vida bem-sucedida. Aprenda sobre o que Jesus realizou na cruz por voc\u00ea e como, atrav\u00e9s do Seu perfeito sacrif\u00edcio, voc\u00ea pode ter uma vida abundante como amado de Deus. Repleto de verdades da nova alian\u00e7a sobre o favor imerecido de Deus e sobre como voc\u00ea j\u00e1 tem acesso a ele atrav\u00e9s da obra consumada de Jesus, Favor Imerecido \u00e9 leitura obrigat\u00f3ria para todos que desejam viver a boa vida \u2015 o caminho de Deus. \u00c9 tempo de parar de depender dos seus pr\u00f3prios esfor\u00e7os para vencer, e de come\u00e7ar a depender de Jesus \u2015 e somente dele \u2015 para todo sucesso. Comece a viver os sonhos que Deus reviveu em seu cora\u00e7\u00e3o hoje!<\/p>\n","protected":false},"excerpt":{"rendered":"<p>Receba seu benef\u00edcio sobrenatural para uma vida bem-sucedida hoje! Deus quer que voc\u00ea tenha sucesso em todas as \u00e1reas de sua vida! E, com Sua presen\u00e7a em sua vida, voc\u00ea \u00e9 capaz. Sua gra\u00e7a ou favor imerecido pode abrir portas de oportunidades e colocar voc\u00ea no lugar certo no momento certo para receber as Suas [&hellip;]<\/p>\n","protected":false},"featured_media":1548,"comment_status":"closed","ping_status":"closed","template":"","meta":{"_joinchat":[]},"pwb-brand":[63],"product_cat":[70,21],"product_tag":[],"class_list":{"0":"post-1341","1":"product","2":"type-product","3":"status-publish","4":"has-post-thumbnail","6":"pwb-brand-joseph-prince","7":"product_cat-graca","8":"product_cat-lancamentos","9":"product_shipping_class-geral","11":"first","12":"instock","13":"taxable","14":"shipping-taxable","15":"purchasable","16":"product-type-simple"},"brands":[{"id":63,"name":"JOSEPH PRINCE","slug":"joseph-prince"}],"_links":{"self":[{"href":"https:\/\/livrariamaveshop.com.br\/index.php?rest_route=\/wp\/v2\/product\/1341","targetHints":{"allow":["GET"]}}],"collection":[{"href":"https:\/\/livrariamaveshop.com.br\/index.php?rest_route=\/wp\/v2\/product"}],"about":[{"href":"https:\/\/livrariamaveshop.com.br\/index.php?rest_route=\/wp\/v2\/types\/product"}],"replies":[{"embeddable":true,"href":"https:\/\/livrariamaveshop.com.br\/index.php?rest_route=%2Fwp%2Fv2%2Fcomments&post=1341"}],"wp:featuredmedia":[{"embeddable":true,"href":"https:\/\/livrariamaveshop.com.br\/index.php?rest_route=\/wp\/v2\/media\/1548"}],"wp:attachment":[{"href":"https:\/\/livrariamaveshop.com.br\/index.php?rest_route=%2Fwp%2Fv2%2Fmedia&parent=1341"}],"wp:term":[{"taxonomy":"pwb-brand","embeddable":true,"href":"https:\/\/livrariamaveshop.com.br\/index.php?rest_route=%2Fwp%2Fv2%2Fpwb-brand&post=1341"},{"taxonomy":"product_cat","embeddable":true,"href":"https:\/\/livrariamaveshop.com.br\/index.php?rest_route=%2Fwp%2Fv2%2Fproduct_cat&post=1341"},{"taxonomy":"product_tag","embeddable":true,"href":"https:\/\/livrariamaveshop.com.br\/index.php?rest_route=%2Fwp%2Fv2%2Fproduct_tag&post=1341"}],"curies":[{"name":"wp","href":"https:\/\/api.w.org\/{rel}","templated":true}]}}