{"id":1329,"date":"2024-01-18T17:43:11","date_gmt":"2024-01-18T20:43:11","guid":{"rendered":"https:\/\/livrariamaveshop.com.br\/?post_type=product&#038;p=1329"},"modified":"2024-01-24T13:18:11","modified_gmt":"2024-01-24T16:18:11","slug":"eu-e-minha-boca-grande","status":"publish","type":"product","link":"https:\/\/livrariamaveshop.com.br\/?product=eu-e-minha-boca-grande","title":{"rendered":"Eu e Minha Boca Grande"},"content":{"rendered":"<p>Este livro lhe mostrar\u00e1 como domar a sua l\u00edngua para dizer palavras que o colocar\u00e3o em um lugar superior nesta vida. A confiss\u00e3o de f\u00e9 e o caminhar com Deus o levar\u00e1 a ver o pleno poder dEle fluindo em voc\u00ea.<\/p>\n","protected":false},"excerpt":{"rendered":"<p>Este livro lhe mostrar\u00e1 como domar a sua l\u00edngua para dizer palavras que o colocar\u00e3o em um lugar superior nesta vida. A confiss\u00e3o de f\u00e9 e o caminhar com Deus o levar\u00e1 a ver o pleno poder dEle fluindo em voc\u00ea.<\/p>\n","protected":false},"featured_media":1332,"comment_status":"closed","ping_status":"closed","template":"","meta":{"_joinchat":[]},"pwb-brand":[56],"product_cat":[40],"product_tag":[],"class_list":{"0":"post-1329","1":"product","2":"type-product","3":"status-publish","4":"has-post-thumbnail","6":"pwb-brand-joyce-meyer","7":"product_cat-fe","8":"product_shipping_class-geral","10":"first","11":"instock","12":"taxable","13":"shipping-taxable","14":"purchasable","15":"product-type-simple"},"brands":[{"id":56,"name":"JOYCE MEYER","slug":"joyce-meyer"}],"_links":{"self":[{"href":"https:\/\/livrariamaveshop.com.br\/index.php?rest_route=\/wp\/v2\/product\/1329","targetHints":{"allow":["GET"]}}],"collection":[{"href":"https:\/\/livrariamaveshop.com.br\/index.php?rest_route=\/wp\/v2\/product"}],"about":[{"href":"https:\/\/livrariamaveshop.com.br\/index.php?rest_route=\/wp\/v2\/types\/product"}],"replies":[{"embeddable":true,"href":"https:\/\/livrariamaveshop.com.br\/index.php?rest_route=%2Fwp%2Fv2%2Fcomments&post=1329"}],"wp:featuredmedia":[{"embeddable":true,"href":"https:\/\/livrariamaveshop.com.br\/index.php?rest_route=\/wp\/v2\/media\/1332"}],"wp:attachment":[{"href":"https:\/\/livrariamaveshop.com.br\/index.php?rest_route=%2Fwp%2Fv2%2Fmedia&parent=1329"}],"wp:term":[{"taxonomy":"pwb-brand","embeddable":true,"href":"https:\/\/livrariamaveshop.com.br\/index.php?rest_route=%2Fwp%2Fv2%2Fpwb-brand&post=1329"},{"taxonomy":"product_cat","embeddable":true,"href":"https:\/\/livrariamaveshop.com.br\/index.php?rest_route=%2Fwp%2Fv2%2Fproduct_cat&post=1329"},{"taxonomy":"product_tag","embeddable":true,"href":"https:\/\/livrariamaveshop.com.br\/index.php?rest_route=%2Fwp%2Fv2%2Fproduct_tag&post=1329"}],"curies":[{"name":"wp","href":"https:\/\/api.w.org\/{rel}","templated":true}]}}