{"id":1312,"date":"2024-01-18T17:35:23","date_gmt":"2024-01-18T20:35:23","guid":{"rendered":"https:\/\/livrariamaveshop.com.br\/?post_type=product&#038;p=1312"},"modified":"2024-01-26T13:36:49","modified_gmt":"2024-01-26T16:36:49","slug":"voce-pode-superar-isto","status":"publish","type":"product","link":"https:\/\/livrariamaveshop.com.br\/?product=voce-pode-superar-isto","title":{"rendered":"Voc\u00ea Pode Superar Isto"},"content":{"rendered":"<p style=\"font-weight: 400;\"><i>Voc\u00ea Pode Superar Isso\u201d <\/i>do autor Rick Renner, \u00e9 uma obra que aborda assuntos espec\u00edficos acerca de supera\u00e7\u00e3o pessoal sobre ofensas e a pr\u00e1tica do perd\u00e3o. O autor instrui o leitor como confrontar, perdoar e seguir em frente, pois a ofensa que voc\u00ea guarda ir\u00e1 sabotar o seu futuro.<\/p>\n<p style=\"font-weight: 400;\">Rick Renner traz informa\u00e7\u00f5es poderosas da parte do Senhor que ir\u00e3o te ajudar a romper as barreiras que a ofensa e a falta de perd\u00e3o podem trazer. Se algu\u00e9m falhou com voc\u00ea no passado ou se est\u00e1 enfrentando uma situa\u00e7\u00e3o dolorosa agora mesmo, a verdade \u00e9 que voc\u00ea n\u00e3o precisa permitir que as a\u00e7\u00f5es dos outros envenenem a sua vida hoje ou prejudiquem o plano divino para o seu futuro. Esse livro te ajudar\u00e1 a escapar de pris\u00f5es emocionais que venham te manter cativo.<\/p>\n<p style=\"font-weight: 400;\">Rick Renner \u00e9 um escritor, mestre da B\u00edblia e l\u00edder altamente respeitado na comunidade crist\u00e3 internacional. \u00c9 autor de mais de trinta livros, inclusive os <i>best-sellers Pedras Preciosas<\/i> e <i>Diga Sim, <\/i>que juntos venderam mais de trinta milh\u00f5es de c\u00f3pias em todo mundo<\/p>\n","protected":false},"excerpt":{"rendered":"<p>Voc\u00ea Pode Superar Isso\u201d do autor Rick Renner, \u00e9 uma obra que aborda assuntos espec\u00edficos acerca de supera\u00e7\u00e3o pessoal sobre ofensas e a pr\u00e1tica do perd\u00e3o. O autor instrui o leitor como confrontar, perdoar e seguir em frente, pois a ofensa que voc\u00ea guarda ir\u00e1 sabotar o seu futuro. Rick Renner traz informa\u00e7\u00f5es poderosas da [&hellip;]<\/p>\n","protected":false},"featured_media":1523,"comment_status":"closed","ping_status":"closed","template":"","meta":{"_joinchat":[]},"pwb-brand":[46],"product_cat":[73,107],"product_tag":[],"class_list":{"0":"post-1312","1":"product","2":"type-product","3":"status-publish","4":"has-post-thumbnail","6":"pwb-brand-rick-renner","7":"product_cat-cura","8":"product_cat-profetico","9":"product_shipping_class-geral","11":"first","12":"instock","13":"taxable","14":"shipping-taxable","15":"purchasable","16":"product-type-simple"},"brands":[{"id":46,"name":"RICK RENNER","slug":"rick-renner"}],"_links":{"self":[{"href":"https:\/\/livrariamaveshop.com.br\/index.php?rest_route=\/wp\/v2\/product\/1312","targetHints":{"allow":["GET"]}}],"collection":[{"href":"https:\/\/livrariamaveshop.com.br\/index.php?rest_route=\/wp\/v2\/product"}],"about":[{"href":"https:\/\/livrariamaveshop.com.br\/index.php?rest_route=\/wp\/v2\/types\/product"}],"replies":[{"embeddable":true,"href":"https:\/\/livrariamaveshop.com.br\/index.php?rest_route=%2Fwp%2Fv2%2Fcomments&post=1312"}],"wp:featuredmedia":[{"embeddable":true,"href":"https:\/\/livrariamaveshop.com.br\/index.php?rest_route=\/wp\/v2\/media\/1523"}],"wp:attachment":[{"href":"https:\/\/livrariamaveshop.com.br\/index.php?rest_route=%2Fwp%2Fv2%2Fmedia&parent=1312"}],"wp:term":[{"taxonomy":"pwb-brand","embeddable":true,"href":"https:\/\/livrariamaveshop.com.br\/index.php?rest_route=%2Fwp%2Fv2%2Fpwb-brand&post=1312"},{"taxonomy":"product_cat","embeddable":true,"href":"https:\/\/livrariamaveshop.com.br\/index.php?rest_route=%2Fwp%2Fv2%2Fproduct_cat&post=1312"},{"taxonomy":"product_tag","embeddable":true,"href":"https:\/\/livrariamaveshop.com.br\/index.php?rest_route=%2Fwp%2Fv2%2Fproduct_tag&post=1312"}],"curies":[{"name":"wp","href":"https:\/\/api.w.org\/{rel}","templated":true}]}}