{"id":1302,"date":"2024-01-18T17:31:35","date_gmt":"2024-01-18T20:31:35","guid":{"rendered":"https:\/\/livrariamaveshop.com.br\/?post_type=product&#038;p=1302"},"modified":"2024-01-24T13:19:55","modified_gmt":"2024-01-24T16:19:55","slug":"enraizado","status":"publish","type":"product","link":"https:\/\/livrariamaveshop.com.br\/?product=enraizado","title":{"rendered":"Enraizado"},"content":{"rendered":"<p>Banning Liebscher foi membro da Bethel\u00a0 Church em Redding, Calif\u00f3rnia (EUA) por dezoito anos e fundou o minist\u00e9rio Jesus Culture durante esse per\u00edodo. Banning e sua fam\u00edlia, juntos com a equipe do jesus Culture, mudaram-se para a capital da Calif\u00f3rnia, aonde iniciaram uma igreja, a Jesus Cultura Sacramento. Sua vis\u00e3o \u00e9 a de ver pessoas se encontrarem em Deus, serem empoderadas em comunidades e envolverem sua cidade em reavivamento e transforma\u00e7\u00e3o.<\/p>\n<p>Seja qual for a sua idade ou \u00e9poca da vida, \u00e9 preciso uma imensa coragem para desacelerar a si mesmo o suficiente para deixar que Deus desenvolva um sistema de ra\u00edzes em sua vida para que voc\u00ea possa produzir fruto que permane\u00e7a. Voc\u00ea est\u00e1 onde est\u00e1 porque Deus plantou voc\u00ea nesse lugar. Descubra o significado disso para poder abra\u00e7ar o processo Dele e ent\u00e3o poder\u00e1 fazer aquilo para o qual Ele o chamou; mudar o mundo.<\/p>\n<p>Este brilhante livro \u00e9 um lembrete muito conveniente de como, com o tempo, podemos criar ra\u00edzes profundas em Jesus e como essas v\u00e1rias ra\u00edzes se tornam o fundamento para uma vida de impacto duradouro.<\/p>\n<p>O conceito de se estar enraizado \u00e9 muito oportuno \u00e0 nossa cultura. Ventos fortes vir\u00e3o e tentar\u00e3o nos dispersar em todas as dire\u00e7\u00f5es, mas apenas as \u00e1rvores que possu\u00edrem ra\u00edzes profundas resistir\u00e3o quando estes ventos soprarem.<\/p>\n<p>&nbsp;<\/p>\n<p>\u201cEnraizado, livro de Banning Liebscher, \u00e9 t\u00e3o intenso quanto pr\u00e1tico e maravilhosamente profundo\u201d &#8211;\u00a0Bill Johnson<\/p>\n","protected":false},"excerpt":{"rendered":"<p>Banning Liebscher foi membro da Bethel\u00a0 Church em Redding, Calif\u00f3rnia (EUA) por dezoito anos e fundou o minist\u00e9rio Jesus Culture durante esse per\u00edodo. Banning e sua fam\u00edlia, juntos com a equipe do jesus Culture, mudaram-se para a capital da Calif\u00f3rnia, aonde iniciaram uma igreja, a Jesus Cultura Sacramento. Sua vis\u00e3o \u00e9 a de ver pessoas [&hellip;]<\/p>\n","protected":false},"featured_media":1305,"comment_status":"closed","ping_status":"closed","template":"","meta":{"_joinchat":[]},"pwb-brand":[117],"product_cat":[90,125],"product_tag":[],"class_list":{"0":"post-1302","1":"product","2":"type-product","3":"status-publish","4":"has-post-thumbnail","6":"pwb-brand-banning-liebscher","7":"product_cat-prosperidade","8":"product_cat-sabedoria","9":"product_shipping_class-geral","11":"first","12":"instock","13":"taxable","14":"shipping-taxable","15":"purchasable","16":"product-type-simple"},"brands":[{"id":117,"name":"BANNING LIEBSCHER","slug":"banning-liebscher"}],"_links":{"self":[{"href":"https:\/\/livrariamaveshop.com.br\/index.php?rest_route=\/wp\/v2\/product\/1302","targetHints":{"allow":["GET"]}}],"collection":[{"href":"https:\/\/livrariamaveshop.com.br\/index.php?rest_route=\/wp\/v2\/product"}],"about":[{"href":"https:\/\/livrariamaveshop.com.br\/index.php?rest_route=\/wp\/v2\/types\/product"}],"replies":[{"embeddable":true,"href":"https:\/\/livrariamaveshop.com.br\/index.php?rest_route=%2Fwp%2Fv2%2Fcomments&post=1302"}],"wp:featuredmedia":[{"embeddable":true,"href":"https:\/\/livrariamaveshop.com.br\/index.php?rest_route=\/wp\/v2\/media\/1305"}],"wp:attachment":[{"href":"https:\/\/livrariamaveshop.com.br\/index.php?rest_route=%2Fwp%2Fv2%2Fmedia&parent=1302"}],"wp:term":[{"taxonomy":"pwb-brand","embeddable":true,"href":"https:\/\/livrariamaveshop.com.br\/index.php?rest_route=%2Fwp%2Fv2%2Fpwb-brand&post=1302"},{"taxonomy":"product_cat","embeddable":true,"href":"https:\/\/livrariamaveshop.com.br\/index.php?rest_route=%2Fwp%2Fv2%2Fproduct_cat&post=1302"},{"taxonomy":"product_tag","embeddable":true,"href":"https:\/\/livrariamaveshop.com.br\/index.php?rest_route=%2Fwp%2Fv2%2Fproduct_tag&post=1302"}],"curies":[{"name":"wp","href":"https:\/\/api.w.org\/{rel}","templated":true}]}}