{"id":1300,"date":"2024-01-18T17:31:04","date_gmt":"2024-01-18T20:31:04","guid":{"rendered":"https:\/\/livrariamaveshop.com.br\/?post_type=product&#038;p=1300"},"modified":"2024-01-18T17:31:04","modified_gmt":"2024-01-18T20:31:04","slug":"vivendo-na-zona-de-combate","status":"publish","type":"product","link":"https:\/\/livrariamaveshop.com.br\/?product=vivendo-na-zona-de-combate","title":{"rendered":"Vivendo na Zona de Combate"},"content":{"rendered":"<p>Em Vivendo na Zona de Combate, Rick Renner ensina o que \u00e9 necess\u00e1rio para lutar com efici\u00eancia e sair vencedor, n\u00e3o importa o tipo de conflito espiritual que voc\u00ea enfrente. Ao longo deste livro, Rick revela as caracter\u00edsticas necess\u00e1rias para sair vencedor de todos os confrontos espirituais.<\/p>\n<p>Ele explica em detalhes como voc\u00ea precisa cultivar a disciplina, a prepara\u00e7\u00e3o e a paci\u00eancia em sua vida antes de entrar na zona de combate. \u00c9 necess\u00e1rio dedicar tempo para aprender a lutar como um soldado romano, treinar como um atleta grego e produzir como um lavrador a fim de agradar ao Senhor, cumprir seu destino e receber uma coroa de vit\u00f3ria eterna.<\/p>\n<p>As batalhas espirituais s\u00e3o inevit\u00e1veis e podem ser ferozes. Neste livro, Rick Renner lhe mostrar\u00e1 como se envolver em sua batalha individual com efic\u00e1cia. Uma coisa \u00e9 certa: a luta \u00e9 pessoal, portanto \u00e9 decisivo que voc\u00ea fa\u00e7a todo o poss\u00edvel para sair vencedor!<\/p>\n","protected":false},"excerpt":{"rendered":"<p>Em Vivendo na Zona de Combate, Rick Renner ensina o que \u00e9 necess\u00e1rio para lutar com efici\u00eancia e sair vencedor, n\u00e3o importa o tipo de conflito espiritual que voc\u00ea enfrente. Ao longo deste livro, Rick revela as caracter\u00edsticas necess\u00e1rias para sair vencedor de todos os confrontos espirituais. Ele explica em detalhes como voc\u00ea precisa cultivar [&hellip;]<\/p>\n","protected":false},"featured_media":1303,"comment_status":"closed","ping_status":"closed","template":"","meta":{"_joinchat":[]},"pwb-brand":[43],"product_cat":[72],"product_tag":[],"class_list":{"0":"post-1300","1":"product","2":"type-product","3":"status-publish","4":"has-post-thumbnail","6":"pwb-brand-kenneth-e-hagin","7":"product_cat-guerra-espiritual","8":"product_shipping_class-geral","10":"first","11":"instock","12":"taxable","13":"shipping-taxable","14":"purchasable","15":"product-type-simple"},"brands":[{"id":43,"name":"KENNETH E. HAGIN","slug":"kenneth-e-hagin"}],"_links":{"self":[{"href":"https:\/\/livrariamaveshop.com.br\/index.php?rest_route=\/wp\/v2\/product\/1300","targetHints":{"allow":["GET"]}}],"collection":[{"href":"https:\/\/livrariamaveshop.com.br\/index.php?rest_route=\/wp\/v2\/product"}],"about":[{"href":"https:\/\/livrariamaveshop.com.br\/index.php?rest_route=\/wp\/v2\/types\/product"}],"replies":[{"embeddable":true,"href":"https:\/\/livrariamaveshop.com.br\/index.php?rest_route=%2Fwp%2Fv2%2Fcomments&post=1300"}],"wp:featuredmedia":[{"embeddable":true,"href":"https:\/\/livrariamaveshop.com.br\/index.php?rest_route=\/wp\/v2\/media\/1303"}],"wp:attachment":[{"href":"https:\/\/livrariamaveshop.com.br\/index.php?rest_route=%2Fwp%2Fv2%2Fmedia&parent=1300"}],"wp:term":[{"taxonomy":"pwb-brand","embeddable":true,"href":"https:\/\/livrariamaveshop.com.br\/index.php?rest_route=%2Fwp%2Fv2%2Fpwb-brand&post=1300"},{"taxonomy":"product_cat","embeddable":true,"href":"https:\/\/livrariamaveshop.com.br\/index.php?rest_route=%2Fwp%2Fv2%2Fproduct_cat&post=1300"},{"taxonomy":"product_tag","embeddable":true,"href":"https:\/\/livrariamaveshop.com.br\/index.php?rest_route=%2Fwp%2Fv2%2Fproduct_tag&post=1300"}],"curies":[{"name":"wp","href":"https:\/\/api.w.org\/{rel}","templated":true}]}}