{"id":1297,"date":"2024-01-18T17:23:15","date_gmt":"2024-01-18T20:23:15","guid":{"rendered":"https:\/\/livrariamaveshop.com.br\/?post_type=product&#038;p=1297"},"modified":"2024-01-18T17:23:15","modified_gmt":"2024-01-18T20:23:15","slug":"uma-vida-cheia-do-espirito-2","status":"publish","type":"product","link":"https:\/\/livrariamaveshop.com.br\/?product=uma-vida-cheia-do-espirito-2","title":{"rendered":"Uma Vida Cheia do Esp\u00edrito"},"content":{"rendered":"<div id=\"bookDescription_feature_div\" class=\"celwidget\" data-feature-name=\"bookDescription\" data-csa-c-type=\"widget\" data-csa-c-content-id=\"bookDescription\" data-csa-c-slot-id=\"bookDescription_feature_div\" data-csa-c-asin=\"8535803025\" data-csa-c-is-in-initial-active-row=\"false\" data-cel-widget=\"bookDescription_feature_div\" data-csa-c-id=\"lh6w8o-juu99a-f975ah-kphwmv\">\n<div class=\"a-expander-collapsed-height a-row a-expander-container a-spacing-base a-expander-partial-collapse-container\" data-a-expander-name=\"book_description_expander\" data-a-expander-collapsed-height=\"280\">\n<div class=\"a-expander-content a-expander-partial-collapse-content a-expander-content-expanded\" aria-expanded=\"true\">Um dos evangelistas mais bem-sucedidos de todos os tempos. No s\u00e9culo XIX, Charles G. Finney sacudia a sociedade alcan\u00e7ando todas as suas camadas. O seu cora\u00e7\u00e3o abrasado, prega\u00e7\u00e3o poderosa, l\u00f3gica implac\u00e1vel e a un\u00e7\u00e3o do Esp\u00edrito Santo foram os elementos que Deus reuniu nesse evangelista para restaurar a mensagem de avivamento. Talvez ele tenha influenciado a prega\u00e7\u00e3o evangel\u00edstica mais do que qualquer outro homem na hist\u00f3ria. E a mensagem de Charles G. Finney precisa ser ouvida hoje. Ele tem algo a dizer a voc\u00ea! Seja a pessoa que Deus quer que voc\u00ea seja \u2013 cheia do Esp\u00edrito Santo \u2013 para resistir \u00e0 mar\u00e9 da maldade que inunda a nossa sociedade, vencer a carnalidade que cresce nas igrejas e p\u00f4r fim \u00e0 derrota na sua pr\u00f3pria vida.<\/div>\n<\/div>\n<\/div>\n<div id=\"globalStoreInfoBullets_feature_div\" class=\"celwidget\" data-feature-name=\"globalStoreInfoBullets\" data-csa-c-type=\"widget\" data-csa-c-content-id=\"globalStoreInfoBullets\" data-csa-c-slot-id=\"globalStoreInfoBullets_feature_div\" data-csa-c-asin=\"8535803025\" data-csa-c-is-in-initial-active-row=\"false\" data-cel-widget=\"globalStoreInfoBullets_feature_div\" data-csa-c-id=\"9pm1qb-jnwzog-b0fiii-a1f0qy\"><\/div>\n<div id=\"buyingOptionNostosBadge_feature_div\" class=\"celwidget\" data-feature-name=\"buyingOptionNostosBadge\" data-csa-c-type=\"widget\" data-csa-c-content-id=\"buyingOptionNostosBadge\" data-csa-c-slot-id=\"buyingOptionNostosBadge_feature_div\" data-csa-c-asin=\"8535803025\" data-csa-c-is-in-initial-active-row=\"false\" data-cel-widget=\"buyingOptionNostosBadge_feature_div\" data-csa-c-id=\"whv5ke-smcyhh-tks0ds-n9mede\"><\/div>\n<div id=\"tellAmazon_feature_div\" class=\"celwidget\" data-feature-name=\"tellAmazon\" data-csa-c-type=\"widget\" data-csa-c-content-id=\"tellAmazon\" data-csa-c-slot-id=\"tellAmazon_feature_div\" data-csa-c-asin=\"8535803025\" data-csa-c-is-in-initial-active-row=\"false\" data-cel-widget=\"tellAmazon_feature_div\" data-csa-c-id=\"5e7cr8-29vvyp-veng0k-xy1de0\">\n<div class=\"celwidget c-f\" data-csa-op-log-render=\"\" data-csa-c-content-id=\"DsUnknown\" data-csa-c-slot-id=\"DsUnknown-1\" data-csa-c-type=\"widget\" data-csa-c-painter=\"tell-amazon-desktop-cards\" data-cel-widget=\"tell-amazon-desktop_DetailPage_0\" data-csa-c-id=\"5fc6og-9e7erz-us3jgo-q8u4t8\">\n<div id=\"CardInstanceBOEsYuX9elKeoeCtKSuYnA\" data-card-metrics-id=\"tell-amazon-desktop_DetailPage_0\" data-acp-tracking=\"{}\" data-mix-claimed=\"true\"><\/div>\n<\/div>\n<\/div>\n<div id=\"richProductInformation_feature_div\" class=\"celwidget\" data-feature-name=\"richProductInformation\" data-csa-c-type=\"widget\" data-csa-c-content-id=\"richProductInformation\" data-csa-c-slot-id=\"richProductInformation_feature_div\" data-csa-c-asin=\"8535803025\" data-csa-c-is-in-initial-active-row=\"false\" data-cel-widget=\"richProductInformation_feature_div\" data-csa-c-id=\"5sh802-o3a0np-lkew2o-clu5wt\">\n<div id=\"rich_product_information\" class=\"a-section a-spacing-none celwidget\" data-cel-widget=\"rich_product_information\" data-csa-c-id=\"7dlc7a-omxjf2-n02kv7-27hy3o\"><\/div>\n<\/div>\n","protected":false},"excerpt":{"rendered":"<p>Um dos evangelistas mais bem-sucedidos de todos os tempos. No s\u00e9culo XIX, Charles G. Finney sacudia a sociedade alcan\u00e7ando todas as suas camadas. O seu cora\u00e7\u00e3o abrasado, prega\u00e7\u00e3o poderosa, l\u00f3gica implac\u00e1vel e a un\u00e7\u00e3o do Esp\u00edrito Santo foram os elementos que Deus reuniu nesse evangelista para restaurar a mensagem de avivamento. Talvez ele tenha influenciado [&hellip;]<\/p>\n","protected":false},"featured_media":1299,"comment_status":"closed","ping_status":"closed","template":"","meta":{"_joinchat":[]},"pwb-brand":[115],"product_cat":[66],"product_tag":[],"class_list":{"0":"post-1297","1":"product","2":"type-product","3":"status-publish","4":"has-post-thumbnail","6":"pwb-brand-charles-g-finney","7":"product_cat-espirito-santo","8":"product_shipping_class-geral","10":"first","11":"instock","12":"taxable","13":"shipping-taxable","14":"purchasable","15":"product-type-simple"},"brands":[{"id":115,"name":"CHARLES. G. FINNEY","slug":"charles-g-finney"}],"_links":{"self":[{"href":"https:\/\/livrariamaveshop.com.br\/index.php?rest_route=\/wp\/v2\/product\/1297","targetHints":{"allow":["GET"]}}],"collection":[{"href":"https:\/\/livrariamaveshop.com.br\/index.php?rest_route=\/wp\/v2\/product"}],"about":[{"href":"https:\/\/livrariamaveshop.com.br\/index.php?rest_route=\/wp\/v2\/types\/product"}],"replies":[{"embeddable":true,"href":"https:\/\/livrariamaveshop.com.br\/index.php?rest_route=%2Fwp%2Fv2%2Fcomments&post=1297"}],"wp:featuredmedia":[{"embeddable":true,"href":"https:\/\/livrariamaveshop.com.br\/index.php?rest_route=\/wp\/v2\/media\/1299"}],"wp:attachment":[{"href":"https:\/\/livrariamaveshop.com.br\/index.php?rest_route=%2Fwp%2Fv2%2Fmedia&parent=1297"}],"wp:term":[{"taxonomy":"pwb-brand","embeddable":true,"href":"https:\/\/livrariamaveshop.com.br\/index.php?rest_route=%2Fwp%2Fv2%2Fpwb-brand&post=1297"},{"taxonomy":"product_cat","embeddable":true,"href":"https:\/\/livrariamaveshop.com.br\/index.php?rest_route=%2Fwp%2Fv2%2Fproduct_cat&post=1297"},{"taxonomy":"product_tag","embeddable":true,"href":"https:\/\/livrariamaveshop.com.br\/index.php?rest_route=%2Fwp%2Fv2%2Fproduct_tag&post=1297"}],"curies":[{"name":"wp","href":"https:\/\/api.w.org\/{rel}","templated":true}]}}