{"id":1291,"date":"2024-01-18T17:22:11","date_gmt":"2024-01-18T20:22:11","guid":{"rendered":"https:\/\/livrariamaveshop.com.br\/?post_type=product&#038;p=1291"},"modified":"2024-01-24T13:24:12","modified_gmt":"2024-01-24T16:24:12","slug":"em-seus-passos-o-que-faria-jesus","status":"publish","type":"product","link":"https:\/\/livrariamaveshop.com.br\/?product=em-seus-passos-o-que-faria-jesus","title":{"rendered":"Em Seus Passos o que Faria Jesus?"},"content":{"rendered":"<div id=\"bookDescription_feature_div\" class=\"celwidget\" data-feature-name=\"bookDescription\" data-csa-c-type=\"widget\" data-csa-c-content-id=\"bookDescription\" data-csa-c-slot-id=\"bookDescription_feature_div\" data-csa-c-asin=\"6559882403\" data-csa-c-is-in-initial-active-row=\"false\" data-csa-c-id=\"g4swa9-xfkvwt-z8trpi-b2kev5\" data-cel-widget=\"bookDescription_feature_div\">\n<div class=\"a-expander-collapsed-height a-row a-expander-container a-spacing-base a-expander-partial-collapse-container\" data-a-expander-name=\"book_description_expander\" data-a-expander-collapsed-height=\"280\">\n<div class=\"a-expander-content a-expander-partial-collapse-content\" aria-expanded=\"false\">\n<p>Um pastor e uma igreja como tantos que existem por a\u00ed e um desafio singular: E se voc\u00ea se perguntasse sobre o que Jesus faria nas decis\u00f5es simples ou complexas da vida? A resposta de uma comunidade \u00e0 pergunta proposta mudou a vida de todos e provocou profundas transforma\u00e7\u00f5es em sua cidade.<\/p>\n<p>Escrito por Charles M. Sheldon e publicado pela primeira vez em 1896,\u00a0<span class=\"a-text-italic\">Em seus passos o que faria jesus?<\/span>\u00a0tornou-se rapidamente um sucesso mundial. Estima-se que, apenas em ingl\u00eas, suas vendas tenham superado os 50 milh\u00f5es de exemplares. Leitores de todo o mundo continuam a surpreender-se com o desafio proposto h\u00e1 mais de um s\u00e9culo.<\/p>\n<\/div>\n<\/div>\n<\/div>\n<div id=\"globalStoreInfoBullets_feature_div\" class=\"celwidget\" data-feature-name=\"globalStoreInfoBullets\" data-csa-c-type=\"widget\" data-csa-c-content-id=\"globalStoreInfoBullets\" data-csa-c-slot-id=\"globalStoreInfoBullets_feature_div\" data-csa-c-asin=\"6559882403\" data-csa-c-is-in-initial-active-row=\"false\" data-csa-c-id=\"3unv2-7fipve-8h8oaw-r4ns96\" data-cel-widget=\"globalStoreInfoBullets_feature_div\"><\/div>\n<div id=\"buyingOptionNostosBadge_feature_div\" class=\"celwidget\" data-feature-name=\"buyingOptionNostosBadge\" data-csa-c-type=\"widget\" data-csa-c-content-id=\"buyingOptionNostosBadge\" data-csa-c-slot-id=\"buyingOptionNostosBadge_feature_div\" data-csa-c-asin=\"6559882403\" data-csa-c-is-in-initial-active-row=\"false\" data-csa-c-id=\"kkjjos-y9nskg-8rqpuk-yw9eiz\" data-cel-widget=\"buyingOptionNostosBadge_feature_div\"><\/div>\n<div id=\"tellAmazon_feature_div\" class=\"celwidget\" data-feature-name=\"tellAmazon\" data-csa-c-type=\"widget\" data-csa-c-content-id=\"tellAmazon\" data-csa-c-slot-id=\"tellAmazon_feature_div\" data-csa-c-asin=\"6559882403\" data-csa-c-is-in-initial-active-row=\"false\" data-csa-c-id=\"qq2iv7-3jgkde-pmxowz-kg0nnx\" data-cel-widget=\"tellAmazon_feature_div\">\n<div class=\"celwidget c-f\" data-csa-op-log-render=\"\" data-csa-c-content-id=\"DsUnknown\" data-csa-c-slot-id=\"DsUnknown-4\" data-csa-c-type=\"widget\" data-csa-c-painter=\"tell-amazon-desktop-cards\" data-csa-c-id=\"p80db5-mylev6-8jfynh-rn4wgu\" data-cel-widget=\"tell-amazon-desktop_DetailPage_3\">\n<div id=\"CardInstanceZGZzihVylQVU03FGtiNKXw\" data-card-metrics-id=\"tell-amazon-desktop_DetailPage_3\" data-acp-tracking=\"{}\" data-mix-claimed=\"true\"><\/div>\n<\/div>\n<\/div>\n<div id=\"richProductInformation_feature_div\" class=\"celwidget\" data-feature-name=\"richProductInformation\" data-csa-c-type=\"widget\" data-csa-c-content-id=\"richProductInformation\" data-csa-c-slot-id=\"richProductInformation_feature_div\" data-csa-c-asin=\"6559882403\" data-csa-c-is-in-initial-active-row=\"false\" data-csa-c-id=\"kc2hre-uj1zlj-4f94y9-4kvk0s\" data-cel-widget=\"richProductInformation_feature_div\">\n<div id=\"rich_product_information\" class=\"a-section a-spacing-none celwidget\" data-csa-c-id=\"apv2b9-ga990m-2gaxhm-x1rptt\" data-cel-widget=\"rich_product_information\"><\/div>\n<\/div>\n","protected":false},"excerpt":{"rendered":"<p>Um pastor e uma igreja como tantos que existem por a\u00ed e um desafio singular: E se voc\u00ea se perguntasse sobre o que Jesus faria nas decis\u00f5es simples ou complexas da vida? A resposta de uma comunidade \u00e0 pergunta proposta mudou a vida de todos e provocou profundas transforma\u00e7\u00f5es em sua cidade. Escrito por Charles [&hellip;]<\/p>\n","protected":false},"featured_media":1292,"comment_status":"closed","ping_status":"closed","template":"","meta":{"_joinchat":[]},"pwb-brand":[116],"product_cat":[125],"product_tag":[],"class_list":{"0":"post-1291","1":"product","2":"type-product","3":"status-publish","4":"has-post-thumbnail","6":"pwb-brand-charles-m-sheldon","7":"product_cat-sabedoria","8":"product_shipping_class-geral","10":"first","11":"instock","12":"taxable","13":"shipping-taxable","14":"purchasable","15":"product-type-simple"},"brands":[{"id":116,"name":"CHARLES. M. SHELDON","slug":"charles-m-sheldon"}],"_links":{"self":[{"href":"https:\/\/livrariamaveshop.com.br\/index.php?rest_route=\/wp\/v2\/product\/1291","targetHints":{"allow":["GET"]}}],"collection":[{"href":"https:\/\/livrariamaveshop.com.br\/index.php?rest_route=\/wp\/v2\/product"}],"about":[{"href":"https:\/\/livrariamaveshop.com.br\/index.php?rest_route=\/wp\/v2\/types\/product"}],"replies":[{"embeddable":true,"href":"https:\/\/livrariamaveshop.com.br\/index.php?rest_route=%2Fwp%2Fv2%2Fcomments&post=1291"}],"wp:featuredmedia":[{"embeddable":true,"href":"https:\/\/livrariamaveshop.com.br\/index.php?rest_route=\/wp\/v2\/media\/1292"}],"wp:attachment":[{"href":"https:\/\/livrariamaveshop.com.br\/index.php?rest_route=%2Fwp%2Fv2%2Fmedia&parent=1291"}],"wp:term":[{"taxonomy":"pwb-brand","embeddable":true,"href":"https:\/\/livrariamaveshop.com.br\/index.php?rest_route=%2Fwp%2Fv2%2Fpwb-brand&post=1291"},{"taxonomy":"product_cat","embeddable":true,"href":"https:\/\/livrariamaveshop.com.br\/index.php?rest_route=%2Fwp%2Fv2%2Fproduct_cat&post=1291"},{"taxonomy":"product_tag","embeddable":true,"href":"https:\/\/livrariamaveshop.com.br\/index.php?rest_route=%2Fwp%2Fv2%2Fproduct_tag&post=1291"}],"curies":[{"name":"wp","href":"https:\/\/api.w.org\/{rel}","templated":true}]}}