{"id":1285,"date":"2024-01-18T17:10:02","date_gmt":"2024-01-18T20:10:02","guid":{"rendered":"https:\/\/livrariamaveshop.com.br\/?post_type=product&#038;p=1285"},"modified":"2024-01-19T21:48:17","modified_gmt":"2024-01-20T00:48:17","slug":"uma-vida-em-chamas","status":"publish","type":"product","link":"https:\/\/livrariamaveshop.com.br\/?product=uma-vida-em-chamas","title":{"rendered":"Uma Vida em Chamas"},"content":{"rendered":"<p>Em\u00a0<em>Uma Vida em Chamas<\/em>, o escritor Rick Renner oferece uma mensagem oportuna que \u00e9 crucial para todo crist\u00e3o neste per\u00edodo dos tempos do fim da Igreja. As perguntas instigantes que Rick apresenta no in\u00edcio deste livro ecoar\u00e3o no cora\u00e7\u00e3o do leitor ao virar de cada p\u00e1gina:<\/p>\n<p>\u2022 Voc\u00ea tem dificuldades para manter o fogo do Esp\u00edrito Santo ardendo em seu cora\u00e7\u00e3o com a mesma intensidade dos primeiros dias da sua caminhada com Jesus?<\/p>\n<p>\u2022 Voc\u00ea sente que restam apenas algumas brasas queimando, e que at\u00e9 elas est\u00e3o se esfriando?<\/p>\n<p>\u2022 Se j\u00e1 est\u00e1 ardendo em chamas para Deus, voc\u00ea anseia por saber como continuar em chamas por Jesus at\u00e9 Ele voltar?<\/p>\n<p>Se alguma dessas perguntas descreve voc\u00ea, \u00e9 hora de avivar o fogo no seu interior para que ele nunca pare de queimar ardentemente no seu cora\u00e7\u00e3o! Rick o iluminar\u00e1 com percep\u00e7\u00f5es essenciais da Palavra de Deus acerca dos tipos de &#8220;combust\u00edveis espirituais&#8221; que voc\u00ea necessita para permanecer espiritualmente em chamas. Nenhum desses combust\u00edveis \u00e9 opcional &#8211; todos eles s\u00e3o necess\u00e1rios para cumprir o prop\u00f3sito que Deus lhe deu nesta terra.<\/p>\n<p><em>Uma Vida em Chamas<\/em>\u00a0vai incendiar e encorajar voc\u00ea a queimar ardentemente enquanto voc\u00ea faz a sua parte para cumprir o grande plano de Deus para um tempo como este!<\/p>\n","protected":false},"excerpt":{"rendered":"<p>Em\u00a0Uma Vida em Chamas, o escritor Rick Renner oferece uma mensagem oportuna que \u00e9 crucial para todo crist\u00e3o neste per\u00edodo dos tempos do fim da Igreja. As perguntas instigantes que Rick apresenta no in\u00edcio deste livro ecoar\u00e3o no cora\u00e7\u00e3o do leitor ao virar de cada p\u00e1gina: \u2022 Voc\u00ea tem dificuldades para manter o fogo do [&hellip;]<\/p>\n","protected":false},"featured_media":1286,"comment_status":"closed","ping_status":"closed","template":"","meta":{"_joinchat":[]},"pwb-brand":[46],"product_cat":[66,21],"product_tag":[],"class_list":{"0":"post-1285","1":"product","2":"type-product","3":"status-publish","4":"has-post-thumbnail","6":"pwb-brand-rick-renner","7":"product_cat-espirito-santo","8":"product_cat-lancamentos","9":"product_shipping_class-geral","11":"first","12":"instock","13":"taxable","14":"shipping-taxable","15":"purchasable","16":"product-type-simple"},"brands":[{"id":46,"name":"RICK RENNER","slug":"rick-renner"}],"_links":{"self":[{"href":"https:\/\/livrariamaveshop.com.br\/index.php?rest_route=\/wp\/v2\/product\/1285","targetHints":{"allow":["GET"]}}],"collection":[{"href":"https:\/\/livrariamaveshop.com.br\/index.php?rest_route=\/wp\/v2\/product"}],"about":[{"href":"https:\/\/livrariamaveshop.com.br\/index.php?rest_route=\/wp\/v2\/types\/product"}],"replies":[{"embeddable":true,"href":"https:\/\/livrariamaveshop.com.br\/index.php?rest_route=%2Fwp%2Fv2%2Fcomments&post=1285"}],"wp:featuredmedia":[{"embeddable":true,"href":"https:\/\/livrariamaveshop.com.br\/index.php?rest_route=\/wp\/v2\/media\/1286"}],"wp:attachment":[{"href":"https:\/\/livrariamaveshop.com.br\/index.php?rest_route=%2Fwp%2Fv2%2Fmedia&parent=1285"}],"wp:term":[{"taxonomy":"pwb-brand","embeddable":true,"href":"https:\/\/livrariamaveshop.com.br\/index.php?rest_route=%2Fwp%2Fv2%2Fpwb-brand&post=1285"},{"taxonomy":"product_cat","embeddable":true,"href":"https:\/\/livrariamaveshop.com.br\/index.php?rest_route=%2Fwp%2Fv2%2Fproduct_cat&post=1285"},{"taxonomy":"product_tag","embeddable":true,"href":"https:\/\/livrariamaveshop.com.br\/index.php?rest_route=%2Fwp%2Fv2%2Fproduct_tag&post=1285"}],"curies":[{"name":"wp","href":"https:\/\/api.w.org\/{rel}","templated":true}]}}