{"id":1283,"date":"2024-01-18T17:07:35","date_gmt":"2024-01-18T20:07:35","guid":{"rendered":"https:\/\/livrariamaveshop.com.br\/?post_type=product&#038;p=1283"},"modified":"2024-01-18T17:07:35","modified_gmt":"2024-01-18T20:07:35","slug":"uma-vida-de-fe","status":"publish","type":"product","link":"https:\/\/livrariamaveshop.com.br\/?product=uma-vida-de-fe","title":{"rendered":"Uma Vida de F\u00e9"},"content":{"rendered":"<p>Smith Wigglesworth foi um homem que simplesmente levava a Palavra de Deus a s\u00e9rio, e o Senhor usou sua f\u00e9 como modelo para outros. Sua mensagem \u00e9 uma inspira\u00e7\u00e3o para todo aquele que est\u00e1 em busca de evid\u00eancias da presen\u00e7a de Deus na terra hoje. Junte-se a Wigglesworth enquanto ele explora muitos aspectos da f\u00e9, entre eles:<\/p>\n<p>&#8211; De onde vem a f\u00e9;<br \/>\n&#8211; Como receber o toque curador de Deus;<br \/>\n&#8211; Que tipo de f\u00e9 agrada a Deus;<br \/>\n&#8211; Como adquirir ousadia santa;<br \/>\n&#8211; O que fortalece a f\u00e9;<br \/>\n&#8211; Como crer em Deus para fazer o imposs\u00edvel;<br \/>\n&#8211; O que Deus promete atrav\u00e9s da f\u00e9.<\/p>\n<p>A f\u00e9 \u00e9 um dom de Deus que est\u00e1 dispon\u00edvel a todos que a receberem. Atrav\u00e9s dela, as muitas b\u00ean\u00e7\u00e3os de Deus passar\u00e3o a ser suas!<\/p>\n","protected":false},"excerpt":{"rendered":"<p>Smith Wigglesworth foi um homem que simplesmente levava a Palavra de Deus a s\u00e9rio, e o Senhor usou sua f\u00e9 como modelo para outros. Sua mensagem \u00e9 uma inspira\u00e7\u00e3o para todo aquele que est\u00e1 em busca de evid\u00eancias da presen\u00e7a de Deus na terra hoje. Junte-se a Wigglesworth enquanto ele explora muitos aspectos da f\u00e9, [&hellip;]<\/p>\n","protected":false},"featured_media":1284,"comment_status":"closed","ping_status":"closed","template":"","meta":{"_joinchat":[]},"pwb-brand":[41],"product_cat":[40],"product_tag":[],"class_list":{"0":"post-1283","1":"product","2":"type-product","3":"status-publish","4":"has-post-thumbnail","6":"pwb-brand-smith-wigglesworth","7":"product_cat-fe","8":"product_shipping_class-geral","10":"first","11":"instock","12":"taxable","13":"shipping-taxable","14":"purchasable","15":"product-type-simple"},"brands":[{"id":41,"name":"SMITH WIGGLESWORTH","slug":"smith-wigglesworth"}],"_links":{"self":[{"href":"https:\/\/livrariamaveshop.com.br\/index.php?rest_route=\/wp\/v2\/product\/1283","targetHints":{"allow":["GET"]}}],"collection":[{"href":"https:\/\/livrariamaveshop.com.br\/index.php?rest_route=\/wp\/v2\/product"}],"about":[{"href":"https:\/\/livrariamaveshop.com.br\/index.php?rest_route=\/wp\/v2\/types\/product"}],"replies":[{"embeddable":true,"href":"https:\/\/livrariamaveshop.com.br\/index.php?rest_route=%2Fwp%2Fv2%2Fcomments&post=1283"}],"wp:featuredmedia":[{"embeddable":true,"href":"https:\/\/livrariamaveshop.com.br\/index.php?rest_route=\/wp\/v2\/media\/1284"}],"wp:attachment":[{"href":"https:\/\/livrariamaveshop.com.br\/index.php?rest_route=%2Fwp%2Fv2%2Fmedia&parent=1283"}],"wp:term":[{"taxonomy":"pwb-brand","embeddable":true,"href":"https:\/\/livrariamaveshop.com.br\/index.php?rest_route=%2Fwp%2Fv2%2Fpwb-brand&post=1283"},{"taxonomy":"product_cat","embeddable":true,"href":"https:\/\/livrariamaveshop.com.br\/index.php?rest_route=%2Fwp%2Fv2%2Fproduct_cat&post=1283"},{"taxonomy":"product_tag","embeddable":true,"href":"https:\/\/livrariamaveshop.com.br\/index.php?rest_route=%2Fwp%2Fv2%2Fproduct_tag&post=1283"}],"curies":[{"name":"wp","href":"https:\/\/api.w.org\/{rel}","templated":true}]}}