{"id":1278,"date":"2024-01-18T17:04:59","date_gmt":"2024-01-18T20:04:59","guid":{"rendered":"https:\/\/livrariamaveshop.com.br\/?post_type=product&#038;p=1278"},"modified":"2024-01-18T17:04:59","modified_gmt":"2024-01-18T20:04:59","slug":"uma-vida-cheia-do-espirito","status":"publish","type":"product","link":"https:\/\/livrariamaveshop.com.br\/?product=uma-vida-cheia-do-espirito","title":{"rendered":"Uma Vida Cheia do Esp\u00edrito"},"content":{"rendered":"<p>Deus confirmou o minist\u00e9rio de Smith Wigglesworth atrav\u00e9s de poderosos sinais e maravilhas, que inclu\u00edram restaura\u00e7\u00e3o da audi\u00e7\u00e3o e da vis\u00e3o, forma\u00e7\u00e3o criativa de membros que faltavam, desaparecimento de tumores cancerosos, recupera\u00e7\u00e3o da integridade mental de insanos e a ressurrei\u00e7\u00e3o de muitos indiv\u00edduos. Suas palavras continuam a trazer cura espiritual, emocional e f\u00edsica enquanto inspiram e edificam a f\u00e9.<\/p>\n<p>Nas mensagens poderosas transcritas neste livro, Smith Wigglesworth revela os privil\u00e9gios que pertencem aos crist\u00e3os e como eles podem reinvidicar sua rica heran\u00e7a em Cristo. Estas p\u00e1ginas inspirar\u00e3o sua f\u00e9 e ampliar\u00e3o sua vis\u00e3o enquanto voc\u00ea aprende a:<\/p>\n<p>\u2022 Garantir o favor de Deus em sua vida;<br \/>\n\u2022 Receber liberta\u00e7\u00e3o do pecado;<br \/>\n\u2022 Assumir sua autoridade sobre Satan\u00e1s;<br \/>\n\u2022 Viver na alegria do Senhor;<br \/>\n\u2022 Experimentar a dimens\u00e3o dos milagres;<br \/>\n\u2022 Receber sa\u00fade e plenitude divina.<\/p>\n<p>Descubra o poder que est\u00e1 dispon\u00edvel para voc\u00ea agora mesmo atrav\u00e9s de Cristo e saia de uma vida comum para uma vida extraordin\u00e1ria, enquanto a gra\u00e7a de Deus transforma todo o seu ser!<\/p>\n","protected":false},"excerpt":{"rendered":"<p>Deus confirmou o minist\u00e9rio de Smith Wigglesworth atrav\u00e9s de poderosos sinais e maravilhas, que inclu\u00edram restaura\u00e7\u00e3o da audi\u00e7\u00e3o e da vis\u00e3o, forma\u00e7\u00e3o criativa de membros que faltavam, desaparecimento de tumores cancerosos, recupera\u00e7\u00e3o da integridade mental de insanos e a ressurrei\u00e7\u00e3o de muitos indiv\u00edduos. Suas palavras continuam a trazer cura espiritual, emocional e f\u00edsica enquanto inspiram [&hellip;]<\/p>\n","protected":false},"featured_media":1282,"comment_status":"closed","ping_status":"closed","template":"","meta":{"_joinchat":[]},"pwb-brand":[41],"product_cat":[66],"product_tag":[],"class_list":{"0":"post-1278","1":"product","2":"type-product","3":"status-publish","4":"has-post-thumbnail","6":"pwb-brand-smith-wigglesworth","7":"product_cat-espirito-santo","8":"product_shipping_class-geral","10":"first","11":"instock","12":"taxable","13":"shipping-taxable","14":"purchasable","15":"product-type-simple"},"brands":[{"id":41,"name":"SMITH WIGGLESWORTH","slug":"smith-wigglesworth"}],"_links":{"self":[{"href":"https:\/\/livrariamaveshop.com.br\/index.php?rest_route=\/wp\/v2\/product\/1278","targetHints":{"allow":["GET"]}}],"collection":[{"href":"https:\/\/livrariamaveshop.com.br\/index.php?rest_route=\/wp\/v2\/product"}],"about":[{"href":"https:\/\/livrariamaveshop.com.br\/index.php?rest_route=\/wp\/v2\/types\/product"}],"replies":[{"embeddable":true,"href":"https:\/\/livrariamaveshop.com.br\/index.php?rest_route=%2Fwp%2Fv2%2Fcomments&post=1278"}],"wp:featuredmedia":[{"embeddable":true,"href":"https:\/\/livrariamaveshop.com.br\/index.php?rest_route=\/wp\/v2\/media\/1282"}],"wp:attachment":[{"href":"https:\/\/livrariamaveshop.com.br\/index.php?rest_route=%2Fwp%2Fv2%2Fmedia&parent=1278"}],"wp:term":[{"taxonomy":"pwb-brand","embeddable":true,"href":"https:\/\/livrariamaveshop.com.br\/index.php?rest_route=%2Fwp%2Fv2%2Fpwb-brand&post=1278"},{"taxonomy":"product_cat","embeddable":true,"href":"https:\/\/livrariamaveshop.com.br\/index.php?rest_route=%2Fwp%2Fv2%2Fproduct_cat&post=1278"},{"taxonomy":"product_tag","embeddable":true,"href":"https:\/\/livrariamaveshop.com.br\/index.php?rest_route=%2Fwp%2Fv2%2Fproduct_tag&post=1278"}],"curies":[{"name":"wp","href":"https:\/\/api.w.org\/{rel}","templated":true}]}}